
{"id":27031,"date":"2023-05-23T09:18:00","date_gmt":"2023-05-23T09:18:00","guid":{"rendered":"https:\/\/rapportactivite.cjf.lu\/?page_id=27031"},"modified":"2023-07-21T09:56:59","modified_gmt":"2023-07-21T09:56:59","slug":"creches-et-maisons-relais","status":"publish","type":"page","link":"https:\/\/rapportactivite.cjf.lu\/?page_id=27031","title":{"rendered":"Cr\u00e8ches et Maisons Relais"},"content":{"rendered":"\t\t<div data-elementor-type=\"wp-page\" data-elementor-id=\"27031\" class=\"elementor elementor-27031\">\n\t\t\t\t\t\t\t\t\t<section class=\"elementor-section elementor-top-section elementor-element elementor-element-96f04d2 elementor-section-boxed elementor-section-height-default elementor-section-height-default edgtf-elementor-container-no edgtf-section edgtf-parallax-section-holder-touch-disabled edgtf-parallax-section-no\" data-id=\"96f04d2\" data-element_type=\"section\">\n\t\t\t\t\t\t<div class=\"elementor-container elementor-column-gap-default\">\n\t\t\t\t\t<div class=\"elementor-column elementor-col-100 elementor-top-column elementor-element elementor-element-ea2bcd7\" data-id=\"ea2bcd7\" data-element_type=\"column\">\n\t\t\t<div class=\"elementor-widget-wrap elementor-element-populated\">\n\t\t\t\t\t\t\t\t<div class=\"elementor-element elementor-element-7fff202 elementor-widget elementor-widget-text-editor\" data-id=\"7fff202\" data-element_type=\"widget\" data-widget_type=\"text-editor.default\">\n\t\t\t\t<div class=\"elementor-widget-container\">\n\t\t\t<style>\/*! elementor - v3.6.5 - 27-04-2022 *\/\n.elementor-widget-text-editor.elementor-drop-cap-view-stacked .elementor-drop-cap{background-color:#818a91;color:#fff}.elementor-widget-text-editor.elementor-drop-cap-view-framed .elementor-drop-cap{color:#818a91;border:3px solid;background-color:transparent}.elementor-widget-text-editor:not(.elementor-drop-cap-view-default) .elementor-drop-cap{margin-top:8px}.elementor-widget-text-editor:not(.elementor-drop-cap-view-default) .elementor-drop-cap-letter{width:1em;height:1em}.elementor-widget-text-editor .elementor-drop-cap{float:left;text-align:center;line-height:1;font-size:50px}.elementor-widget-text-editor .elementor-drop-cap-letter{display:inline-block}<\/style>\t\t\t\t<p style=\"font-weight: 400;\">Nos 14 cr\u00e8ches et 13 Maisons Relais furent tr\u00e8s actives en 2022. Les projets, tout au long de l\u2019ann\u00e9e s\u2019articul\u00e8rent autour des grands axes de l\u2019\u00e9ducation non formelle.<\/p><ul style=\"font-weight: 400;\"><li><strong>SCIENCES NATURELLES ET TECHNIQUES<\/strong><\/li><\/ul><p class=\"MsoNormal\">Nous avons depuis quelques ann\u00e9es d\u00e9velopp\u00e9 de nombreux projets, organis\u00e9 l\u2019emploi du temps de nos cr\u00e8ches et maisons relais afin que nos enfants passent de plus en plus de temps dans la nature. Nous avons pu constater les b\u00e9n\u00e9fices imm\u00e9diats aupr\u00e8s des enfants\u00a0: la libert\u00e9 de d\u00e9couvrir \u00e0 leur rythme leur procure de la s\u00e9r\u00e9nit\u00e9 et de la joie. \u00catre au contact de la nature, comprendre son organisation, ses r\u00e8gles est passionnant pour les enfants.<\/p><p>\u00a0<\/p><p class=\"MsoNormal\">Nous souhaitons aller plus loin en 2023\u00a0: nous comprenons l\u2019impact positif que la nature peut avoir sur nous, mais quel impact avons-nous sur la nature\u00a0?\u00a0<\/p><ul style=\"font-weight: 400;\"><li><strong>ESTHETIQUE, CREATIVITE ET ARTS<\/strong><\/li><\/ul><p>2 cr\u00e8ches, 4 maisons relais, 1 groupe de vie et une maison de jeunes ont particip\u00e9 au projet \u00ab\u00a0Feelings and Emotions\u00a0\u00bb facilit\u00e9 par l\u2019artiste Thomas Iser. Ce projet a inspir\u00e9 nos \u00e9quipes \u00e0 d\u00e9velopper plus de projets cr\u00e9atifs avec les enfants\u00a0: en effet, les \u00e9quipes ont pu constater qu\u2019au-del\u00e0 du bien-\u00eatre que la production cr\u00e9ative a procur\u00e9 chez les enfants, la coop\u00e9ration a eu un franc succ\u00e8s. Il s\u2019agissait d\u2019un projet commun entre les structures, les \u00e9quipes, les jeunes et les enfants. La toile voyageait toutes les semaines, voire plusieurs fois par semaine, passant de structures en structures. Chaque jeune artiste y d\u00e9couvrait les messages, symboles et \u00e9motions transcrites par les autres, avant de pouvoir en faire de m\u00eame.\u00a0<\/p><p>Un projet porteur de valeurs fortes\u00a0: coop\u00e9ration, bienveillance et respect.<\/p><ul style=\"font-weight: 400;\"><li><strong>MOUVEMENT, CONSCIENCE CORPORELLE ET SANTE<\/strong><\/li><\/ul><p>Nous souhaitions en 2022 favoriser le volet mouvement, particuli\u00e8rement dans la petite enfance. Nous avons r\u00e9alis\u00e9 que les projets autour du mouvement gagneraient \u00e0 \u00eatre coordonn\u00e9s et soutenus. Nous avons pris la d\u00e9cision de recruter 1 coordinateur sportif afin de relever ces d\u00e9fis. Nous avions l\u2019ambition de trouver un collaborateur qui puisse encourager les \u00e9quipes en les accompagnant, transmettant des connaissances, des outils et des id\u00e9es. Notre nouvelle coordinatrice sportive, recrut\u00e9e en 2022, a relev\u00e9 ces d\u00e9fis tout en insufflant de nouvelles id\u00e9es de projets\u00a0!<\/p><ul style=\"font-weight: 400;\"><li><strong>COLLABORATION AVEC LES PARENTS<\/strong><\/li><\/ul><p>Le partenariat avec les parents est un volet que nous savons indispensable au d\u00e9veloppement de l\u2019enfant. Nous utilisons tous les canaux possibles pour maintenir et favoriser le lien\u00a0: d\u00e9jeuners, s\u00e9ances d\u2019information, c\u00e9l\u00e9brations d\u2019hiver, d\u2019\u00e9t\u00e9 ou multiculturelles. Nous remarquons l\u2019engouement, l\u2019engagement et l\u2019implication des parents lors de chaque \u00e9v\u00e9nement.<\/p><ul><li><strong>EMOTIONS ET RELATIONS SOCIALES<\/strong><\/li><\/ul><p>Nous sommes convaincus par l\u2019effet multiplicateur, c\u2019est-\u00e0-dire l\u2019impact positif qu\u2019un projet commun peut avoir sur l\u2019ensemble des \u00e9quipes, des enfants et des jeunes. C\u2019est pourquoi nous avons conserv\u00e9 2 \u00e9v\u00e9nements annuels auxquels nos collaborateurs, enfants et jeunes participent\u00a0: la Quinzaine de la Bientraitance et la Semaine des Droits de l\u2019Enfants. Ces deux \u00e9v\u00e9nements nous permettre de nous recentrer sur l\u2019importance des \u00e9motions, du bien-\u00eatre et de la parole de l\u2019enfant et du jeune\u00a0: en 2022, le th\u00e8me de la Quinzaine de la Bientraitance \u00e9tait \u00ab\u00a0La bientraitance, pour moi c\u2019est\u2026\u00a0\u00bb et la Semaine des Droits de l\u2019Enfant \u00e9tait consacr\u00e9e au droit de jouer.\u00a0<\/p><p>Nous continuerons \u00e0 maintenir ces \u00e9v\u00e9nements et souhaitons approfondir le th\u00e8me des \u00e9motions, de leur importance dans le bien-\u00eatre et la sant\u00e9 mentale de tous.<\/p>\t\t\t\t\t\t<\/div>\n\t\t\t\t<\/div>\n\t\t\t\t\t<\/div>\n\t\t<\/div>\n\t\t\t\t\t\t\t<\/div>\n\t\t<\/section>\n\t\t\t\t<section class=\"elementor-section elementor-top-section elementor-element elementor-element-ddcdeb0 elementor-section-boxed elementor-section-height-default elementor-section-height-default edgtf-elementor-container-no edgtf-section edgtf-parallax-section-holder-touch-disabled edgtf-parallax-section-no\" data-id=\"ddcdeb0\" data-element_type=\"section\" data-settings=\"{&quot;background_background&quot;:&quot;classic&quot;}\">\n\t\t\t\t\t\t<div class=\"elementor-container elementor-column-gap-default\">\n\t\t\t\t\t<div class=\"elementor-column elementor-col-100 elementor-top-column elementor-element elementor-element-f02af88\" data-id=\"f02af88\" data-element_type=\"column\" data-settings=\"{&quot;background_background&quot;:&quot;classic&quot;}\">\n\t\t\t<div class=\"elementor-widget-wrap\">\n\t\t\t\t\t\t\t\t\t<\/div>\n\t\t<\/div>\n\t\t\t\t\t\t\t<\/div>\n\t\t<\/section>\n\t\t\t\t\t\t\t<\/div>\n\t\t","protected":false},"excerpt":{"rendered":"<p>Nos 14 cr\u00e8ches et 13 Maisons Relais furent tr\u00e8s actives en 2022. Les projets, tout au long de l\u2019ann\u00e9e s\u2019articul\u00e8rent autour des grands axes de l\u2019\u00e9ducation non formelle. SCIENCES NATURELLES ET TECHNIQUES Nous avons depuis quelques ann\u00e9es d\u00e9velopp\u00e9 de nombreux projets, organis\u00e9 l\u2019emploi du temps&#8230;<\/p>\n","protected":false},"author":2,"featured_media":0,"parent":26383,"menu_order":0,"comment_status":"closed","ping_status":"closed","template":"full-width.php","meta":[],"_links":{"self":[{"href":"https:\/\/rapportactivite.cjf.lu\/index.php?rest_route=\/wp\/v2\/pages\/27031"}],"collection":[{"href":"https:\/\/rapportactivite.cjf.lu\/index.php?rest_route=\/wp\/v2\/pages"}],"about":[{"href":"https:\/\/rapportactivite.cjf.lu\/index.php?rest_route=\/wp\/v2\/types\/page"}],"author":[{"embeddable":true,"href":"https:\/\/rapportactivite.cjf.lu\/index.php?rest_route=\/wp\/v2\/users\/2"}],"replies":[{"embeddable":true,"href":"https:\/\/rapportactivite.cjf.lu\/index.php?rest_route=%2Fwp%2Fv2%2Fcomments&post=27031"}],"version-history":[{"count":32,"href":"https:\/\/rapportactivite.cjf.lu\/index.php?rest_route=\/wp\/v2\/pages\/27031\/revisions"}],"predecessor-version":[{"id":27330,"href":"https:\/\/rapportactivite.cjf.lu\/index.php?rest_route=\/wp\/v2\/pages\/27031\/revisions\/27330"}],"up":[{"embeddable":true,"href":"https:\/\/rapportactivite.cjf.lu\/index.php?rest_route=\/wp\/v2\/pages\/26383"}],"wp:attachment":[{"href":"https:\/\/rapportactivite.cjf.lu\/index.php?rest_route=%2Fwp%2Fv2%2Fmedia&parent=27031"}],"curies":[{"name":"wp","href":"https:\/\/api.w.org\/{rel}","templated":true}]}}