
{"id":27001,"date":"2023-05-23T08:56:17","date_gmt":"2023-05-23T08:56:17","guid":{"rendered":"https:\/\/rapportactivite.cjf.lu\/?page_id=27001"},"modified":"2023-07-14T08:28:15","modified_gmt":"2023-07-14T08:28:15","slug":"remise-du-label-ssl-maison-relais-an-der-dalt%ef%bf%bc","status":"publish","type":"page","link":"https:\/\/rapportactivite.cjf.lu\/?page_id=27001","title":{"rendered":"Remise du label SSL &#8211; Maison Relais An der D\u00e4lt\ufffc"},"content":{"rendered":"\t\t<div data-elementor-type=\"wp-page\" data-elementor-id=\"27001\" class=\"elementor elementor-27001\">\n\t\t\t\t\t\t\t\t\t<section class=\"elementor-section elementor-top-section elementor-element elementor-element-68973fa elementor-section-full_width edgtf-elementor-container-inner elementor-section-height-default elementor-section-height-default edgtf-section edgtf-parallax-section-holder-touch-disabled edgtf-parallax-section-no\" data-id=\"68973fa\" data-element_type=\"section\" data-settings=\"{&quot;background_background&quot;:&quot;classic&quot;}\">\n\t\t\t\t\t\t<div class=\"elementor-container elementor-column-gap-default\">\n\t\t\t\t\t<div class=\"elementor-column elementor-col-100 elementor-top-column elementor-element elementor-element-2011edd\" data-id=\"2011edd\" data-element_type=\"column\">\n\t\t\t<div class=\"elementor-widget-wrap elementor-element-populated\">\n\t\t\t\t\t\t\t\t<div class=\"elementor-element elementor-element-9186884 elementor-widget elementor-widget-text-editor\" data-id=\"9186884\" data-element_type=\"widget\" data-widget_type=\"text-editor.default\">\n\t\t\t\t<div class=\"elementor-widget-container\">\n\t\t\t<style>\/*! elementor - v3.6.5 - 27-04-2022 *\/\n.elementor-widget-text-editor.elementor-drop-cap-view-stacked .elementor-drop-cap{background-color:#818a91;color:#fff}.elementor-widget-text-editor.elementor-drop-cap-view-framed .elementor-drop-cap{color:#818a91;border:3px solid;background-color:transparent}.elementor-widget-text-editor:not(.elementor-drop-cap-view-default) .elementor-drop-cap{margin-top:8px}.elementor-widget-text-editor:not(.elementor-drop-cap-view-default) .elementor-drop-cap-letter{width:1em;height:1em}.elementor-widget-text-editor .elementor-drop-cap{float:left;text-align:center;line-height:1;font-size:50px}.elementor-widget-text-editor .elementor-drop-cap-letter{display:inline-block}<\/style>\t\t\t\t<div class=\"wpb_text_column wpb_content_element \">\n<div class=\"wpb_wrapper\">\n<h2>Remise du label SSL | Maison Relais An der D\u00e4lt<\/h2>\n<\/div>\n<\/div>\t\t\t\t\t\t<\/div>\n\t\t\t\t<\/div>\n\t\t\t\t<div class=\"elementor-element elementor-element-ae59e4f elementor-widget elementor-widget-edgtf_separator\" data-id=\"ae59e4f\" data-element_type=\"widget\" data-widget_type=\"edgtf_separator.default\">\n\t\t\t\t<div class=\"elementor-widget-container\">\n\t\t\t<div class=\"edgtf-separator-holder clearfix  edgtf-separator-left edgtf-separator-normal\">\n\t<div class=\"edgtf-separator\" style=\"border-color: #FFB422;width: 55px;border-bottom-width: 3px;margin-top: 25px;margin-bottom: 25px\"><\/div>\n<\/div>\n\t\t<\/div>\n\t\t\t\t<\/div>\n\t\t\t\t<div class=\"elementor-element elementor-element-b5be802 elementor-widget elementor-widget-text-editor\" data-id=\"b5be802\" data-element_type=\"widget\" data-widget_type=\"text-editor.default\">\n\t\t\t\t<div class=\"elementor-widget-container\">\n\t\t\t\t\t\t\t<p>Le label \u00ab <a href=\"https:\/\/www.sou-schmaacht-letzebuerg.lu\/fr\">Sou schmaacht L\u00ebtzebuerg<\/a>&nbsp;<span style=\"font-family: &quot;Times New Roman&quot;, serif; font-size: 12pt; color: var( --e-global-color-text ); font-weight: var( --e-global-typography-text-font-weight );\">\u00bb&nbsp;<\/span><span style=\"color: var( --e-global-color-text ); font-family: var( --e-global-typography-text-font-family ), Sans-serif; font-weight: var( --e-global-typography-text-font-weight );\">(\u00ab Savourez le Luxembourg&nbsp;<\/span><span style=\"font-family: &quot;Times New Roman&quot;, serif; font-size: 12pt; color: var( --e-global-color-text ); font-weight: var( --e-global-typography-text-font-weight );\">\u00bb<\/span><span style=\"color: var( --e-global-color-text ); font-family: var( --e-global-typography-text-font-family ), Sans-serif; font-weight: var( --e-global-typography-text-font-weight );\">) a \u00e9t\u00e9 remis officiellement \u00e0 la cantine de la Maison Relais de Schuttrange, le 9 juin 2022. Ce label reconna\u00eet l\u2019engagement de la Maison Relais et de la Commune, envers les producteurs locaux.<\/span><\/p>\n<p>Le locavorisme est une valeur importante puisqu\u2019il contribue \u00e0 favoriser la consommation et la production locale.<\/p>\n<p>Nous sommes heureux de pouvoir figurer parmi les 187 restaurants et cantines participants.<\/p>\t\t\t\t\t\t<\/div>\n\t\t\t\t<\/div>\n\t\t\t\t\t<\/div>\n\t\t<\/div>\n\t\t\t\t\t\t\t<\/div>\n\t\t<\/section>\n\t\t\t\t<section class=\"elementor-section elementor-top-section elementor-element elementor-element-ddcdeb0 elementor-section-boxed elementor-section-height-default elementor-section-height-default edgtf-elementor-container-no edgtf-section edgtf-parallax-section-holder-touch-disabled edgtf-parallax-section-no\" data-id=\"ddcdeb0\" data-element_type=\"section\" data-settings=\"{&quot;background_background&quot;:&quot;classic&quot;}\">\n\t\t\t\t\t\t<div class=\"elementor-container elementor-column-gap-default\">\n\t\t\t\t\t<div class=\"elementor-column elementor-col-100 elementor-top-column elementor-element elementor-element-f02af88\" data-id=\"f02af88\" data-element_type=\"column\" data-settings=\"{&quot;background_background&quot;:&quot;classic&quot;}\">\n\t\t\t<div class=\"elementor-widget-wrap elementor-element-populated\">\n\t\t\t\t\t\t\t\t<div class=\"elementor-element elementor-element-f7db8fb elementor-widget elementor-widget-edgtf_call_to_action\" data-id=\"f7db8fb\" data-element_type=\"widget\" data-widget_type=\"edgtf_call_to_action.default\">\n\t\t\t\t<div class=\"elementor-widget-container\">\n\t\t\t\t<div class=\"edgtf-call-to-action normal\" style=\"background-color: #FCBF48;\">\n\n\t\t\t\t<div class=\"edgtf-container-inner\">\n\t\t\t\t\t<div class=\"edgtf-call-to-action-row-50-50 clearfix\" >\n\t\t\t\t\t\t<div class=\"edgtf-text-wrapper edgtf-call-to-action-column1 edgtf-call-to-action-cell \">\n\t\t\t\t\t<div class=\"edgtf-call-to-action-text\" style=\"text-align: center\">\t\t\t\t\t\t\t\t\t\t\t<\/div>\n\t\t\t\t<\/div>\n\n\t\t\t\t\t\t\t\t\t<div class=\"edgtf-button-wrapper edgtf-call-to-action-column2 edgtf-call-to-action-cell\" style =\"text-align: center ;\">\n\t\t\t\t\t\t<a itemprop=\"url\" href=\"https:\/\/rapportactivite.cjf.lu\/?page_id=26383\" target=\"_self\" style=\"color: #FFFFFF;background-color: #FCBF48;border-color: #FFFFFF\" class=\"edgtf-btn edgtf-btn-medium edgtf-btn-solid edgtf-btn-custom-hover-bg edgtf-btn-custom-hover-color\" data-hover-bg-color=\"#FFFFFF\" data-hover-color=\"#212121\" >\t<span class=\"edgtf-btn-text\">Retour<\/span>    <\/a>\t\t\t\t\t<\/div>\n\t\t\t\t\t\t\t<\/div>\n\t\t\t\t<\/div>\n\t\t\t<\/div>\n\t\t<\/div>\n\t\t\t\t<\/div>\n\t\t\t\t\t<\/div>\n\t\t<\/div>\n\t\t\t\t\t\t\t<\/div>\n\t\t<\/section>\n\t\t\t\t\t\t\t<\/div>\n\t\t","protected":false},"excerpt":{"rendered":"<p>Remise du label SSL | Maison Relais An der D\u00e4lt Le label \u00ab Sou schmaacht L\u00ebtzebuerg&nbsp;\u00bb&nbsp;(\u00ab Savourez le Luxembourg&nbsp;\u00bb) a \u00e9t\u00e9 remis officiellement \u00e0 la cantine de la Maison Relais de Schuttrange, le 9 juin 2022. Ce label reconna\u00eet l\u2019engagement de la Maison Relais et&#8230;<\/p>\n","protected":false},"author":2,"featured_media":0,"parent":26383,"menu_order":0,"comment_status":"closed","ping_status":"closed","template":"full-width.php","meta":[],"_links":{"self":[{"href":"https:\/\/rapportactivite.cjf.lu\/index.php?rest_route=\/wp\/v2\/pages\/27001"}],"collection":[{"href":"https:\/\/rapportactivite.cjf.lu\/index.php?rest_route=\/wp\/v2\/pages"}],"about":[{"href":"https:\/\/rapportactivite.cjf.lu\/index.php?rest_route=\/wp\/v2\/types\/page"}],"author":[{"embeddable":true,"href":"https:\/\/rapportactivite.cjf.lu\/index.php?rest_route=\/wp\/v2\/users\/2"}],"replies":[{"embeddable":true,"href":"https:\/\/rapportactivite.cjf.lu\/index.php?rest_route=%2Fwp%2Fv2%2Fcomments&post=27001"}],"version-history":[{"count":19,"href":"https:\/\/rapportactivite.cjf.lu\/index.php?rest_route=\/wp\/v2\/pages\/27001\/revisions"}],"predecessor-version":[{"id":27243,"href":"https:\/\/rapportactivite.cjf.lu\/index.php?rest_route=\/wp\/v2\/pages\/27001\/revisions\/27243"}],"up":[{"embeddable":true,"href":"https:\/\/rapportactivite.cjf.lu\/index.php?rest_route=\/wp\/v2\/pages\/26383"}],"wp:attachment":[{"href":"https:\/\/rapportactivite.cjf.lu\/index.php?rest_route=%2Fwp%2Fv2%2Fmedia&parent=27001"}],"curies":[{"name":"wp","href":"https:\/\/api.w.org\/{rel}","templated":true}]}}