
{"id":26977,"date":"2023-05-23T07:59:09","date_gmt":"2023-05-23T07:59:09","guid":{"rendered":"https:\/\/rapportactivite.cjf.lu\/?page_id=26977"},"modified":"2023-07-21T09:58:13","modified_gmt":"2023-07-21T09:58:13","slug":"latelier-zeralda-oppend-haus-pafendall","status":"publish","type":"page","link":"https:\/\/rapportactivite.cjf.lu\/?page_id=26977","title":{"rendered":"L\u2019atelier Zeralda &#8211; oppend Haus Pafendall"},"content":{"rendered":"\t\t<div data-elementor-type=\"wp-page\" data-elementor-id=\"26977\" class=\"elementor elementor-26977\">\n\t\t\t\t\t\t\t\t\t<section class=\"elementor-section elementor-top-section elementor-element elementor-element-96f04d2 elementor-section-boxed elementor-section-height-default elementor-section-height-default edgtf-elementor-container-no edgtf-section edgtf-parallax-section-holder-touch-disabled edgtf-parallax-section-no\" data-id=\"96f04d2\" data-element_type=\"section\">\n\t\t\t\t\t\t<div class=\"elementor-container elementor-column-gap-default\">\n\t\t\t\t\t<div class=\"elementor-column elementor-col-50 elementor-top-column elementor-element elementor-element-4a008da\" data-id=\"4a008da\" data-element_type=\"column\">\n\t\t\t<div class=\"elementor-widget-wrap elementor-element-populated\">\n\t\t\t\t\t\t\t\t<div class=\"elementor-element elementor-element-7fff202 elementor-widget elementor-widget-text-editor\" data-id=\"7fff202\" data-element_type=\"widget\" data-widget_type=\"text-editor.default\">\n\t\t\t\t<div class=\"elementor-widget-container\">\n\t\t\t<style>\/*! elementor - v3.6.5 - 27-04-2022 *\/\n.elementor-widget-text-editor.elementor-drop-cap-view-stacked .elementor-drop-cap{background-color:#818a91;color:#fff}.elementor-widget-text-editor.elementor-drop-cap-view-framed .elementor-drop-cap{color:#818a91;border:3px solid;background-color:transparent}.elementor-widget-text-editor:not(.elementor-drop-cap-view-default) .elementor-drop-cap{margin-top:8px}.elementor-widget-text-editor:not(.elementor-drop-cap-view-default) .elementor-drop-cap-letter{width:1em;height:1em}.elementor-widget-text-editor .elementor-drop-cap{float:left;text-align:center;line-height:1;font-size:50px}.elementor-widget-text-editor .elementor-drop-cap-letter{display:inline-block}<\/style>\t\t\t\t<p>L\u2019Atelier Zeralda-oppend Haus Pafendall est une maison pour tous\u00a0: c\u2019est une plateforme importante pour les habitants des quartiers Pfaffenthal, Clausen, Neudorf et Grund. Les r\u00e9sidents peuvent avoir acc\u00e8s \u00e0 la <a href=\"https:\/\/www.cjf.lu\/?page_id=21897\">maison relais<\/a>, au service <a href=\"https:\/\/www.cjf.lu\/?page_id=22016\">Kand a Famil<\/a>, au <a href=\"https:\/\/www.cjf.lu\/?page_id=21968\">service Quartier<\/a> et enfin au service <a href=\"https:\/\/www.cjf.lu\/?page_id=22137\">Streetwork<\/a>. Ces 4 services ont vocation de r\u00e9pondre aux besoins des r\u00e9sidents de tout \u00e2ge ou culture.<\/p><p>\u00a0<\/p><p>Une solidarit\u00e9 tr\u00e8s forte a \u00e9t\u00e9 observ\u00e9e chez les habitants des quartiers malgr\u00e9 l\u2019impact notable que les \u00e9v\u00e9nements de l\u2019ann\u00e9e 2022 a pu avoir sur eux. La solidarit\u00e9 s\u2019est retrouv\u00e9e sous plusieurs formes\u00a0: l\u2019engouement et l\u2019investissement des habitants dans la r\u00e9alisation de projets tels que \u00ab\u00a0la soir\u00e9e Zeralda\u00a0\u00bb ou le \u00ab\u00a0Pafendaller Floumart\u00a0\u00bb ou bien encore le journal \u00ab\u00a0Am Pays\u00a0\u00bb. Le journal, \u00e9crit par le service Quartier, est un moyen permettant de donner une voix aux habitants qui le souhaitent ou aux associations des quartiers. En 2022, il a eu beaucoup de succ\u00e8s et il continuera a se d\u00e9velopper dans les ann\u00e9es \u00e0 venir.<\/p><p>\u00a0<\/p><p>En 2022, les \u00e9quipes de l\u2019Atelier Zeralda-oppend Haus Pafendall ont adopt\u00e9 l\u2019application <a href=\"https:\/\/www.vdl.lu\/fr\/la-ville\/engagements-de-la-ville\/ville-intelligente\/smart-people\/hoplr\">HOPLR<\/a> pour les r\u00e9sidents\u00a0: l\u2019application HOPLR est une application soutenue par la Ville de Luxembourg. Elle est vou\u00e9e \u00e0 promouvoir l\u2019entraide entre voisins, d\u2019annoncer des \u00e9v\u00e8nements locaux, d\u2019\u00e9changer des outils ou des services. Cette application est de plus en plus utilis\u00e9e et promeut une communication positive entre les r\u00e9sidents et les services.<\/p>\t\t\t\t\t\t<\/div>\n\t\t\t\t<\/div>\n\t\t\t\t\t<\/div>\n\t\t<\/div>\n\t\t\t\t<div class=\"elementor-column elementor-col-50 elementor-top-column elementor-element elementor-element-ea2bcd7\" data-id=\"ea2bcd7\" data-element_type=\"column\">\n\t\t\t<div class=\"elementor-widget-wrap elementor-element-populated\">\n\t\t\t\t\t\t\t\t<div class=\"elementor-element elementor-element-db1d090 elementor-widget elementor-widget-image-gallery\" data-id=\"db1d090\" data-element_type=\"widget\" data-widget_type=\"image-gallery.default\">\n\t\t\t\t<div class=\"elementor-widget-container\">\n\t\t\t<style>\/*! elementor - v3.6.5 - 27-04-2022 *\/\n.elementor-image-gallery .gallery-item{display:inline-block;text-align:center;vertical-align:top;width:100%;max-width:100%;margin:0 auto}.elementor-image-gallery .gallery-item img{margin:0 auto}.elementor-image-gallery .gallery-item .gallery-caption{margin:0}.elementor-image-gallery figure img{display:block}.elementor-image-gallery figure figcaption{width:100%}.gallery-spacing-custom .elementor-image-gallery .gallery-icon{padding:0}@media (min-width:768px){.elementor-image-gallery .gallery-columns-2 .gallery-item{max-width:50%}.elementor-image-gallery .gallery-columns-3 .gallery-item{max-width:33.33%}.elementor-image-gallery .gallery-columns-4 .gallery-item{max-width:25%}.elementor-image-gallery .gallery-columns-5 .gallery-item{max-width:20%}.elementor-image-gallery .gallery-columns-6 .gallery-item{max-width:16.666%}.elementor-image-gallery .gallery-columns-7 .gallery-item{max-width:14.28%}.elementor-image-gallery .gallery-columns-8 .gallery-item{max-width:12.5%}.elementor-image-gallery .gallery-columns-9 .gallery-item{max-width:11.11%}.elementor-image-gallery .gallery-columns-10 .gallery-item{max-width:10%}}@media (min-width:480px) and (max-width:767px){.elementor-image-gallery .gallery.gallery-columns-2 .gallery-item,.elementor-image-gallery .gallery.gallery-columns-3 .gallery-item,.elementor-image-gallery .gallery.gallery-columns-4 .gallery-item,.elementor-image-gallery .gallery.gallery-columns-5 .gallery-item,.elementor-image-gallery .gallery.gallery-columns-6 .gallery-item,.elementor-image-gallery .gallery.gallery-columns-7 .gallery-item,.elementor-image-gallery .gallery.gallery-columns-8 .gallery-item,.elementor-image-gallery .gallery.gallery-columns-9 .gallery-item,.elementor-image-gallery .gallery.gallery-columns-10 .gallery-item{max-width:50%}}@media (max-width:479px){.elementor-image-gallery .gallery.gallery-columns-2 .gallery-item,.elementor-image-gallery .gallery.gallery-columns-3 .gallery-item,.elementor-image-gallery .gallery.gallery-columns-4 .gallery-item,.elementor-image-gallery .gallery.gallery-columns-5 .gallery-item,.elementor-image-gallery .gallery.gallery-columns-6 .gallery-item,.elementor-image-gallery .gallery.gallery-columns-7 .gallery-item,.elementor-image-gallery .gallery.gallery-columns-8 .gallery-item,.elementor-image-gallery .gallery.gallery-columns-9 .gallery-item,.elementor-image-gallery .gallery.gallery-columns-10 .gallery-item{max-width:100%}}<\/style>\t\t<div class=\"elementor-image-gallery\">\n\t\t\t\n\t\t<style type=\"text\/css\">\n\t\t\t#gallery-1 {\n\t\t\t\tmargin: auto;\n\t\t\t}\n\t\t\t#gallery-1 .gallery-item {\n\t\t\t\tfloat: left;\n\t\t\t\tmargin-top: 10px;\n\t\t\t\ttext-align: center;\n\t\t\t\twidth: 50%;\n\t\t\t}\n\t\t\t#gallery-1 img {\n\t\t\t\tborder: 2px solid #cfcfcf;\n\t\t\t}\n\t\t\t#gallery-1 .gallery-caption {\n\t\t\t\tmargin-left: 0;\n\t\t\t}\n\t\t\t\/* see gallery_shortcode() in wp-includes\/media.php *\/\n\t\t<\/style>\n\t\t<div id='gallery-1' class='gallery galleryid-26977 gallery-columns-2 gallery-size-large'><dl class='gallery-item'>\n\t\t\t<dt class='gallery-icon landscape'>\n\t\t\t\t<a data-elementor-open-lightbox=\"yes\" data-elementor-lightbox-slideshow=\"db1d090\" data-elementor-lightbox-title=\"IMG_1801\" e-action-hash=\"#elementor-action%3Aaction%3Dlightbox%26settings%3DeyJpZCI6MjY5ODAsInVybCI6Imh0dHBzOlwvXC9yYXBwb3J0YWN0aXZpdGUuY2pmLmx1XC93cC1jb250ZW50XC91cGxvYWRzXC8yMDIzXC8wNVwvSU1HXzE4MDEuanBnIiwic2xpZGVzaG93IjoiZGIxZDA5MCJ9\" href='https:\/\/rapportactivite.cjf.lu\/wp-content\/uploads\/2023\/05\/IMG_1801.jpg'><img width=\"1024\" height=\"562\" src=\"https:\/\/rapportactivite.cjf.lu\/wp-content\/uploads\/2023\/05\/IMG_1801-1024x562.jpg\" class=\"attachment-large size-large\" alt=\"\" loading=\"lazy\" srcset=\"https:\/\/rapportactivite.cjf.lu\/wp-content\/uploads\/2023\/05\/IMG_1801-1024x562.jpg 1024w, https:\/\/rapportactivite.cjf.lu\/wp-content\/uploads\/2023\/05\/IMG_1801-300x165.jpg 300w, https:\/\/rapportactivite.cjf.lu\/wp-content\/uploads\/2023\/05\/IMG_1801-768x422.jpg 768w, https:\/\/rapportactivite.cjf.lu\/wp-content\/uploads\/2023\/05\/IMG_1801-600x330.jpg 600w, https:\/\/rapportactivite.cjf.lu\/wp-content\/uploads\/2023\/05\/IMG_1801.jpg 1200w\" sizes=\"(max-width: 1024px) 100vw, 1024px\" \/><\/a>\n\t\t\t<\/dt><\/dl><dl class='gallery-item'>\n\t\t\t<dt class='gallery-icon portrait'>\n\t\t\t\t<a data-elementor-open-lightbox=\"yes\" data-elementor-lightbox-slideshow=\"db1d090\" data-elementor-lightbox-title=\"IMG_1872\" e-action-hash=\"#elementor-action%3Aaction%3Dlightbox%26settings%3DeyJpZCI6MjY5ODEsInVybCI6Imh0dHBzOlwvXC9yYXBwb3J0YWN0aXZpdGUuY2pmLmx1XC93cC1jb250ZW50XC91cGxvYWRzXC8yMDIzXC8wNVwvSU1HXzE4NzIuanBnIiwic2xpZGVzaG93IjoiZGIxZDA5MCJ9\" href='https:\/\/rapportactivite.cjf.lu\/wp-content\/uploads\/2023\/05\/IMG_1872.jpg'><img width=\"372\" height=\"637\" src=\"https:\/\/rapportactivite.cjf.lu\/wp-content\/uploads\/2023\/05\/IMG_1872.jpg\" class=\"attachment-large size-large\" alt=\"\" loading=\"lazy\" srcset=\"https:\/\/rapportactivite.cjf.lu\/wp-content\/uploads\/2023\/05\/IMG_1872.jpg 372w, https:\/\/rapportactivite.cjf.lu\/wp-content\/uploads\/2023\/05\/IMG_1872-175x300.jpg 175w\" sizes=\"(max-width: 372px) 100vw, 372px\" \/><\/a>\n\t\t\t<\/dt><\/dl><br style=\"clear: both\" \/><dl class='gallery-item'>\n\t\t\t<dt class='gallery-icon portrait'>\n\t\t\t\t<a data-elementor-open-lightbox=\"yes\" data-elementor-lightbox-slideshow=\"db1d090\" data-elementor-lightbox-title=\"IMG_5814\" e-action-hash=\"#elementor-action%3Aaction%3Dlightbox%26settings%3DeyJpZCI6MjY5ODIsInVybCI6Imh0dHBzOlwvXC9yYXBwb3J0YWN0aXZpdGUuY2pmLmx1XC93cC1jb250ZW50XC91cGxvYWRzXC8yMDIzXC8wNVwvSU1HXzU4MTQuanBnIiwic2xpZGVzaG93IjoiZGIxZDA5MCJ9\" href='https:\/\/rapportactivite.cjf.lu\/wp-content\/uploads\/2023\/05\/IMG_5814.jpg'><img width=\"768\" height=\"1024\" src=\"https:\/\/rapportactivite.cjf.lu\/wp-content\/uploads\/2023\/05\/IMG_5814-768x1024.jpg\" class=\"attachment-large size-large\" alt=\"\" loading=\"lazy\" srcset=\"https:\/\/rapportactivite.cjf.lu\/wp-content\/uploads\/2023\/05\/IMG_5814-768x1024.jpg 768w, https:\/\/rapportactivite.cjf.lu\/wp-content\/uploads\/2023\/05\/IMG_5814-225x300.jpg 225w, https:\/\/rapportactivite.cjf.lu\/wp-content\/uploads\/2023\/05\/IMG_5814-1152x1536.jpg 1152w, https:\/\/rapportactivite.cjf.lu\/wp-content\/uploads\/2023\/05\/IMG_5814-600x800.jpg 600w, https:\/\/rapportactivite.cjf.lu\/wp-content\/uploads\/2023\/05\/IMG_5814.jpg 1200w\" sizes=\"(max-width: 768px) 100vw, 768px\" \/><\/a>\n\t\t\t<\/dt><\/dl>\n\t\t\t<br style='clear: both' \/>\n\t\t<\/div>\n\t\t<\/div>\n\t\t\t\t<\/div>\n\t\t\t\t<\/div>\n\t\t\t\t\t<\/div>\n\t\t<\/div>\n\t\t\t\t\t\t\t<\/div>\n\t\t<\/section>\n\t\t\t\t<section class=\"elementor-section elementor-top-section elementor-element elementor-element-ddcdeb0 elementor-section-boxed elementor-section-height-default elementor-section-height-default edgtf-elementor-container-no edgtf-section edgtf-parallax-section-holder-touch-disabled edgtf-parallax-section-no\" data-id=\"ddcdeb0\" data-element_type=\"section\" data-settings=\"{&quot;background_background&quot;:&quot;classic&quot;}\">\n\t\t\t\t\t\t<div class=\"elementor-container elementor-column-gap-default\">\n\t\t\t\t\t<div class=\"elementor-column elementor-col-100 elementor-top-column elementor-element elementor-element-f02af88\" data-id=\"f02af88\" data-element_type=\"column\" data-settings=\"{&quot;background_background&quot;:&quot;classic&quot;}\">\n\t\t\t<div class=\"elementor-widget-wrap elementor-element-populated\">\n\t\t\t\t\t\t\t\t<div class=\"elementor-element elementor-element-f7db8fb elementor-widget elementor-widget-edgtf_call_to_action\" data-id=\"f7db8fb\" data-element_type=\"widget\" data-widget_type=\"edgtf_call_to_action.default\">\n\t\t\t\t<div class=\"elementor-widget-container\">\n\t\t\t\t<div class=\"edgtf-container-inner\">\n\t<div class=\"edgtf-call-to-action normal\" style=\"background-color: #FCBF48;\">\n\n\t\t\t\t\t<div class=\"edgtf-call-to-action-row-75-25 clearfix\" >\n\t\t\t\t\t\t<div class=\"edgtf-text-wrapper edgtf-call-to-action-column1 edgtf-call-to-action-cell \">\n\t\t\t\t\t<div class=\"edgtf-call-to-action-text\" style=\"text-align: center\"><p><span style=\"color: #ffffff;\">Rapport d'activit\u00e9s Atelier Zeralda 2022<\/span><\/p>\t\t\t\t\t\t\t\t\t\t\t<\/div>\n\t\t\t\t<\/div>\n\n\t\t\t\t\t\t\t\t\t<div class=\"edgtf-button-wrapper edgtf-call-to-action-column2 edgtf-call-to-action-cell\" style =\"text-align:  ;\">\n\t\t\t\t\t\t<a itemprop=\"url\" href=\"http:\/\/rapportactivite.cjf.lu\/wp-content\/uploads\/2023\/05\/Rapportdactivites-AZ-pour-MIFA-2022.pdf\" target=\"_blank\" style=\"color: #FFFFFF;background-color: #FCBF48;border-color: #FFFFFF\" class=\"edgtf-btn edgtf-btn-medium edgtf-btn-solid edgtf-btn-custom-hover-bg edgtf-btn-custom-hover-color\" data-hover-bg-color=\"#FFFFFF\" data-hover-color=\"#212121\" >\t<span class=\"edgtf-btn-text\">Consulter<\/span>    <\/a>\t\t\t\t\t<\/div>\n\t\t\t\t\t\t\t<\/div>\n\t\t\t<\/div>\n\t<\/div>\n\t\t<\/div>\n\t\t\t\t<\/div>\n\t\t\t\t\t<\/div>\n\t\t<\/div>\n\t\t\t\t\t\t\t<\/div>\n\t\t<\/section>\n\t\t\t\t\t\t\t<\/div>\n\t\t","protected":false},"excerpt":{"rendered":"<p>L\u2019Atelier Zeralda-oppend Haus Pafendall est une maison pour tous\u00a0: c\u2019est une plateforme importante pour les habitants des quartiers Pfaffenthal, Clausen, Neudorf et Grund. Les r\u00e9sidents peuvent avoir acc\u00e8s \u00e0 la maison relais, au service Kand a Famil, au service Quartier et enfin au service Streetwork&#8230;.<\/p>\n","protected":false},"author":2,"featured_media":0,"parent":26383,"menu_order":0,"comment_status":"closed","ping_status":"closed","template":"full-width.php","meta":[],"_links":{"self":[{"href":"https:\/\/rapportactivite.cjf.lu\/index.php?rest_route=\/wp\/v2\/pages\/26977"}],"collection":[{"href":"https:\/\/rapportactivite.cjf.lu\/index.php?rest_route=\/wp\/v2\/pages"}],"about":[{"href":"https:\/\/rapportactivite.cjf.lu\/index.php?rest_route=\/wp\/v2\/types\/page"}],"author":[{"embeddable":true,"href":"https:\/\/rapportactivite.cjf.lu\/index.php?rest_route=\/wp\/v2\/users\/2"}],"replies":[{"embeddable":true,"href":"https:\/\/rapportactivite.cjf.lu\/index.php?rest_route=%2Fwp%2Fv2%2Fcomments&post=26977"}],"version-history":[{"count":26,"href":"https:\/\/rapportactivite.cjf.lu\/index.php?rest_route=\/wp\/v2\/pages\/26977\/revisions"}],"predecessor-version":[{"id":27333,"href":"https:\/\/rapportactivite.cjf.lu\/index.php?rest_route=\/wp\/v2\/pages\/26977\/revisions\/27333"}],"up":[{"embeddable":true,"href":"https:\/\/rapportactivite.cjf.lu\/index.php?rest_route=\/wp\/v2\/pages\/26383"}],"wp:attachment":[{"href":"https:\/\/rapportactivite.cjf.lu\/index.php?rest_route=%2Fwp%2Fv2%2Fmedia&parent=26977"}],"curies":[{"name":"wp","href":"https:\/\/api.w.org\/{rel}","templated":true}]}}