
{"id":26953,"date":"2023-05-23T07:50:32","date_gmt":"2023-05-23T07:50:32","guid":{"rendered":"https:\/\/rapportactivite.cjf.lu\/?page_id=26953"},"modified":"2023-07-21T09:51:40","modified_gmt":"2023-07-21T09:51:40","slug":"slemo","status":"publish","type":"page","link":"https:\/\/rapportactivite.cjf.lu\/?page_id=26953","title":{"rendered":"SLEMO"},"content":{"rendered":"\t\t<div data-elementor-type=\"wp-page\" data-elementor-id=\"26953\" class=\"elementor elementor-26953\">\n\t\t\t\t\t\t\t\t\t<section class=\"elementor-section elementor-top-section elementor-element elementor-element-96f04d2 elementor-section-boxed elementor-section-height-default elementor-section-height-default edgtf-elementor-container-no edgtf-section edgtf-parallax-section-holder-touch-disabled edgtf-parallax-section-no\" data-id=\"96f04d2\" data-element_type=\"section\">\n\t\t\t\t\t\t<div class=\"elementor-container elementor-column-gap-default\">\n\t\t\t\t\t<div class=\"elementor-column elementor-col-100 elementor-top-column elementor-element elementor-element-4a008da\" data-id=\"4a008da\" data-element_type=\"column\">\n\t\t\t<div class=\"elementor-widget-wrap elementor-element-populated\">\n\t\t\t\t\t\t\t\t<div class=\"elementor-element elementor-element-7fff202 elementor-widget elementor-widget-text-editor\" data-id=\"7fff202\" data-element_type=\"widget\" data-widget_type=\"text-editor.default\">\n\t\t\t\t<div class=\"elementor-widget-container\">\n\t\t\t<style>\/*! elementor - v3.6.5 - 27-04-2022 *\/\n.elementor-widget-text-editor.elementor-drop-cap-view-stacked .elementor-drop-cap{background-color:#818a91;color:#fff}.elementor-widget-text-editor.elementor-drop-cap-view-framed .elementor-drop-cap{color:#818a91;border:3px solid;background-color:transparent}.elementor-widget-text-editor:not(.elementor-drop-cap-view-default) .elementor-drop-cap{margin-top:8px}.elementor-widget-text-editor:not(.elementor-drop-cap-view-default) .elementor-drop-cap-letter{width:1em;height:1em}.elementor-widget-text-editor .elementor-drop-cap{float:left;text-align:center;line-height:1;font-size:50px}.elementor-widget-text-editor .elementor-drop-cap-letter{display:inline-block}<\/style>\t\t\t\t<p>Le SLEMO (Service de Logement en Milieu Ouvert) est un service qui accompagne les jeunes dans leur projet d&rsquo;autonomisation, c&rsquo;est-\u00e0-dire qui soutient les jeunes sur le chemin vers l&rsquo;autonomie, afin qu&rsquo;ils puissent devenir des citoyens actifs et responsables.<\/p><p class=\"MsoNormal\">Le travail de l\u2019\u00e9ducateur est de favoriser les app\u00e9tences et\ncomp\u00e9tences de chaque jeune afin de soutenir leur d\u00e9veloppement mais pas\nque&nbsp;: la sant\u00e9 mentale et l\u2019hygi\u00e8ne de vie y jouent \u00e9galement des r\u00f4les\nimportants. En 2023, L\u2019\u00e9quipe souhaite approfondir leurs connaissances et leur\naccompagnement dans ces domaines.&nbsp;<o:p><\/o:p><\/p>\n<p>Les concertations r\u00e9guli\u00e8res avec l&rsquo;<a href=\"https:\/\/www.officenationalenfance.lu\/\">ONE<\/a>, notamment sur les besoins des jeunes, ont initi\u00e9 l&rsquo;offre \u00ab\u00a0parent-enfant\u00a0\u00bb du SLEMO. En 2022, le SLEMO a accueilli les deux premi\u00e8res jeunes mamans avec enfant.<\/p>\n<p><\/p>\t\t\t\t\t\t<\/div>\n\t\t\t\t<\/div>\n\t\t\t\t\t<\/div>\n\t\t<\/div>\n\t\t\t\t\t\t\t<\/div>\n\t\t<\/section>\n\t\t\t\t<section class=\"elementor-section elementor-top-section elementor-element elementor-element-ddcdeb0 elementor-section-boxed elementor-section-height-default elementor-section-height-default edgtf-elementor-container-no edgtf-section edgtf-parallax-section-holder-touch-disabled edgtf-parallax-section-no\" data-id=\"ddcdeb0\" data-element_type=\"section\" data-settings=\"{&quot;background_background&quot;:&quot;classic&quot;}\">\n\t\t\t\t\t\t<div class=\"elementor-container elementor-column-gap-default\">\n\t\t\t\t\t<div class=\"elementor-column elementor-col-100 elementor-top-column elementor-element elementor-element-f02af88\" data-id=\"f02af88\" data-element_type=\"column\" data-settings=\"{&quot;background_background&quot;:&quot;classic&quot;}\">\n\t\t\t<div class=\"elementor-widget-wrap\">\n\t\t\t\t\t\t\t\t\t<\/div>\n\t\t<\/div>\n\t\t\t\t\t\t\t<\/div>\n\t\t<\/section>\n\t\t\t\t\t\t\t<\/div>\n\t\t","protected":false},"excerpt":{"rendered":"<p>Le SLEMO (Service de Logement en Milieu Ouvert) est un service qui accompagne les jeunes dans leur projet d&rsquo;autonomisation, c&rsquo;est-\u00e0-dire qui soutient les jeunes sur le chemin vers l&rsquo;autonomie, afin qu&rsquo;ils puissent devenir des citoyens actifs et responsables. Le travail de l\u2019\u00e9ducateur est de favoriser&#8230;<\/p>\n","protected":false},"author":2,"featured_media":0,"parent":26383,"menu_order":0,"comment_status":"closed","ping_status":"closed","template":"full-width.php","meta":[],"_links":{"self":[{"href":"https:\/\/rapportactivite.cjf.lu\/index.php?rest_route=\/wp\/v2\/pages\/26953"}],"collection":[{"href":"https:\/\/rapportactivite.cjf.lu\/index.php?rest_route=\/wp\/v2\/pages"}],"about":[{"href":"https:\/\/rapportactivite.cjf.lu\/index.php?rest_route=\/wp\/v2\/types\/page"}],"author":[{"embeddable":true,"href":"https:\/\/rapportactivite.cjf.lu\/index.php?rest_route=\/wp\/v2\/users\/2"}],"replies":[{"embeddable":true,"href":"https:\/\/rapportactivite.cjf.lu\/index.php?rest_route=%2Fwp%2Fv2%2Fcomments&post=26953"}],"version-history":[{"count":19,"href":"https:\/\/rapportactivite.cjf.lu\/index.php?rest_route=\/wp\/v2\/pages\/26953\/revisions"}],"predecessor-version":[{"id":27327,"href":"https:\/\/rapportactivite.cjf.lu\/index.php?rest_route=\/wp\/v2\/pages\/26953\/revisions\/27327"}],"up":[{"embeddable":true,"href":"https:\/\/rapportactivite.cjf.lu\/index.php?rest_route=\/wp\/v2\/pages\/26383"}],"wp:attachment":[{"href":"https:\/\/rapportactivite.cjf.lu\/index.php?rest_route=%2Fwp%2Fv2%2Fmedia&parent=26953"}],"curies":[{"name":"wp","href":"https:\/\/api.w.org\/{rel}","templated":true}]}}