
{"id":26941,"date":"2023-05-23T07:45:53","date_gmt":"2023-05-23T07:45:53","guid":{"rendered":"https:\/\/rapportactivite.cjf.lu\/?page_id=26941"},"modified":"2023-07-17T07:54:26","modified_gmt":"2023-07-17T07:54:26","slug":"youngcaritas","status":"publish","type":"page","link":"https:\/\/rapportactivite.cjf.lu\/?page_id=26941","title":{"rendered":"youngcaritas"},"content":{"rendered":"\t\t<div data-elementor-type=\"wp-page\" data-elementor-id=\"26941\" class=\"elementor elementor-26941\">\n\t\t\t\t\t\t\t\t\t<section class=\"elementor-section elementor-top-section elementor-element elementor-element-96f04d2 elementor-section-boxed elementor-section-height-default elementor-section-height-default edgtf-elementor-container-no edgtf-section edgtf-parallax-section-holder-touch-disabled edgtf-parallax-section-no\" data-id=\"96f04d2\" data-element_type=\"section\">\n\t\t\t\t\t\t<div class=\"elementor-container elementor-column-gap-default\">\n\t\t\t\t\t<div class=\"elementor-column elementor-col-50 elementor-top-column elementor-element elementor-element-4a008da\" data-id=\"4a008da\" data-element_type=\"column\">\n\t\t\t<div class=\"elementor-widget-wrap elementor-element-populated\">\n\t\t\t\t\t\t\t\t<div class=\"elementor-element elementor-element-7fff202 elementor-widget elementor-widget-text-editor\" data-id=\"7fff202\" data-element_type=\"widget\" data-widget_type=\"text-editor.default\">\n\t\t\t\t<div class=\"elementor-widget-container\">\n\t\t\t<style>\/*! elementor - v3.6.5 - 27-04-2022 *\/\n.elementor-widget-text-editor.elementor-drop-cap-view-stacked .elementor-drop-cap{background-color:#818a91;color:#fff}.elementor-widget-text-editor.elementor-drop-cap-view-framed .elementor-drop-cap{color:#818a91;border:3px solid;background-color:transparent}.elementor-widget-text-editor:not(.elementor-drop-cap-view-default) .elementor-drop-cap{margin-top:8px}.elementor-widget-text-editor:not(.elementor-drop-cap-view-default) .elementor-drop-cap-letter{width:1em;height:1em}.elementor-widget-text-editor .elementor-drop-cap{float:left;text-align:center;line-height:1;font-size:50px}.elementor-widget-text-editor .elementor-drop-cap-letter{display:inline-block}<\/style>\t\t\t\t<p>En 2018, youngcaritas a adapt\u00e9 son concept d\u2019action g\u00e9n\u00e9ral en soulignant le r\u00f4le des jeunes au centre des actions, initiatives, projets et services propos\u00e9s aux enfants, aux jeunes et aux adultes. Il s\u2019agit de proposer aux jeunes une plateforme qui leur offre la possibilit\u00e9 de s\u2019engager et d\u2019avoir un impact positif sur la soci\u00e9t\u00e9.<\/p>\n<p>L\u2019\u00e9quipe youngcaritas a proc\u00e9d\u00e9 \u00e0 de nombreux changements en 2022&nbsp;: l\u2019\u00e9quipe a d\u00e9m\u00e9nag\u00e9 \u00e0 Livange. Ce d\u00e9m\u00e9nagement a \u00e9t\u00e9 une \u00e9tape importante dans la vie du service. L\u2019\u00e9quipe avait besoin de locaux suffisamment spacieux pour stocker le mat\u00e9riel n\u00e9cessaire aux initiatives et projets et pour pouvoir accueillir les jeunes, b\u00e9n\u00e9voles et les&nbsp; volontaires dans un espace adapt\u00e9 et \u00e9quip\u00e9. La collaboration et la formation sont des \u00e9l\u00e9ments importants. Le b\u00e2timent offre 2 grandes salles o\u00f9 les jeunes peuvent s\u2019investir et \u00e9changer, ainsi qu\u2019une salle de formation d\u2019une capacit\u00e9 de 30 personnes.<\/p>\n<p>En 2022, youngcaritas a pu proposer 45 jours de projets et activit\u00e9s. Au niveau national, youngcaritas a organis\u00e9 les \u00ab&nbsp;Fun Days&nbsp;\u00bb avec des personnes porteuses de Trisomie 21. Au niveau europ\u00e9en, youngcaritas a collabor\u00e9 avec Erasmus afin de proposer une universit\u00e9 d\u2019\u00e9t\u00e9 sur le th\u00e8me des changements climatiques.<\/p>\n<p><\/p>\t\t\t\t\t\t<\/div>\n\t\t\t\t<\/div>\n\t\t\t\t\t<\/div>\n\t\t<\/div>\n\t\t\t\t<div class=\"elementor-column elementor-col-50 elementor-top-column elementor-element elementor-element-ea2bcd7\" data-id=\"ea2bcd7\" data-element_type=\"column\">\n\t\t\t<div class=\"elementor-widget-wrap elementor-element-populated\">\n\t\t\t\t\t\t\t\t<div class=\"elementor-element elementor-element-5de72ca elementor-widget elementor-widget-image\" data-id=\"5de72ca\" data-element_type=\"widget\" data-widget_type=\"image.default\">\n\t\t\t\t<div class=\"elementor-widget-container\">\n\t\t\t<style>\/*! elementor - v3.6.5 - 27-04-2022 *\/\n.elementor-widget-image{text-align:center}.elementor-widget-image a{display:inline-block}.elementor-widget-image a img[src$=\".svg\"]{width:48px}.elementor-widget-image img{vertical-align:middle;display:inline-block}<\/style>\t\t\t\t\t\t\t\t\t\t\t\t<img width=\"500\" height=\"125\" src=\"https:\/\/rapportactivite.cjf.lu\/wp-content\/uploads\/2022\/05\/YoungCaritas_logo_AvecBaseline_Small.jpg\" class=\"attachment-large size-large\" alt=\"\" loading=\"lazy\" srcset=\"https:\/\/rapportactivite.cjf.lu\/wp-content\/uploads\/2022\/05\/YoungCaritas_logo_AvecBaseline_Small.jpg 500w, https:\/\/rapportactivite.cjf.lu\/wp-content\/uploads\/2022\/05\/YoungCaritas_logo_AvecBaseline_Small-300x75.jpg 300w\" sizes=\"(max-width: 500px) 100vw, 500px\" \/>\t\t\t\t\t\t\t\t\t\t\t\t\t\t\t<\/div>\n\t\t\t\t<\/div>\n\t\t\t\t<div class=\"elementor-element elementor-element-f8e58b8 elementor-widget elementor-widget-image\" data-id=\"f8e58b8\" data-element_type=\"widget\" data-widget_type=\"image.default\">\n\t\t\t\t<div class=\"elementor-widget-container\">\n\t\t\t\t\t\t\t\t\t\t\t\t\t\t\t<img width=\"300\" height=\"300\" src=\"https:\/\/rapportactivite.cjf.lu\/wp-content\/uploads\/2022\/05\/bloomnow-Original-300x300.png\" class=\"attachment-shop_catalog size-shop_catalog\" alt=\"\" loading=\"lazy\" srcset=\"https:\/\/rapportactivite.cjf.lu\/wp-content\/uploads\/2022\/05\/bloomnow-Original-300x300.png 300w, https:\/\/rapportactivite.cjf.lu\/wp-content\/uploads\/2022\/05\/bloomnow-Original-1024x1024.png 1024w, https:\/\/rapportactivite.cjf.lu\/wp-content\/uploads\/2022\/05\/bloomnow-Original-150x150.png 150w, https:\/\/rapportactivite.cjf.lu\/wp-content\/uploads\/2022\/05\/bloomnow-Original-768x768.png 768w, https:\/\/rapportactivite.cjf.lu\/wp-content\/uploads\/2022\/05\/bloomnow-Original-550x550.png 550w, https:\/\/rapportactivite.cjf.lu\/wp-content\/uploads\/2022\/05\/bloomnow-Original-1000x1000.png 1000w, https:\/\/rapportactivite.cjf.lu\/wp-content\/uploads\/2022\/05\/bloomnow-Original-650x650.png 650w, https:\/\/rapportactivite.cjf.lu\/wp-content\/uploads\/2022\/05\/bloomnow-Original-600x600.png 600w, https:\/\/rapportactivite.cjf.lu\/wp-content\/uploads\/2022\/05\/bloomnow-Original-100x100.png 100w, https:\/\/rapportactivite.cjf.lu\/wp-content\/uploads\/2022\/05\/bloomnow-Original.png 1080w\" sizes=\"(max-width: 300px) 100vw, 300px\" \/>\t\t\t\t\t\t\t\t\t\t\t\t\t\t\t<\/div>\n\t\t\t\t<\/div>\n\t\t\t\t\t<\/div>\n\t\t<\/div>\n\t\t\t\t\t\t\t<\/div>\n\t\t<\/section>\n\t\t\t\t<section class=\"elementor-section elementor-top-section elementor-element elementor-element-e801088 elementor-section-boxed elementor-section-height-default elementor-section-height-default edgtf-elementor-container-no edgtf-section edgtf-parallax-section-holder-touch-disabled edgtf-parallax-section-no\" data-id=\"e801088\" data-element_type=\"section\" data-settings=\"{&quot;background_background&quot;:&quot;classic&quot;}\">\n\t\t\t\t\t\t<div class=\"elementor-container elementor-column-gap-default\">\n\t\t\t\t\t<div class=\"elementor-column elementor-col-100 elementor-top-column elementor-element elementor-element-55173b4\" data-id=\"55173b4\" data-element_type=\"column\" data-settings=\"{&quot;background_background&quot;:&quot;classic&quot;}\">\n\t\t\t<div class=\"elementor-widget-wrap elementor-element-populated\">\n\t\t\t\t\t\t\t\t<div class=\"elementor-element elementor-element-c0ec00f elementor-widget elementor-widget-edgtf_call_to_action\" data-id=\"c0ec00f\" data-element_type=\"widget\" data-widget_type=\"edgtf_call_to_action.default\">\n\t\t\t\t<div class=\"elementor-widget-container\">\n\t\t\t\t<div class=\"edgtf-container-inner\">\n\t<div class=\"edgtf-call-to-action normal\" style=\"background-color: #FCBF48;\">\n\n\t\t\t\t\t<div class=\"edgtf-call-to-action-row-75-25 clearfix\" >\n\t\t\t\t\t\t<div class=\"edgtf-text-wrapper edgtf-call-to-action-column1 edgtf-call-to-action-cell \">\n\t\t\t\t\t<div class=\"edgtf-call-to-action-text\" style=\"text-align: center\"><p><span style=\"color: #ffffff;\">Rapport d'activit\u00e9s youngcaritas 2022<\/span><\/p>\t\t\t\t\t\t\t\t\t\t\t<\/div>\n\t\t\t\t<\/div>\n\n\t\t\t\t\t\t\t\t\t<div class=\"edgtf-button-wrapper edgtf-call-to-action-column2 edgtf-call-to-action-cell\" style =\"text-align:  ;\">\n\t\t\t\t\t\t<a itemprop=\"url\" href=\"http:\/\/rapportactivite.cjf.lu\/wp-content\/uploads\/2023\/05\/RAyoung2022web.pdf\" target=\"_blank\" style=\"color: #FFFFFF;background-color: #FCBF48;border-color: #FFFFFF\" class=\"edgtf-btn edgtf-btn-medium edgtf-btn-solid edgtf-btn-custom-hover-bg edgtf-btn-custom-hover-color\" data-hover-bg-color=\"#FFFFFF\" data-hover-color=\"#212121\" >\t<span class=\"edgtf-btn-text\">Consulter<\/span>    <\/a>\t\t\t\t\t<\/div>\n\t\t\t\t\t\t\t<\/div>\n\t\t\t<\/div>\n\t<\/div>\n\t\t<\/div>\n\t\t\t\t<\/div>\n\t\t\t\t\t<\/div>\n\t\t<\/div>\n\t\t\t\t\t\t\t<\/div>\n\t\t<\/section>\n\t\t\t\t\t\t\t<\/div>\n\t\t","protected":false},"excerpt":{"rendered":"<p>En 2018, youngcaritas a adapt\u00e9 son concept d\u2019action g\u00e9n\u00e9ral en soulignant le r\u00f4le des jeunes au centre des actions, initiatives, projets et services propos\u00e9s aux enfants, aux jeunes et aux adultes. Il s\u2019agit de proposer aux jeunes une plateforme qui leur offre la possibilit\u00e9 de&#8230;<\/p>\n","protected":false},"author":2,"featured_media":0,"parent":26383,"menu_order":0,"comment_status":"closed","ping_status":"closed","template":"full-width.php","meta":[],"_links":{"self":[{"href":"https:\/\/rapportactivite.cjf.lu\/index.php?rest_route=\/wp\/v2\/pages\/26941"}],"collection":[{"href":"https:\/\/rapportactivite.cjf.lu\/index.php?rest_route=\/wp\/v2\/pages"}],"about":[{"href":"https:\/\/rapportactivite.cjf.lu\/index.php?rest_route=\/wp\/v2\/types\/page"}],"author":[{"embeddable":true,"href":"https:\/\/rapportactivite.cjf.lu\/index.php?rest_route=\/wp\/v2\/users\/2"}],"replies":[{"embeddable":true,"href":"https:\/\/rapportactivite.cjf.lu\/index.php?rest_route=%2Fwp%2Fv2%2Fcomments&post=26941"}],"version-history":[{"count":14,"href":"https:\/\/rapportactivite.cjf.lu\/index.php?rest_route=\/wp\/v2\/pages\/26941\/revisions"}],"predecessor-version":[{"id":27306,"href":"https:\/\/rapportactivite.cjf.lu\/index.php?rest_route=\/wp\/v2\/pages\/26941\/revisions\/27306"}],"up":[{"embeddable":true,"href":"https:\/\/rapportactivite.cjf.lu\/index.php?rest_route=\/wp\/v2\/pages\/26383"}],"wp:attachment":[{"href":"https:\/\/rapportactivite.cjf.lu\/index.php?rest_route=%2Fwp%2Fv2%2Fmedia&parent=26941"}],"curies":[{"name":"wp","href":"https:\/\/api.w.org\/{rel}","templated":true}]}}