
{"id":26762,"date":"2023-05-22T21:25:55","date_gmt":"2023-05-22T21:25:55","guid":{"rendered":"https:\/\/rapportactivite.cjf.lu\/?page_id=26762"},"modified":"2023-07-14T13:57:25","modified_gmt":"2023-07-14T13:57:25","slug":"bibliobus","status":"publish","type":"page","link":"https:\/\/rapportactivite.cjf.lu\/?page_id=26762","title":{"rendered":"Bibliobus"},"content":{"rendered":"\t\t<div data-elementor-type=\"wp-page\" data-elementor-id=\"26762\" class=\"elementor elementor-26762\">\n\t\t\t\t\t\t\t\t\t<section class=\"elementor-section elementor-top-section elementor-element elementor-element-96f04d2 elementor-section-boxed elementor-section-height-default elementor-section-height-default edgtf-elementor-container-no edgtf-section edgtf-parallax-section-holder-touch-disabled edgtf-parallax-section-no\" data-id=\"96f04d2\" data-element_type=\"section\">\n\t\t\t\t\t\t<div class=\"elementor-container elementor-column-gap-default\">\n\t\t\t\t\t<div class=\"elementor-column elementor-col-50 elementor-top-column elementor-element elementor-element-4a008da\" data-id=\"4a008da\" data-element_type=\"column\">\n\t\t\t<div class=\"elementor-widget-wrap elementor-element-populated\">\n\t\t\t\t\t\t\t\t<div class=\"elementor-element elementor-element-0b53938 elementor-widget elementor-widget-edgtf_project_presentation\" data-id=\"0b53938\" data-element_type=\"widget\" data-widget_type=\"edgtf_project_presentation.default\">\n\t\t\t\t<div class=\"elementor-widget-container\">\n\t\t\t<div class=\"edgtf-project-presentation presentation-right edgtf-project-presentation-dark\">\n    <div class=\"edgtf-pp-content-holder\">\n        <div class=\"edgtf-pp-content-left\">\n            <div class=\"edgtf-pp-gallery\">\n                <div class=\"edgtf-pp-gallery-slider\" data-autoplay=\"3\" data-pagination=\"yes\">\n                    <img width=\"800\" height=\"600\" src=\"https:\/\/rapportactivite.cjf.lu\/wp-content\/uploads\/2023\/05\/Photo-1-2.jpg\" class=\"attachment-full size-full\" alt=\"\" loading=\"lazy\" srcset=\"https:\/\/rapportactivite.cjf.lu\/wp-content\/uploads\/2023\/05\/Photo-1-2.jpg 800w, https:\/\/rapportactivite.cjf.lu\/wp-content\/uploads\/2023\/05\/Photo-1-2-300x225.jpg 300w, https:\/\/rapportactivite.cjf.lu\/wp-content\/uploads\/2023\/05\/Photo-1-2-768x576.jpg 768w, https:\/\/rapportactivite.cjf.lu\/wp-content\/uploads\/2023\/05\/Photo-1-2-600x450.jpg 600w\" sizes=\"(max-width: 800px) 100vw, 800px\" \/><img width=\"800\" height=\"1067\" src=\"https:\/\/rapportactivite.cjf.lu\/wp-content\/uploads\/2023\/05\/Photo-2-2.jpg\" class=\"attachment-full size-full\" alt=\"\" loading=\"lazy\" srcset=\"https:\/\/rapportactivite.cjf.lu\/wp-content\/uploads\/2023\/05\/Photo-2-2.jpg 800w, https:\/\/rapportactivite.cjf.lu\/wp-content\/uploads\/2023\/05\/Photo-2-2-225x300.jpg 225w, https:\/\/rapportactivite.cjf.lu\/wp-content\/uploads\/2023\/05\/Photo-2-2-768x1024.jpg 768w, https:\/\/rapportactivite.cjf.lu\/wp-content\/uploads\/2023\/05\/Photo-2-2-600x800.jpg 600w\" sizes=\"(max-width: 800px) 100vw, 800px\" \/><img width=\"800\" height=\"1067\" src=\"https:\/\/rapportactivite.cjf.lu\/wp-content\/uploads\/2023\/05\/Photo-3-2.jpg\" class=\"attachment-full size-full\" alt=\"\" loading=\"lazy\" srcset=\"https:\/\/rapportactivite.cjf.lu\/wp-content\/uploads\/2023\/05\/Photo-3-2.jpg 800w, https:\/\/rapportactivite.cjf.lu\/wp-content\/uploads\/2023\/05\/Photo-3-2-225x300.jpg 225w, https:\/\/rapportactivite.cjf.lu\/wp-content\/uploads\/2023\/05\/Photo-3-2-768x1024.jpg 768w, https:\/\/rapportactivite.cjf.lu\/wp-content\/uploads\/2023\/05\/Photo-3-2-600x800.jpg 600w\" sizes=\"(max-width: 800px) 100vw, 800px\" \/>                <\/div>\n            <\/div>\n        <\/div>\n        <div class=\"edgtf-pp-content-right\">\n            <div class=\"edgtf-pp-text-holder\" >\n                                <h3 class=\"edgtf-pp-title\">\n                    Read &amp; Chill                <\/h3>\n                                \t                        <\/div>\n        <\/div>\n    <\/div>\n<\/div>\t\t<\/div>\n\t\t\t\t<\/div>\n\t\t\t\t\t<\/div>\n\t\t<\/div>\n\t\t\t\t<div class=\"elementor-column elementor-col-50 elementor-top-column elementor-element elementor-element-ea2bcd7\" data-id=\"ea2bcd7\" data-element_type=\"column\">\n\t\t\t<div class=\"elementor-widget-wrap elementor-element-populated\">\n\t\t\t\t\t\t\t\t<div class=\"elementor-element elementor-element-7fff202 elementor-widget elementor-widget-text-editor\" data-id=\"7fff202\" data-element_type=\"widget\" data-widget_type=\"text-editor.default\">\n\t\t\t\t<div class=\"elementor-widget-container\">\n\t\t\t<style>\/*! elementor - v3.6.5 - 27-04-2022 *\/\n.elementor-widget-text-editor.elementor-drop-cap-view-stacked .elementor-drop-cap{background-color:#818a91;color:#fff}.elementor-widget-text-editor.elementor-drop-cap-view-framed .elementor-drop-cap{color:#818a91;border:3px solid;background-color:transparent}.elementor-widget-text-editor:not(.elementor-drop-cap-view-default) .elementor-drop-cap{margin-top:8px}.elementor-widget-text-editor:not(.elementor-drop-cap-view-default) .elementor-drop-cap-letter{width:1em;height:1em}.elementor-widget-text-editor .elementor-drop-cap{float:left;text-align:center;line-height:1;font-size:50px}.elementor-widget-text-editor .elementor-drop-cap-letter{display:inline-block}<\/style>\t\t\t\t<p>L\u2019ann\u00e9e 2022 a \u00e9t\u00e9 tr\u00e8s fructueuse pour le service Bibliobus. Bibliobus a travers\u00e9 le pays, parcouru 7200 kilom\u00e8tres et est intervenu 47 fois, en proposant 56 activit\u00e9s. En plus des structures de la petite enfance g\u00e9r\u00e9es par CJF, 11 structures de la petite enfance du pays ont fait une demande d\u2019intervention.<\/p>\n<p>Les offres les plus pl\u00e9biscit\u00e9es par ces structures de la petite enfance ont \u00e9t\u00e9 le \u00ab&nbsp;Kuck an entdeck&nbsp;\u00bb et le \u00ab&nbsp;Read and Chill&nbsp;\u00bb.<\/p>\n<p>Le \u00ab&nbsp;Kuck an entdeck&nbsp;\u00bb consiste \u00e0 placer un panier dans la pi\u00e8ce. Le panier intrigue, les enfants y d\u00e9couvrent des livres adapt\u00e9s \u00e0 leur \u00e2ge. Ils les touchent, les parcourent librement et en toute autonomie.<\/p>\n<p>Que se cache-t-il dans le bus&nbsp;? Allons d\u00e9couvrir&nbsp;! C\u2019est de cette demande qu&rsquo;est n\u00e9e l\u2019offre \u00ab&nbsp;Read &amp; Chill&nbsp;\u00bb permettant aux enfants, \u00e0 leurs parents et aux \u00e9quipes, durant les beaux jours, de d\u00e9couvrir le bus et de s\u2019installer sous sa tente afin de d\u00e9couvrir les livres tranquillement&nbsp;!<\/p>\n<p>Le Bibliobus continuera \u00e0 se d\u00e9velopper en 2023, il est pr\u00e9vu d&rsquo;agrandir l&rsquo;\u00e9quipe et de cr\u00e9er un centre de comp\u00e9tences.<\/p>\t\t\t\t\t\t<\/div>\n\t\t\t\t<\/div>\n\t\t\t\t\t<\/div>\n\t\t<\/div>\n\t\t\t\t\t\t\t<\/div>\n\t\t<\/section>\n\t\t\t\t<section style=\"background-image: url(https:\/\/goodwish.qodeinteractive.com\/elementor\/wp-content\/uploads\/2017\/03\/h4-background-img-2.jpg); min-height: 0px; height:auto;\" class=\"parallax_section_holder elementor-section elementor-top-section elementor-element elementor-element-aa550bc edgtf-elementor-container-inner edgtf-section edgtf-parallax-section-holder-touch-disabled edgtf-parallax-section-holder elementor-section-boxed elementor-section-height-default elementor-section-height-default\" data-edgtf-parallax-speed=\"1\" data-id=\"aa550bc\" data-element_type=\"section\" data-settings=\"{&quot;background_background&quot;:&quot;classic&quot;,&quot;goodwish_parallax_image&quot;:{&quot;url&quot;:&quot;https:\\\/\\\/goodwish.qodeinteractive.com\\\/elementor\\\/wp-content\\\/uploads\\\/2017\\\/03\\\/h4-background-img-2.jpg&quot;,&quot;id&quot;:13747}}\">\n\t\t\t\t\t\t<div class=\"elementor-container elementor-column-gap-default\">\n\t\t\t\t\t<div class=\"elementor-column elementor-col-25 elementor-top-column elementor-element elementor-element-d6d75c9\" data-id=\"d6d75c9\" data-element_type=\"column\">\n\t\t\t<div class=\"elementor-widget-wrap elementor-element-populated\">\n\t\t\t\t\t\t\t\t<div class=\"elementor-element elementor-element-9096dbd elementor-widget elementor-widget-edgtf_counter\" data-id=\"9096dbd\" data-element_type=\"widget\" data-widget_type=\"edgtf_counter.default\">\n\t\t\t\t<div class=\"elementor-widget-container\">\n\t\t\t<div class=\"edgtf-counter-holder center\" >\n\n\t<span class=\"edgtf-counter zero\" style=\"color: #FFFFFF\">\n\t\t850\t<\/span>\n\t\t\t<h4 class=\"edgtf-counter-title\"  style=\"color: #FFFFFF\">\n\t\t\tlivres pour les 0-4 ans\t\t<\/h4>\n\t\t\n<\/div>\t\t<\/div>\n\t\t\t\t<\/div>\n\t\t\t\t\t<\/div>\n\t\t<\/div>\n\t\t\t\t<div class=\"elementor-column elementor-col-25 elementor-top-column elementor-element elementor-element-7936c67\" data-id=\"7936c67\" data-element_type=\"column\">\n\t\t\t<div class=\"elementor-widget-wrap elementor-element-populated\">\n\t\t\t\t\t\t\t\t<div class=\"elementor-element elementor-element-4cc8fb4 elementor-widget elementor-widget-edgtf_counter\" data-id=\"4cc8fb4\" data-element_type=\"widget\" data-widget_type=\"edgtf_counter.default\">\n\t\t\t\t<div class=\"elementor-widget-container\">\n\t\t\t<div class=\"edgtf-counter-holder center\" >\n\n\t<span class=\"edgtf-counter zero\" style=\"color: #FFFFFF\">\n\t\t46\t<\/span>\n\t\t\t<h4 class=\"edgtf-counter-title\"  style=\"color: #FFFFFF\">\n\t\t\thistoires pour le Kamishiba\u00ef\t\t<\/h4>\n\t\t\n<\/div>\t\t<\/div>\n\t\t\t\t<\/div>\n\t\t\t\t\t<\/div>\n\t\t<\/div>\n\t\t\t\t<div class=\"elementor-column elementor-col-25 elementor-top-column elementor-element elementor-element-617efea\" data-id=\"617efea\" data-element_type=\"column\">\n\t\t\t<div class=\"elementor-widget-wrap elementor-element-populated\">\n\t\t\t\t\t\t\t\t<div class=\"elementor-element elementor-element-ee0a4f8 elementor-widget elementor-widget-edgtf_counter\" data-id=\"ee0a4f8\" data-element_type=\"widget\" data-widget_type=\"edgtf_counter.default\">\n\t\t\t\t<div class=\"elementor-widget-container\">\n\t\t\t<div class=\"edgtf-counter-holder center\" >\n\n\t<span class=\"edgtf-counter zero\" style=\"color: #FFFFFF\">\n\t\t18\t<\/span>\n\t\t\t<h4 class=\"edgtf-counter-title\"  style=\"color: #FFFFFF\">\n\t\t\thistoires pour la piste narrative\t\t<\/h4>\n\t\t\n<\/div>\t\t<\/div>\n\t\t\t\t<\/div>\n\t\t\t\t\t<\/div>\n\t\t<\/div>\n\t\t\t\t<div class=\"elementor-column elementor-col-25 elementor-top-column elementor-element elementor-element-3baa116\" data-id=\"3baa116\" data-element_type=\"column\">\n\t\t\t<div class=\"elementor-widget-wrap elementor-element-populated\">\n\t\t\t\t\t\t\t\t<div class=\"elementor-element elementor-element-6d7dc17 elementor-widget elementor-widget-edgtf_counter\" data-id=\"6d7dc17\" data-element_type=\"widget\" data-widget_type=\"edgtf_counter.default\">\n\t\t\t\t<div class=\"elementor-widget-container\">\n\t\t\t<div class=\"edgtf-counter-holder center\" >\n\n\t<span class=\"edgtf-counter zero\" style=\"color: #FFFFFF\">\n\t\t8\t<\/span>\n\t\t\t<h4 class=\"edgtf-counter-title\"  style=\"color: #FFFFFF\">\n\t\t\tsacs \u00e0 histoires\t\t<\/h4>\n\t\t\n<\/div>\t\t<\/div>\n\t\t\t\t<\/div>\n\t\t\t\t\t<\/div>\n\t\t<\/div>\n\t\t\t\t\t\t\t<\/div>\n\t\t<\/section>\n\t\t\t\t<section class=\"elementor-section elementor-top-section elementor-element elementor-element-ddcdeb0 elementor-section-boxed elementor-section-height-default elementor-section-height-default edgtf-elementor-container-no edgtf-section edgtf-parallax-section-holder-touch-disabled edgtf-parallax-section-no\" data-id=\"ddcdeb0\" data-element_type=\"section\" data-settings=\"{&quot;background_background&quot;:&quot;classic&quot;}\">\n\t\t\t\t\t\t<div class=\"elementor-container elementor-column-gap-default\">\n\t\t\t\t\t<div class=\"elementor-column elementor-col-100 elementor-top-column elementor-element elementor-element-f02af88\" data-id=\"f02af88\" data-element_type=\"column\" data-settings=\"{&quot;background_background&quot;:&quot;classic&quot;}\">\n\t\t\t<div class=\"elementor-widget-wrap elementor-element-populated\">\n\t\t\t\t\t\t\t\t<div class=\"elementor-element elementor-element-f7db8fb elementor-widget elementor-widget-edgtf_call_to_action\" data-id=\"f7db8fb\" data-element_type=\"widget\" data-widget_type=\"edgtf_call_to_action.default\">\n\t\t\t\t<div class=\"elementor-widget-container\">\n\t\t\t\t<div class=\"edgtf-container-inner\">\n\t<div class=\"edgtf-call-to-action normal\" style=\"background-color: #FCBF48;\">\n\n\t\t\t\t\t<div class=\"edgtf-call-to-action-row-75-25 clearfix\" >\n\t\t\t\t\t\t<div class=\"edgtf-text-wrapper edgtf-call-to-action-column1 edgtf-call-to-action-cell \">\n\t\t\t\t\t<div class=\"edgtf-call-to-action-text\" style=\"text-align: center\"><p><span style=\"color: #ffffff;\">Rapport d'activit\u00e9s Bibliobus 2022<\/span><\/p>\t\t\t\t\t\t\t\t\t\t\t<\/div>\n\t\t\t\t<\/div>\n\n\t\t\t\t\t\t\t\t\t<div class=\"edgtf-button-wrapper edgtf-call-to-action-column2 edgtf-call-to-action-cell\" style =\"text-align:  ;\">\n\t\t\t\t\t\t<a itemprop=\"url\" href=\"http:\/\/rapportactivite.cjf.lu\/wp-content\/uploads\/2023\/05\/Bibliobus_RapportActivites2022web.pdf\" target=\"_blank\" style=\"color: #FFFFFF;background-color: #FCBF48;border-color: #FFFFFF\" class=\"edgtf-btn edgtf-btn-medium edgtf-btn-solid edgtf-btn-custom-hover-bg edgtf-btn-custom-hover-color\" data-hover-bg-color=\"#FFFFFF\" data-hover-color=\"#212121\" >\t<span class=\"edgtf-btn-text\">Consulter<\/span>    <\/a>\t\t\t\t\t<\/div>\n\t\t\t\t\t\t\t<\/div>\n\t\t\t<\/div>\n\t<\/div>\n\t\t<\/div>\n\t\t\t\t<\/div>\n\t\t\t\t\t<\/div>\n\t\t<\/div>\n\t\t\t\t\t\t\t<\/div>\n\t\t<\/section>\n\t\t\t\t\t\t\t<\/div>\n\t\t","protected":false},"excerpt":{"rendered":"<p>Read &amp; Chill L\u2019ann\u00e9e 2022 a \u00e9t\u00e9 tr\u00e8s fructueuse pour le service Bibliobus. Bibliobus a travers\u00e9 le pays, parcouru 7200 kilom\u00e8tres et est intervenu 47 fois, en proposant 56 activit\u00e9s. En plus des structures de la petite enfance g\u00e9r\u00e9es par CJF, 11 structures de la&#8230;<\/p>\n","protected":false},"author":2,"featured_media":0,"parent":26383,"menu_order":0,"comment_status":"closed","ping_status":"closed","template":"full-width.php","meta":[],"_links":{"self":[{"href":"https:\/\/rapportactivite.cjf.lu\/index.php?rest_route=\/wp\/v2\/pages\/26762"}],"collection":[{"href":"https:\/\/rapportactivite.cjf.lu\/index.php?rest_route=\/wp\/v2\/pages"}],"about":[{"href":"https:\/\/rapportactivite.cjf.lu\/index.php?rest_route=\/wp\/v2\/types\/page"}],"author":[{"embeddable":true,"href":"https:\/\/rapportactivite.cjf.lu\/index.php?rest_route=\/wp\/v2\/users\/2"}],"replies":[{"embeddable":true,"href":"https:\/\/rapportactivite.cjf.lu\/index.php?rest_route=%2Fwp%2Fv2%2Fcomments&post=26762"}],"version-history":[{"count":35,"href":"https:\/\/rapportactivite.cjf.lu\/index.php?rest_route=\/wp\/v2\/pages\/26762\/revisions"}],"predecessor-version":[{"id":27273,"href":"https:\/\/rapportactivite.cjf.lu\/index.php?rest_route=\/wp\/v2\/pages\/26762\/revisions\/27273"}],"up":[{"embeddable":true,"href":"https:\/\/rapportactivite.cjf.lu\/index.php?rest_route=\/wp\/v2\/pages\/26383"}],"wp:attachment":[{"href":"https:\/\/rapportactivite.cjf.lu\/index.php?rest_route=%2Fwp%2Fv2%2Fmedia&parent=26762"}],"curies":[{"name":"wp","href":"https:\/\/api.w.org\/{rel}","templated":true}]}}