
{"id":26661,"date":"2023-05-22T20:27:54","date_gmt":"2023-05-22T20:27:54","guid":{"rendered":"https:\/\/rapportactivite.cjf.lu\/?page_id=26661"},"modified":"2023-07-14T13:37:47","modified_gmt":"2023-07-14T13:37:47","slug":"demenagement-youngcaritas-bibliobus","status":"publish","type":"page","link":"https:\/\/rapportactivite.cjf.lu\/?page_id=26661","title":{"rendered":"D\u00e9m\u00e9nagement youngcaritas &#038; Bibliobus"},"content":{"rendered":"\t\t<div data-elementor-type=\"wp-page\" data-elementor-id=\"26661\" class=\"elementor elementor-26661\">\n\t\t\t\t\t\t\t\t\t<section class=\"elementor-section elementor-top-section elementor-element elementor-element-68973fa elementor-section-full_width edgtf-elementor-container-inner elementor-section-height-default elementor-section-height-default edgtf-section edgtf-parallax-section-holder-touch-disabled edgtf-parallax-section-no\" data-id=\"68973fa\" data-element_type=\"section\" data-settings=\"{&quot;background_background&quot;:&quot;classic&quot;}\">\n\t\t\t\t\t\t<div class=\"elementor-container elementor-column-gap-default\">\n\t\t\t\t\t<div class=\"elementor-column elementor-col-100 elementor-top-column elementor-element elementor-element-2011edd\" data-id=\"2011edd\" data-element_type=\"column\">\n\t\t\t<div class=\"elementor-widget-wrap elementor-element-populated\">\n\t\t\t\t\t\t\t\t<div class=\"elementor-element elementor-element-9186884 elementor-widget elementor-widget-text-editor\" data-id=\"9186884\" data-element_type=\"widget\" data-widget_type=\"text-editor.default\">\n\t\t\t\t<div class=\"elementor-widget-container\">\n\t\t\t<style>\/*! elementor - v3.6.5 - 27-04-2022 *\/\n.elementor-widget-text-editor.elementor-drop-cap-view-stacked .elementor-drop-cap{background-color:#818a91;color:#fff}.elementor-widget-text-editor.elementor-drop-cap-view-framed .elementor-drop-cap{color:#818a91;border:3px solid;background-color:transparent}.elementor-widget-text-editor:not(.elementor-drop-cap-view-default) .elementor-drop-cap{margin-top:8px}.elementor-widget-text-editor:not(.elementor-drop-cap-view-default) .elementor-drop-cap-letter{width:1em;height:1em}.elementor-widget-text-editor .elementor-drop-cap{float:left;text-align:center;line-height:1;font-size:50px}.elementor-widget-text-editor .elementor-drop-cap-letter{display:inline-block}<\/style>\t\t\t\t<div class=\"wpb_text_column wpb_content_element \"><div class=\"wpb_wrapper\"><h2>D\u00e9m\u00e9nagement youngcaritas &amp; Bibliobus<\/h2><\/div><\/div>\t\t\t\t\t\t<\/div>\n\t\t\t\t<\/div>\n\t\t\t\t<div class=\"elementor-element elementor-element-ae59e4f elementor-widget elementor-widget-edgtf_separator\" data-id=\"ae59e4f\" data-element_type=\"widget\" data-widget_type=\"edgtf_separator.default\">\n\t\t\t\t<div class=\"elementor-widget-container\">\n\t\t\t<div class=\"edgtf-separator-holder clearfix  edgtf-separator-left edgtf-separator-normal\">\n\t<div class=\"edgtf-separator\" style=\"border-color: #FFB422;width: 55px;border-bottom-width: 3px;margin-top: 25px;margin-bottom: 25px\"><\/div>\n<\/div>\n\t\t<\/div>\n\t\t\t\t<\/div>\n\t\t\t\t<div class=\"elementor-element elementor-element-b5be802 elementor-widget elementor-widget-text-editor\" data-id=\"b5be802\" data-element_type=\"widget\" data-widget_type=\"text-editor.default\">\n\t\t\t\t<div class=\"elementor-widget-container\">\n\t\t\t\t\t\t\t<p>Apr\u00e8s avoir cherch\u00e9 longtemps de nouveaux locaux, youngcaritas et Bibliobus ont trouv\u00e9 leur bonheur dans la commune de Roeser en mai 2022.<\/p>\n<p>youngcaritas et Bibliobus ont ainsi pu d\u00e9m\u00e9nager apr\u00e8s plusieurs mois de planification, et commencer \u00e0 profiter de leurs nouveaux bureaux d\u00e9but novembre 2022.<\/p>\n<p>Les 600m<sup>2<\/sup>&nbsp;r\u00e9partis sur 3 \u00e9tages permettent d\u2019am\u00e9nager une salle multifonctionnelle pour les r\u00e9unions, les formations continues et d\u2019autres activit\u00e9s et \u00e9v\u00e8nements. youngcaritas et Bibliobus disposent \u00e9galement d\u2019un entrep\u00f4t d\u00e9di\u00e9 au rangement et au stockage de leur mat\u00e9riel et enfin de suffisamment de bureaux pour accueillir le personnel, les nouvelles recrues et les b\u00e9n\u00e9voles.<\/p>\n<p>Un nouveau souffle pour les deux services en plein d\u00e9veloppement&nbsp;!<\/p>\t\t\t\t\t\t<\/div>\n\t\t\t\t<\/div>\n\t\t\t\t\t<\/div>\n\t\t<\/div>\n\t\t\t\t\t\t\t<\/div>\n\t\t<\/section>\n\t\t\t\t<section class=\"elementor-section elementor-top-section elementor-element elementor-element-1981a03 elementor-section-boxed elementor-section-height-default elementor-section-height-default edgtf-elementor-container-no edgtf-section edgtf-parallax-section-holder-touch-disabled edgtf-parallax-section-no\" data-id=\"1981a03\" data-element_type=\"section\">\n\t\t\t\t\t\t<div class=\"elementor-container elementor-column-gap-default\">\n\t\t\t\t\t<div class=\"elementor-column elementor-col-100 elementor-top-column elementor-element elementor-element-1b5c0a0\" data-id=\"1b5c0a0\" data-element_type=\"column\">\n\t\t\t<div class=\"elementor-widget-wrap elementor-element-populated\">\n\t\t\t\t\t\t\t\t<div class=\"elementor-element elementor-element-8808231 elementor-widget elementor-widget-image-gallery\" data-id=\"8808231\" data-element_type=\"widget\" data-widget_type=\"image-gallery.default\">\n\t\t\t\t<div class=\"elementor-widget-container\">\n\t\t\t<style>\/*! elementor - v3.6.5 - 27-04-2022 *\/\n.elementor-image-gallery .gallery-item{display:inline-block;text-align:center;vertical-align:top;width:100%;max-width:100%;margin:0 auto}.elementor-image-gallery .gallery-item img{margin:0 auto}.elementor-image-gallery .gallery-item .gallery-caption{margin:0}.elementor-image-gallery figure img{display:block}.elementor-image-gallery figure figcaption{width:100%}.gallery-spacing-custom .elementor-image-gallery .gallery-icon{padding:0}@media (min-width:768px){.elementor-image-gallery .gallery-columns-2 .gallery-item{max-width:50%}.elementor-image-gallery .gallery-columns-3 .gallery-item{max-width:33.33%}.elementor-image-gallery .gallery-columns-4 .gallery-item{max-width:25%}.elementor-image-gallery .gallery-columns-5 .gallery-item{max-width:20%}.elementor-image-gallery .gallery-columns-6 .gallery-item{max-width:16.666%}.elementor-image-gallery .gallery-columns-7 .gallery-item{max-width:14.28%}.elementor-image-gallery .gallery-columns-8 .gallery-item{max-width:12.5%}.elementor-image-gallery .gallery-columns-9 .gallery-item{max-width:11.11%}.elementor-image-gallery .gallery-columns-10 .gallery-item{max-width:10%}}@media (min-width:480px) and (max-width:767px){.elementor-image-gallery .gallery.gallery-columns-2 .gallery-item,.elementor-image-gallery .gallery.gallery-columns-3 .gallery-item,.elementor-image-gallery .gallery.gallery-columns-4 .gallery-item,.elementor-image-gallery .gallery.gallery-columns-5 .gallery-item,.elementor-image-gallery .gallery.gallery-columns-6 .gallery-item,.elementor-image-gallery .gallery.gallery-columns-7 .gallery-item,.elementor-image-gallery .gallery.gallery-columns-8 .gallery-item,.elementor-image-gallery .gallery.gallery-columns-9 .gallery-item,.elementor-image-gallery .gallery.gallery-columns-10 .gallery-item{max-width:50%}}@media (max-width:479px){.elementor-image-gallery .gallery.gallery-columns-2 .gallery-item,.elementor-image-gallery .gallery.gallery-columns-3 .gallery-item,.elementor-image-gallery .gallery.gallery-columns-4 .gallery-item,.elementor-image-gallery .gallery.gallery-columns-5 .gallery-item,.elementor-image-gallery .gallery.gallery-columns-6 .gallery-item,.elementor-image-gallery .gallery.gallery-columns-7 .gallery-item,.elementor-image-gallery .gallery.gallery-columns-8 .gallery-item,.elementor-image-gallery .gallery.gallery-columns-9 .gallery-item,.elementor-image-gallery .gallery.gallery-columns-10 .gallery-item{max-width:100%}}<\/style>\t\t<div class=\"elementor-image-gallery\">\n\t\t\t\n\t\t<style type=\"text\/css\">\n\t\t\t#gallery-1 {\n\t\t\t\tmargin: auto;\n\t\t\t}\n\t\t\t#gallery-1 .gallery-item {\n\t\t\t\tfloat: left;\n\t\t\t\tmargin-top: 10px;\n\t\t\t\ttext-align: center;\n\t\t\t\twidth: 25%;\n\t\t\t}\n\t\t\t#gallery-1 img {\n\t\t\t\tborder: 2px solid #cfcfcf;\n\t\t\t}\n\t\t\t#gallery-1 .gallery-caption {\n\t\t\t\tmargin-left: 0;\n\t\t\t}\n\t\t\t\/* see gallery_shortcode() in wp-includes\/media.php *\/\n\t\t<\/style>\n\t\t<div id='gallery-1' class='gallery galleryid-26661 gallery-columns-4 gallery-size-medium'><dl class='gallery-item'>\n\t\t\t<dt class='gallery-icon landscape'>\n\t\t\t\t<a data-elementor-open-lightbox=\"yes\" data-elementor-lightbox-slideshow=\"8808231\" data-elementor-lightbox-title=\"Photo-10\" e-action-hash=\"#elementor-action%3Aaction%3Dlightbox%26settings%3DeyJpZCI6MjY2NzIsInVybCI6Imh0dHBzOlwvXC9yYXBwb3J0YWN0aXZpdGUuY2pmLmx1XC93cC1jb250ZW50XC91cGxvYWRzXC8yMDIzXC8wNVwvUGhvdG8tMTAtMS5qcGciLCJzbGlkZXNob3ciOiI4ODA4MjMxIn0%3D\" href='https:\/\/rapportactivite.cjf.lu\/wp-content\/uploads\/2023\/05\/Photo-10-1.jpg'><img width=\"300\" height=\"162\" src=\"https:\/\/rapportactivite.cjf.lu\/wp-content\/uploads\/2023\/05\/Photo-10-1-300x162.jpg\" class=\"attachment-medium size-medium\" alt=\"\" loading=\"lazy\" srcset=\"https:\/\/rapportactivite.cjf.lu\/wp-content\/uploads\/2023\/05\/Photo-10-1-300x162.jpg 300w, https:\/\/rapportactivite.cjf.lu\/wp-content\/uploads\/2023\/05\/Photo-10-1-1024x554.jpg 1024w, https:\/\/rapportactivite.cjf.lu\/wp-content\/uploads\/2023\/05\/Photo-10-1-768x415.jpg 768w, https:\/\/rapportactivite.cjf.lu\/wp-content\/uploads\/2023\/05\/Photo-10-1-600x325.jpg 600w, https:\/\/rapportactivite.cjf.lu\/wp-content\/uploads\/2023\/05\/Photo-10-1.jpg 1200w\" sizes=\"(max-width: 300px) 100vw, 300px\" \/><\/a>\n\t\t\t<\/dt><\/dl><dl class='gallery-item'>\n\t\t\t<dt class='gallery-icon landscape'>\n\t\t\t\t<a data-elementor-open-lightbox=\"yes\" data-elementor-lightbox-slideshow=\"8808231\" data-elementor-lightbox-title=\"Photo-11\" e-action-hash=\"#elementor-action%3Aaction%3Dlightbox%26settings%3DeyJpZCI6MjY2NzMsInVybCI6Imh0dHBzOlwvXC9yYXBwb3J0YWN0aXZpdGUuY2pmLmx1XC93cC1jb250ZW50XC91cGxvYWRzXC8yMDIzXC8wNVwvUGhvdG8tMTEtMS5qcGciLCJzbGlkZXNob3ciOiI4ODA4MjMxIn0%3D\" href='https:\/\/rapportactivite.cjf.lu\/wp-content\/uploads\/2023\/05\/Photo-11-1.jpg'><img width=\"300\" height=\"200\" src=\"https:\/\/rapportactivite.cjf.lu\/wp-content\/uploads\/2023\/05\/Photo-11-1-300x200.jpg\" class=\"attachment-medium size-medium\" alt=\"\" loading=\"lazy\" srcset=\"https:\/\/rapportactivite.cjf.lu\/wp-content\/uploads\/2023\/05\/Photo-11-1-300x200.jpg 300w, https:\/\/rapportactivite.cjf.lu\/wp-content\/uploads\/2023\/05\/Photo-11-1-1024x682.jpg 1024w, https:\/\/rapportactivite.cjf.lu\/wp-content\/uploads\/2023\/05\/Photo-11-1-768x511.jpg 768w, https:\/\/rapportactivite.cjf.lu\/wp-content\/uploads\/2023\/05\/Photo-11-1-600x400.jpg 600w, https:\/\/rapportactivite.cjf.lu\/wp-content\/uploads\/2023\/05\/Photo-11-1.jpg 1200w\" sizes=\"(max-width: 300px) 100vw, 300px\" \/><\/a>\n\t\t\t<\/dt><\/dl><dl class='gallery-item'>\n\t\t\t<dt class='gallery-icon landscape'>\n\t\t\t\t<a data-elementor-open-lightbox=\"yes\" data-elementor-lightbox-slideshow=\"8808231\" data-elementor-lightbox-title=\"Photo-12\" e-action-hash=\"#elementor-action%3Aaction%3Dlightbox%26settings%3DeyJpZCI6MjY2NzQsInVybCI6Imh0dHBzOlwvXC9yYXBwb3J0YWN0aXZpdGUuY2pmLmx1XC93cC1jb250ZW50XC91cGxvYWRzXC8yMDIzXC8wNVwvUGhvdG8tMTItMS5qcGciLCJzbGlkZXNob3ciOiI4ODA4MjMxIn0%3D\" href='https:\/\/rapportactivite.cjf.lu\/wp-content\/uploads\/2023\/05\/Photo-12-1.jpg'><img width=\"300\" height=\"200\" src=\"https:\/\/rapportactivite.cjf.lu\/wp-content\/uploads\/2023\/05\/Photo-12-1-300x200.jpg\" class=\"attachment-medium size-medium\" alt=\"\" loading=\"lazy\" srcset=\"https:\/\/rapportactivite.cjf.lu\/wp-content\/uploads\/2023\/05\/Photo-12-1-300x200.jpg 300w, https:\/\/rapportactivite.cjf.lu\/wp-content\/uploads\/2023\/05\/Photo-12-1-1024x682.jpg 1024w, https:\/\/rapportactivite.cjf.lu\/wp-content\/uploads\/2023\/05\/Photo-12-1-768x511.jpg 768w, https:\/\/rapportactivite.cjf.lu\/wp-content\/uploads\/2023\/05\/Photo-12-1-600x400.jpg 600w, https:\/\/rapportactivite.cjf.lu\/wp-content\/uploads\/2023\/05\/Photo-12-1.jpg 1200w\" sizes=\"(max-width: 300px) 100vw, 300px\" \/><\/a>\n\t\t\t<\/dt><\/dl><dl class='gallery-item'>\n\t\t\t<dt class='gallery-icon landscape'>\n\t\t\t\t<a data-elementor-open-lightbox=\"yes\" data-elementor-lightbox-slideshow=\"8808231\" data-elementor-lightbox-title=\"Photo-13\" e-action-hash=\"#elementor-action%3Aaction%3Dlightbox%26settings%3DeyJpZCI6MjY2NzUsInVybCI6Imh0dHBzOlwvXC9yYXBwb3J0YWN0aXZpdGUuY2pmLmx1XC93cC1jb250ZW50XC91cGxvYWRzXC8yMDIzXC8wNVwvUGhvdG8tMTMtMS5qcGciLCJzbGlkZXNob3ciOiI4ODA4MjMxIn0%3D\" href='https:\/\/rapportactivite.cjf.lu\/wp-content\/uploads\/2023\/05\/Photo-13-1.jpg'><img width=\"300\" height=\"186\" src=\"https:\/\/rapportactivite.cjf.lu\/wp-content\/uploads\/2023\/05\/Photo-13-1-300x186.jpg\" class=\"attachment-medium size-medium\" alt=\"\" loading=\"lazy\" srcset=\"https:\/\/rapportactivite.cjf.lu\/wp-content\/uploads\/2023\/05\/Photo-13-1-300x186.jpg 300w, https:\/\/rapportactivite.cjf.lu\/wp-content\/uploads\/2023\/05\/Photo-13-1-1024x635.jpg 1024w, https:\/\/rapportactivite.cjf.lu\/wp-content\/uploads\/2023\/05\/Photo-13-1-768x476.jpg 768w, https:\/\/rapportactivite.cjf.lu\/wp-content\/uploads\/2023\/05\/Photo-13-1-600x372.jpg 600w, https:\/\/rapportactivite.cjf.lu\/wp-content\/uploads\/2023\/05\/Photo-13-1.jpg 1200w\" sizes=\"(max-width: 300px) 100vw, 300px\" \/><\/a>\n\t\t\t<\/dt><\/dl><br style=\"clear: both\" \/>\n\t\t<\/div>\n\t\t<\/div>\n\t\t\t\t<\/div>\n\t\t\t\t<\/div>\n\t\t\t\t\t<\/div>\n\t\t<\/div>\n\t\t\t\t\t\t\t<\/div>\n\t\t<\/section>\n\t\t\t\t<section class=\"elementor-section elementor-top-section elementor-element elementor-element-ddcdeb0 elementor-section-boxed elementor-section-height-default elementor-section-height-default edgtf-elementor-container-no edgtf-section edgtf-parallax-section-holder-touch-disabled edgtf-parallax-section-no\" data-id=\"ddcdeb0\" data-element_type=\"section\" data-settings=\"{&quot;background_background&quot;:&quot;classic&quot;}\">\n\t\t\t\t\t\t<div class=\"elementor-container elementor-column-gap-default\">\n\t\t\t\t\t<div class=\"elementor-column elementor-col-100 elementor-top-column elementor-element elementor-element-f02af88\" data-id=\"f02af88\" data-element_type=\"column\" data-settings=\"{&quot;background_background&quot;:&quot;classic&quot;}\">\n\t\t\t<div class=\"elementor-widget-wrap elementor-element-populated\">\n\t\t\t\t\t\t\t\t<div class=\"elementor-element elementor-element-f7db8fb elementor-widget elementor-widget-edgtf_call_to_action\" data-id=\"f7db8fb\" data-element_type=\"widget\" data-widget_type=\"edgtf_call_to_action.default\">\n\t\t\t\t<div class=\"elementor-widget-container\">\n\t\t\t\t<div class=\"edgtf-call-to-action normal\" style=\"background-color: #FCBF48;\">\n\n\t\t\t\t<div class=\"edgtf-container-inner\">\n\t\t\t\t\t<div class=\"edgtf-call-to-action-row-50-50 clearfix\" >\n\t\t\t\t\t\t<div class=\"edgtf-text-wrapper edgtf-call-to-action-column1 edgtf-call-to-action-cell \">\n\t\t\t\t\t<div class=\"edgtf-call-to-action-text\" style=\"text-align: center\">\t\t\t\t\t\t\t\t\t\t\t<\/div>\n\t\t\t\t<\/div>\n\n\t\t\t\t\t\t\t\t\t<div class=\"edgtf-button-wrapper edgtf-call-to-action-column2 edgtf-call-to-action-cell\" style =\"text-align: center ;\">\n\t\t\t\t\t\t<a itemprop=\"url\" href=\"https:\/\/rapportactivite.cjf.lu\/?page_id=26383\" target=\"_self\" style=\"color: #FFFFFF;background-color: #FCBF48;border-color: #FFFFFF\" class=\"edgtf-btn edgtf-btn-medium edgtf-btn-solid edgtf-btn-custom-hover-bg edgtf-btn-custom-hover-color\" data-hover-bg-color=\"#FFFFFF\" data-hover-color=\"#212121\" >\t<span class=\"edgtf-btn-text\">Retour<\/span>    <\/a>\t\t\t\t\t<\/div>\n\t\t\t\t\t\t\t<\/div>\n\t\t\t\t<\/div>\n\t\t\t<\/div>\n\t\t<\/div>\n\t\t\t\t<\/div>\n\t\t\t\t\t<\/div>\n\t\t<\/div>\n\t\t\t\t\t\t\t<\/div>\n\t\t<\/section>\n\t\t\t\t\t\t\t<\/div>\n\t\t","protected":false},"excerpt":{"rendered":"<p>D\u00e9m\u00e9nagement youngcaritas &amp; Bibliobus Apr\u00e8s avoir cherch\u00e9 longtemps de nouveaux locaux, youngcaritas et Bibliobus ont trouv\u00e9 leur bonheur dans la commune de Roeser en mai 2022. youngcaritas et Bibliobus ont ainsi pu d\u00e9m\u00e9nager apr\u00e8s plusieurs mois de planification, et commencer \u00e0 profiter de leurs nouveaux&#8230;<\/p>\n","protected":false},"author":2,"featured_media":0,"parent":26383,"menu_order":0,"comment_status":"closed","ping_status":"closed","template":"full-width.php","meta":[],"_links":{"self":[{"href":"https:\/\/rapportactivite.cjf.lu\/index.php?rest_route=\/wp\/v2\/pages\/26661"}],"collection":[{"href":"https:\/\/rapportactivite.cjf.lu\/index.php?rest_route=\/wp\/v2\/pages"}],"about":[{"href":"https:\/\/rapportactivite.cjf.lu\/index.php?rest_route=\/wp\/v2\/types\/page"}],"author":[{"embeddable":true,"href":"https:\/\/rapportactivite.cjf.lu\/index.php?rest_route=\/wp\/v2\/users\/2"}],"replies":[{"embeddable":true,"href":"https:\/\/rapportactivite.cjf.lu\/index.php?rest_route=%2Fwp%2Fv2%2Fcomments&post=26661"}],"version-history":[{"count":16,"href":"https:\/\/rapportactivite.cjf.lu\/index.php?rest_route=\/wp\/v2\/pages\/26661\/revisions"}],"predecessor-version":[{"id":27262,"href":"https:\/\/rapportactivite.cjf.lu\/index.php?rest_route=\/wp\/v2\/pages\/26661\/revisions\/27262"}],"up":[{"embeddable":true,"href":"https:\/\/rapportactivite.cjf.lu\/index.php?rest_route=\/wp\/v2\/pages\/26383"}],"wp:attachment":[{"href":"https:\/\/rapportactivite.cjf.lu\/index.php?rest_route=%2Fwp%2Fv2%2Fmedia&parent=26661"}],"curies":[{"name":"wp","href":"https:\/\/api.w.org\/{rel}","templated":true}]}}