
{"id":26528,"date":"2023-05-22T19:07:16","date_gmt":"2023-05-22T19:07:16","guid":{"rendered":"https:\/\/rapportactivite.cjf.lu\/?page_id=26528"},"modified":"2023-07-14T08:29:44","modified_gmt":"2023-07-14T08:29:44","slug":"site-internet-cjf","status":"publish","type":"page","link":"https:\/\/rapportactivite.cjf.lu\/?page_id=26528","title":{"rendered":"Site internet CJF"},"content":{"rendered":"\t\t<div data-elementor-type=\"wp-page\" data-elementor-id=\"26528\" class=\"elementor elementor-26528\">\n\t\t\t\t\t\t\t\t\t<section class=\"elementor-section elementor-top-section elementor-element elementor-element-68973fa elementor-section-full_width edgtf-elementor-container-inner elementor-section-height-default elementor-section-height-default edgtf-section edgtf-parallax-section-holder-touch-disabled edgtf-parallax-section-no\" data-id=\"68973fa\" data-element_type=\"section\" data-settings=\"{&quot;background_background&quot;:&quot;classic&quot;}\">\n\t\t\t\t\t\t<div class=\"elementor-container elementor-column-gap-default\">\n\t\t\t\t\t<div class=\"elementor-column elementor-col-50 elementor-top-column elementor-element elementor-element-d059b77\" data-id=\"d059b77\" data-element_type=\"column\">\n\t\t\t<div class=\"elementor-widget-wrap elementor-element-populated\">\n\t\t\t\t\t\t\t\t<div class=\"elementor-element elementor-element-df837df elementor-widget elementor-widget-image\" data-id=\"df837df\" data-element_type=\"widget\" data-widget_type=\"image.default\">\n\t\t\t\t<div class=\"elementor-widget-container\">\n\t\t\t<style>\/*! elementor - v3.6.5 - 27-04-2022 *\/\n.elementor-widget-image{text-align:center}.elementor-widget-image a{display:inline-block}.elementor-widget-image a img[src$=\".svg\"]{width:48px}.elementor-widget-image img{vertical-align:middle;display:inline-block}<\/style>\t\t\t\t\t\t\t\t\t\t\t\t\t<a href=\"https:\/\/www.cjf.lu\/\">\n\t\t\t\t\t\t\t<img width=\"1024\" height=\"767\" src=\"https:\/\/rapportactivite.cjf.lu\/wp-content\/uploads\/2023\/05\/Screen-1024x767.jpg\" class=\"attachment-large size-large\" alt=\"\" loading=\"lazy\" srcset=\"https:\/\/rapportactivite.cjf.lu\/wp-content\/uploads\/2023\/05\/Screen-1024x767.jpg 1024w, https:\/\/rapportactivite.cjf.lu\/wp-content\/uploads\/2023\/05\/Screen-300x225.jpg 300w, https:\/\/rapportactivite.cjf.lu\/wp-content\/uploads\/2023\/05\/Screen-768x575.jpg 768w, https:\/\/rapportactivite.cjf.lu\/wp-content\/uploads\/2023\/05\/Screen-1536x1151.jpg 1536w, https:\/\/rapportactivite.cjf.lu\/wp-content\/uploads\/2023\/05\/Screen-800x600.jpg 800w, https:\/\/rapportactivite.cjf.lu\/wp-content\/uploads\/2023\/05\/Screen-600x450.jpg 600w, https:\/\/rapportactivite.cjf.lu\/wp-content\/uploads\/2023\/05\/Screen.jpg 1751w\" sizes=\"(max-width: 1024px) 100vw, 1024px\" \/>\t\t\t\t\t\t\t\t<\/a>\n\t\t\t\t\t\t\t\t\t\t\t\t\t\t\t<\/div>\n\t\t\t\t<\/div>\n\t\t\t\t\t<\/div>\n\t\t<\/div>\n\t\t\t\t<div class=\"elementor-column elementor-col-50 elementor-top-column elementor-element elementor-element-2011edd\" data-id=\"2011edd\" data-element_type=\"column\">\n\t\t\t<div class=\"elementor-widget-wrap elementor-element-populated\">\n\t\t\t\t\t\t\t\t<div class=\"elementor-element elementor-element-9186884 elementor-widget elementor-widget-text-editor\" data-id=\"9186884\" data-element_type=\"widget\" data-widget_type=\"text-editor.default\">\n\t\t\t\t<div class=\"elementor-widget-container\">\n\t\t\t<style>\/*! elementor - v3.6.5 - 27-04-2022 *\/\n.elementor-widget-text-editor.elementor-drop-cap-view-stacked .elementor-drop-cap{background-color:#818a91;color:#fff}.elementor-widget-text-editor.elementor-drop-cap-view-framed .elementor-drop-cap{color:#818a91;border:3px solid;background-color:transparent}.elementor-widget-text-editor:not(.elementor-drop-cap-view-default) .elementor-drop-cap{margin-top:8px}.elementor-widget-text-editor:not(.elementor-drop-cap-view-default) .elementor-drop-cap-letter{width:1em;height:1em}.elementor-widget-text-editor .elementor-drop-cap{float:left;text-align:center;line-height:1;font-size:50px}.elementor-widget-text-editor .elementor-drop-cap-letter{display:inline-block}<\/style>\t\t\t\t<div class=\"wpb_text_column wpb_content_element \"><div class=\"wpb_wrapper\"><h2>cjf.lu<\/h2><\/div><\/div>\t\t\t\t\t\t<\/div>\n\t\t\t\t<\/div>\n\t\t\t\t<div class=\"elementor-element elementor-element-ae59e4f elementor-widget elementor-widget-edgtf_separator\" data-id=\"ae59e4f\" data-element_type=\"widget\" data-widget_type=\"edgtf_separator.default\">\n\t\t\t\t<div class=\"elementor-widget-container\">\n\t\t\t<div class=\"edgtf-separator-holder clearfix  edgtf-separator-left edgtf-separator-normal\">\n\t<div class=\"edgtf-separator\" style=\"border-color: #FFB422;width: 55px;border-bottom-width: 3px;margin-top: 25px;margin-bottom: 25px\"><\/div>\n<\/div>\n\t\t<\/div>\n\t\t\t\t<\/div>\n\t\t\t\t<div class=\"elementor-element elementor-element-b5be802 elementor-widget elementor-widget-text-editor\" data-id=\"b5be802\" data-element_type=\"widget\" data-widget_type=\"text-editor.default\">\n\t\t\t\t<div class=\"elementor-widget-container\">\n\t\t\t\t\t\t\t<p>Vous pouvez, d\u00e8s \u00e0 pr\u00e9sent, d\u00e9couvrir notre nouveau site internet. Nos exigences \u00e9taient nombreuses. Nous avions l\u2019ambition de&nbsp;:<\/p>\n<ul>\n<li>Construire un site centr\u00e9 \u00ab\u00a0b\u00e9n\u00e9ficiaires\u00a0\u00bb;<\/li>\n<li>En collaboration avec toutes les structures\/services de Caritas Jeunes et Familles;<\/li>\n<li>En accord avec nos valeurs.<\/li>\n<\/ul>\n<p>Nous vous invitons \u00e0 le d\u00e9couvrir, \u00e0 naviguer et \u00e0 nous contacter si vous avez des questions ou des commentaires&nbsp;!<\/p>\t\t\t\t\t\t<\/div>\n\t\t\t\t<\/div>\n\t\t\t\t<div class=\"elementor-element elementor-element-ac252d9 elementor-widget elementor-widget-qi_addons_for_elementor_info_button\" data-id=\"ac252d9\" data-element_type=\"widget\" data-widget_type=\"qi_addons_for_elementor_info_button.default\">\n\t\t\t\t<div class=\"elementor-widget-container\">\n\t\t\t<a class=\"qodef-shortcode qodef-m  qodef-qi-info-button qodef-html--link qodef-layout--filled qodef-type--standard  qodef-icon--right qodef-hover--icon-move-horizontal-short\" href=\"https:\/\/www.cjf.lu\/\" target=\"_self\">\n\t<div class=\"qodef-m-text-holder\">\n\t<span class=\"qodef-m-text\">Visitez cjf.lu<\/span>\n\t\t\t<span class=\"qodef-m-icon \">\n\t\t<span class=\"qodef-m-icon-inner\">\n\t\t\t<i aria-hidden=\"true\" class=\"far fa-paper-plane\"><\/i>\t\t\t\t\t<\/span>\n\t<\/span>\n\t<\/div>\n\t<\/a>\n\t\t<\/div>\n\t\t\t\t<\/div>\n\t\t\t\t\t<\/div>\n\t\t<\/div>\n\t\t\t\t\t\t\t<\/div>\n\t\t<\/section>\n\t\t\t\t<section class=\"elementor-section elementor-top-section elementor-element elementor-element-ddcdeb0 elementor-section-boxed elementor-section-height-default elementor-section-height-default edgtf-elementor-container-no edgtf-section edgtf-parallax-section-holder-touch-disabled edgtf-parallax-section-no\" data-id=\"ddcdeb0\" data-element_type=\"section\" data-settings=\"{&quot;background_background&quot;:&quot;classic&quot;}\">\n\t\t\t\t\t\t<div class=\"elementor-container elementor-column-gap-default\">\n\t\t\t\t\t<div class=\"elementor-column elementor-col-100 elementor-top-column elementor-element elementor-element-f02af88\" data-id=\"f02af88\" data-element_type=\"column\" data-settings=\"{&quot;background_background&quot;:&quot;classic&quot;}\">\n\t\t\t<div class=\"elementor-widget-wrap elementor-element-populated\">\n\t\t\t\t\t\t\t\t<div class=\"elementor-element elementor-element-f7db8fb elementor-widget elementor-widget-edgtf_call_to_action\" data-id=\"f7db8fb\" data-element_type=\"widget\" data-widget_type=\"edgtf_call_to_action.default\">\n\t\t\t\t<div class=\"elementor-widget-container\">\n\t\t\t\t<div class=\"edgtf-call-to-action normal\" style=\"background-color: #FCBF48;\">\n\n\t\t\t\t<div class=\"edgtf-container-inner\">\n\t\t\t\t\t<div class=\"edgtf-call-to-action-row-50-50 clearfix\" >\n\t\t\t\t\t\t<div class=\"edgtf-text-wrapper edgtf-call-to-action-column1 edgtf-call-to-action-cell \">\n\t\t\t\t\t<div class=\"edgtf-call-to-action-text\" style=\"text-align: center\">\t\t\t\t\t\t\t\t\t\t\t<\/div>\n\t\t\t\t<\/div>\n\n\t\t\t\t\t\t\t\t\t<div class=\"edgtf-button-wrapper edgtf-call-to-action-column2 edgtf-call-to-action-cell\" style =\"text-align: center ;\">\n\t\t\t\t\t\t<a itemprop=\"url\" href=\"https:\/\/rapportactivite.cjf.lu\/?page_id=26383\" target=\"_self\" style=\"color: #FFFFFF;background-color: #FCBF48;border-color: #FFFFFF\" class=\"edgtf-btn edgtf-btn-medium edgtf-btn-solid edgtf-btn-custom-hover-bg edgtf-btn-custom-hover-color\" data-hover-bg-color=\"#FFFFFF\" data-hover-color=\"#212121\" >\t<span class=\"edgtf-btn-text\">Retour<\/span>    <\/a>\t\t\t\t\t<\/div>\n\t\t\t\t\t\t\t<\/div>\n\t\t\t\t<\/div>\n\t\t\t<\/div>\n\t\t<\/div>\n\t\t\t\t<\/div>\n\t\t\t\t\t<\/div>\n\t\t<\/div>\n\t\t\t\t\t\t\t<\/div>\n\t\t<\/section>\n\t\t\t\t\t\t\t<\/div>\n\t\t","protected":false},"excerpt":{"rendered":"<p>cjf.lu Vous pouvez, d\u00e8s \u00e0 pr\u00e9sent, d\u00e9couvrir notre nouveau site internet. Nos exigences \u00e9taient nombreuses. Nous avions l\u2019ambition de&nbsp;: Construire un site centr\u00e9 \u00ab\u00a0b\u00e9n\u00e9ficiaires\u00a0\u00bb; En collaboration avec toutes les structures\/services de Caritas Jeunes et Familles; En accord avec nos valeurs. Nous vous invitons \u00e0 le&#8230;<\/p>\n","protected":false},"author":2,"featured_media":0,"parent":26383,"menu_order":0,"comment_status":"closed","ping_status":"closed","template":"full-width.php","meta":[],"_links":{"self":[{"href":"https:\/\/rapportactivite.cjf.lu\/index.php?rest_route=\/wp\/v2\/pages\/26528"}],"collection":[{"href":"https:\/\/rapportactivite.cjf.lu\/index.php?rest_route=\/wp\/v2\/pages"}],"about":[{"href":"https:\/\/rapportactivite.cjf.lu\/index.php?rest_route=\/wp\/v2\/types\/page"}],"author":[{"embeddable":true,"href":"https:\/\/rapportactivite.cjf.lu\/index.php?rest_route=\/wp\/v2\/users\/2"}],"replies":[{"embeddable":true,"href":"https:\/\/rapportactivite.cjf.lu\/index.php?rest_route=%2Fwp%2Fv2%2Fcomments&post=26528"}],"version-history":[{"count":16,"href":"https:\/\/rapportactivite.cjf.lu\/index.php?rest_route=\/wp\/v2\/pages\/26528\/revisions"}],"predecessor-version":[{"id":27246,"href":"https:\/\/rapportactivite.cjf.lu\/index.php?rest_route=\/wp\/v2\/pages\/26528\/revisions\/27246"}],"up":[{"embeddable":true,"href":"https:\/\/rapportactivite.cjf.lu\/index.php?rest_route=\/wp\/v2\/pages\/26383"}],"wp:attachment":[{"href":"https:\/\/rapportactivite.cjf.lu\/index.php?rest_route=%2Fwp%2Fv2%2Fmedia&parent=26528"}],"curies":[{"name":"wp","href":"https:\/\/api.w.org\/{rel}","templated":true}]}}