
{"id":25822,"date":"2022-05-30T05:06:20","date_gmt":"2022-05-30T05:06:20","guid":{"rendered":"http:\/\/rapportactivite.cjf.lu\/?page_id=25822"},"modified":"2022-08-18T09:06:19","modified_gmt":"2022-08-18T09:06:19","slug":"streetwork","status":"publish","type":"page","link":"https:\/\/rapportactivite.cjf.lu\/?page_id=25822","title":{"rendered":"Streetwork"},"content":{"rendered":"\t\t<div data-elementor-type=\"wp-page\" data-elementor-id=\"25822\" class=\"elementor elementor-25822\">\n\t\t\t\t\t\t\t\t\t<section class=\"elementor-section elementor-top-section elementor-element elementor-element-96f04d2 elementor-section-boxed elementor-section-height-default elementor-section-height-default edgtf-elementor-container-no edgtf-section edgtf-parallax-section-holder-touch-disabled edgtf-parallax-section-no\" data-id=\"96f04d2\" data-element_type=\"section\">\n\t\t\t\t\t\t<div class=\"elementor-container elementor-column-gap-default\">\n\t\t\t\t\t<div class=\"elementor-column elementor-col-50 elementor-top-column elementor-element elementor-element-4a008da\" data-id=\"4a008da\" data-element_type=\"column\">\n\t\t\t<div class=\"elementor-widget-wrap elementor-element-populated\">\n\t\t\t\t\t\t\t\t<div class=\"elementor-element elementor-element-7fff202 elementor-widget elementor-widget-text-editor\" data-id=\"7fff202\" data-element_type=\"widget\" data-widget_type=\"text-editor.default\">\n\t\t\t\t<div class=\"elementor-widget-container\">\n\t\t\t<style>\/*! elementor - v3.6.5 - 27-04-2022 *\/\n.elementor-widget-text-editor.elementor-drop-cap-view-stacked .elementor-drop-cap{background-color:#818a91;color:#fff}.elementor-widget-text-editor.elementor-drop-cap-view-framed .elementor-drop-cap{color:#818a91;border:3px solid;background-color:transparent}.elementor-widget-text-editor:not(.elementor-drop-cap-view-default) .elementor-drop-cap{margin-top:8px}.elementor-widget-text-editor:not(.elementor-drop-cap-view-default) .elementor-drop-cap-letter{width:1em;height:1em}.elementor-widget-text-editor .elementor-drop-cap{float:left;text-align:center;line-height:1;font-size:50px}.elementor-widget-text-editor .elementor-drop-cap-letter{display:inline-block}<\/style>\t\t\t\t<p style=\"font-weight: 400;\">Les travailleurs de rue de Caritas Jeunes et Familles font partie du \u00ab Service Streetwork \u00bb de la ville de Luxembourg et sont pr\u00e9sents sur le territoire de la ville de Luxembourg, plus pr\u00e9cis\u00e9ment, au Pfaffenthal, Clausen, Grund, Neudorf Ouest, Limpertsberg et la Gare de Luxembourg. Ils effectuent essentiellement un travail de \u00ab\u00a0bas seuil\u00a0\u00bb*.<\/p>\n<p style=\"font-weight: 400;\">\n<\/p><p style=\"font-weight: 400;\">Le Streetwork de Caritas Jeunes et Familles s\u2019oriente sur les quatre piliers des standards professionnels du Streetwork et du travail de jeunesse mobile que l\u2019on peut classer en quatre domaines d\u2019action : travail de rue\/travail ambulant, travail en groupe, aide individuelle, et travail d\u2019int\u00e9r\u00eat g\u00e9n\u00e9ral.<\/p>\n<p style=\"font-weight: 400;\">\n<\/p><p style=\"font-weight: 400;\">Les collaborateurs du service Streetwork ont travaill\u00e9 sur un concept du travail qui d\u00e9crit la pratique dans les quartiers de la ville de Luxembourg. Il pr\u00e9sente plus particuli\u00e8rement les approches, la structure, les m\u00e9thodes et les objectifs de la mission Streetwork.<\/p>\n<p style=\"font-weight: 400;\">\n<\/p><p style=\"font-weight: 400;\">Comme les ann\u00e9es pr\u00e9c\u00e9dentes, la plupart des \u00e9changes avec les jeunes et jeunes adultes se font autour de la probl\u00e9matique du logement. Il y a eu un nombre de demandes ou d\u2019\u00e9changes accru autour des probl\u00e9matiques de la sant\u00e9\/toxicomanie.<\/p>\n<p style=\"font-weight: 400;\">\n<\/p><p style=\"font-weight: 400;\">C\u2019est ainsi, et pour r\u00e9pondre aux besoins sp\u00e9cifiques des jeunes et des jeunes adultes que les Streetworkers continuent de se former et de r\u00e9fl\u00e9chir \u00e0 des projets ou des activit\u00e9s&nbsp;: plus pr\u00e9cis\u00e9ment, le service participe chaque ann\u00e9e \u00e0 une journ\u00e9e de r\u00e9flexion organis\u00e9e par Tom K\u00fcchler, sp\u00e9cialiste en gestion syst\u00e9mique et organisationnelle, de la Potenzial Entfaltung.<\/p>\n<hr>\n<p>*Le terme \u00ab bas seuil&nbsp;\u00bb caract\u00e9rise le faible niveau d\u2019exigences et de contraintes impos\u00e9es aux b\u00e9n\u00e9ficiaires pour acc\u00e9der \u00e0 l&rsquo;accompagnement et l&rsquo;aide que propose notre service Streetwork.<\/p>\t\t\t\t\t\t<\/div>\n\t\t\t\t<\/div>\n\t\t\t\t\t<\/div>\n\t\t<\/div>\n\t\t\t\t<div class=\"elementor-column elementor-col-50 elementor-top-column elementor-element elementor-element-ea2bcd7\" data-id=\"ea2bcd7\" data-element_type=\"column\">\n\t\t\t<div class=\"elementor-widget-wrap elementor-element-populated\">\n\t\t\t\t\t\t\t\t<div class=\"elementor-element elementor-element-15ce9ad elementor-widget elementor-widget-image\" data-id=\"15ce9ad\" data-element_type=\"widget\" data-widget_type=\"image.default\">\n\t\t\t\t<div class=\"elementor-widget-container\">\n\t\t\t<style>\/*! elementor - v3.6.5 - 27-04-2022 *\/\n.elementor-widget-image{text-align:center}.elementor-widget-image a{display:inline-block}.elementor-widget-image a img[src$=\".svg\"]{width:48px}.elementor-widget-image img{vertical-align:middle;display:inline-block}<\/style>\t\t\t\t\t\t\t\t\t\t\t\t<img width=\"300\" height=\"300\" src=\"https:\/\/rapportactivite.cjf.lu\/wp-content\/uploads\/2022\/05\/hm-300x300.png\" class=\"attachment-shop_catalog size-shop_catalog\" alt=\"\" loading=\"lazy\" srcset=\"https:\/\/rapportactivite.cjf.lu\/wp-content\/uploads\/2022\/05\/hm-300x300.png 300w, https:\/\/rapportactivite.cjf.lu\/wp-content\/uploads\/2022\/05\/hm-150x150.png 150w, https:\/\/rapportactivite.cjf.lu\/wp-content\/uploads\/2022\/05\/hm-100x100.png 100w, https:\/\/rapportactivite.cjf.lu\/wp-content\/uploads\/2022\/05\/hm.png 500w\" sizes=\"(max-width: 300px) 100vw, 300px\" \/>\t\t\t\t\t\t\t\t\t\t\t\t\t\t\t<\/div>\n\t\t\t\t<\/div>\n\t\t\t\t<div class=\"elementor-element elementor-element-30e82bc elementor-widget elementor-widget-image\" data-id=\"30e82bc\" data-element_type=\"widget\" data-widget_type=\"image.default\">\n\t\t\t\t<div class=\"elementor-widget-container\">\n\t\t\t\t\t\t\t\t\t\t\t\t\t\t\t<img width=\"500\" height=\"500\" src=\"https:\/\/rapportactivite.cjf.lu\/wp-content\/uploads\/2022\/05\/prob.png\" class=\"attachment-woocommerce_single size-woocommerce_single\" alt=\"\" loading=\"lazy\" srcset=\"https:\/\/rapportactivite.cjf.lu\/wp-content\/uploads\/2022\/05\/prob.png 500w, https:\/\/rapportactivite.cjf.lu\/wp-content\/uploads\/2022\/05\/prob-300x300.png 300w, https:\/\/rapportactivite.cjf.lu\/wp-content\/uploads\/2022\/05\/prob-150x150.png 150w, https:\/\/rapportactivite.cjf.lu\/wp-content\/uploads\/2022\/05\/prob-100x100.png 100w\" sizes=\"(max-width: 500px) 100vw, 500px\" \/>\t\t\t\t\t\t\t\t\t\t\t\t\t\t\t<\/div>\n\t\t\t\t<\/div>\n\t\t\t\t\t<\/div>\n\t\t<\/div>\n\t\t\t\t\t\t\t<\/div>\n\t\t<\/section>\n\t\t\t\t<section class=\"elementor-section elementor-top-section elementor-element elementor-element-ddcdeb0 elementor-section-boxed elementor-section-height-default elementor-section-height-default edgtf-elementor-container-no edgtf-section edgtf-parallax-section-holder-touch-disabled edgtf-parallax-section-no\" data-id=\"ddcdeb0\" data-element_type=\"section\" data-settings=\"{&quot;background_background&quot;:&quot;classic&quot;}\">\n\t\t\t\t\t\t<div class=\"elementor-container elementor-column-gap-default\">\n\t\t\t\t\t<div class=\"elementor-column elementor-col-100 elementor-top-column elementor-element elementor-element-f02af88\" data-id=\"f02af88\" data-element_type=\"column\" data-settings=\"{&quot;background_background&quot;:&quot;classic&quot;}\">\n\t\t\t<div class=\"elementor-widget-wrap elementor-element-populated\">\n\t\t\t\t\t\t\t\t<div class=\"elementor-element elementor-element-f7db8fb elementor-widget elementor-widget-edgtf_call_to_action\" data-id=\"f7db8fb\" data-element_type=\"widget\" data-widget_type=\"edgtf_call_to_action.default\">\n\t\t\t\t<div class=\"elementor-widget-container\">\n\t\t\t\t<div class=\"edgtf-container-inner\">\n\t<div class=\"edgtf-call-to-action normal\" style=\"background-color: #FCBF48;\">\n\n\t\t\t\t\t<div class=\"edgtf-call-to-action-row-75-25 clearfix\" >\n\t\t\t\t\t\t<div class=\"edgtf-text-wrapper edgtf-call-to-action-column1 edgtf-call-to-action-cell \">\n\t\t\t\t\t<div class=\"edgtf-call-to-action-text\" style=\"text-align: center\"><span style=\"color: #ffffff;\">Rapport d'activit\u00e9s Streetwork  2021<\/span>\t\t\t\t\t\t\t\t\t\t\t<\/div>\n\t\t\t\t<\/div>\n\n\t\t\t\t\t\t\t\t\t<div class=\"edgtf-button-wrapper edgtf-call-to-action-column2 edgtf-call-to-action-cell\" style =\"text-align:  ;\">\n\t\t\t\t\t\t<a itemprop=\"url\" href=\"http:\/\/rapportactivite.cjf.lu\/wp-content\/uploads\/2022\/05\/StreetworkCJFJahresbericht2021.pdf\" target=\"_blank\" style=\"color: #FFFFFF;background-color: #FCBF48;border-color: #FFFFFF\" class=\"edgtf-btn edgtf-btn-medium edgtf-btn-solid edgtf-btn-custom-hover-bg edgtf-btn-custom-hover-color\" data-hover-bg-color=\"#FFFFFF\" data-hover-color=\"#212121\" >\t<span class=\"edgtf-btn-text\">Consulter<\/span>    <\/a>\t\t\t\t\t<\/div>\n\t\t\t\t\t\t\t<\/div>\n\t\t\t<\/div>\n\t<\/div>\n\t\t<\/div>\n\t\t\t\t<\/div>\n\t\t\t\t\t<\/div>\n\t\t<\/div>\n\t\t\t\t\t\t\t<\/div>\n\t\t<\/section>\n\t\t\t\t\t\t\t<\/div>\n\t\t","protected":false},"excerpt":{"rendered":"<p>Les travailleurs de rue de Caritas Jeunes et Familles font partie du \u00ab Service Streetwork \u00bb de la ville de Luxembourg et sont pr\u00e9sents sur le territoire de la ville de Luxembourg, plus pr\u00e9cis\u00e9ment, au Pfaffenthal, Clausen, Grund, Neudorf Ouest, Limpertsberg et la Gare de&#8230;<\/p>\n","protected":false},"author":2,"featured_media":0,"parent":0,"menu_order":0,"comment_status":"closed","ping_status":"closed","template":"full-width.php","meta":[],"_links":{"self":[{"href":"https:\/\/rapportactivite.cjf.lu\/index.php?rest_route=\/wp\/v2\/pages\/25822"}],"collection":[{"href":"https:\/\/rapportactivite.cjf.lu\/index.php?rest_route=\/wp\/v2\/pages"}],"about":[{"href":"https:\/\/rapportactivite.cjf.lu\/index.php?rest_route=\/wp\/v2\/types\/page"}],"author":[{"embeddable":true,"href":"https:\/\/rapportactivite.cjf.lu\/index.php?rest_route=\/wp\/v2\/users\/2"}],"replies":[{"embeddable":true,"href":"https:\/\/rapportactivite.cjf.lu\/index.php?rest_route=%2Fwp%2Fv2%2Fcomments&post=25822"}],"version-history":[{"count":28,"href":"https:\/\/rapportactivite.cjf.lu\/index.php?rest_route=\/wp\/v2\/pages\/25822\/revisions"}],"predecessor-version":[{"id":26376,"href":"https:\/\/rapportactivite.cjf.lu\/index.php?rest_route=\/wp\/v2\/pages\/25822\/revisions\/26376"}],"wp:attachment":[{"href":"https:\/\/rapportactivite.cjf.lu\/index.php?rest_route=%2Fwp%2Fv2%2Fmedia&parent=25822"}],"curies":[{"name":"wp","href":"https:\/\/api.w.org\/{rel}","templated":true}]}}