
{"id":25526,"date":"2022-05-29T15:43:57","date_gmt":"2022-05-29T15:43:57","guid":{"rendered":"http:\/\/rapportactivite.cjf.lu\/?page_id=25526"},"modified":"2023-05-22T19:56:38","modified_gmt":"2023-05-22T19:56:38","slug":"quinzaine-de-la-bientraitance","status":"publish","type":"page","link":"https:\/\/rapportactivite.cjf.lu\/?page_id=25526","title":{"rendered":"Quinzaine de la Bientraitance"},"content":{"rendered":"\t\t<div data-elementor-type=\"wp-page\" data-elementor-id=\"25526\" class=\"elementor elementor-25526\">\n\t\t\t\t\t\t\t\t\t<section class=\"elementor-section elementor-top-section elementor-element elementor-element-68973fa elementor-section-full_width edgtf-elementor-container-inner elementor-section-height-default elementor-section-height-default edgtf-section edgtf-parallax-section-holder-touch-disabled edgtf-parallax-section-no\" data-id=\"68973fa\" data-element_type=\"section\" data-settings=\"{&quot;background_background&quot;:&quot;classic&quot;}\">\n\t\t\t\t\t\t<div class=\"elementor-container elementor-column-gap-default\">\n\t\t\t\t\t<div class=\"elementor-column elementor-col-50 elementor-top-column elementor-element elementor-element-d059b77\" data-id=\"d059b77\" data-element_type=\"column\">\n\t\t\t<div class=\"elementor-widget-wrap elementor-element-populated\">\n\t\t\t\t\t\t\t\t<div class=\"elementor-element elementor-element-3372a79 elementor-widget elementor-widget-image\" data-id=\"3372a79\" data-element_type=\"widget\" data-widget_type=\"image.default\">\n\t\t\t\t<div class=\"elementor-widget-container\">\n\t\t\t<style>\/*! elementor - v3.6.5 - 27-04-2022 *\/\n.elementor-widget-image{text-align:center}.elementor-widget-image a{display:inline-block}.elementor-widget-image a img[src$=\".svg\"]{width:48px}.elementor-widget-image img{vertical-align:middle;display:inline-block}<\/style>\t\t\t\t\t\t\t\t\t\t\t\t<img width=\"1024\" height=\"1024\" src=\"https:\/\/rapportactivite.cjf.lu\/wp-content\/uploads\/2022\/05\/Stempel-Quinzaine-de-la-Bientraitance-2021-1024x1024.png\" class=\"attachment-large size-large\" alt=\"\" loading=\"lazy\" srcset=\"https:\/\/rapportactivite.cjf.lu\/wp-content\/uploads\/2022\/05\/Stempel-Quinzaine-de-la-Bientraitance-2021-1024x1024.png 1024w, https:\/\/rapportactivite.cjf.lu\/wp-content\/uploads\/2022\/05\/Stempel-Quinzaine-de-la-Bientraitance-2021-300x300.png 300w, https:\/\/rapportactivite.cjf.lu\/wp-content\/uploads\/2022\/05\/Stempel-Quinzaine-de-la-Bientraitance-2021-150x150.png 150w, https:\/\/rapportactivite.cjf.lu\/wp-content\/uploads\/2022\/05\/Stempel-Quinzaine-de-la-Bientraitance-2021-768x768.png 768w, https:\/\/rapportactivite.cjf.lu\/wp-content\/uploads\/2022\/05\/Stempel-Quinzaine-de-la-Bientraitance-2021-550x550.png 550w, https:\/\/rapportactivite.cjf.lu\/wp-content\/uploads\/2022\/05\/Stempel-Quinzaine-de-la-Bientraitance-2021-1000x1000.png 1000w, https:\/\/rapportactivite.cjf.lu\/wp-content\/uploads\/2022\/05\/Stempel-Quinzaine-de-la-Bientraitance-2021-650x650.png 650w, https:\/\/rapportactivite.cjf.lu\/wp-content\/uploads\/2022\/05\/Stempel-Quinzaine-de-la-Bientraitance-2021-600x600.png 600w, https:\/\/rapportactivite.cjf.lu\/wp-content\/uploads\/2022\/05\/Stempel-Quinzaine-de-la-Bientraitance-2021-100x100.png 100w, https:\/\/rapportactivite.cjf.lu\/wp-content\/uploads\/2022\/05\/Stempel-Quinzaine-de-la-Bientraitance-2021.png 1250w\" sizes=\"(max-width: 1024px) 100vw, 1024px\" \/>\t\t\t\t\t\t\t\t\t\t\t\t\t\t\t<\/div>\n\t\t\t\t<\/div>\n\t\t\t\t<div class=\"elementor-element elementor-element-ef6513b elementor-widget elementor-widget-edgtf_separator\" data-id=\"ef6513b\" data-element_type=\"widget\" data-widget_type=\"edgtf_separator.default\">\n\t\t\t\t<div class=\"elementor-widget-container\">\n\t\t\t<div class=\"edgtf-separator-holder clearfix  edgtf-separator-left edgtf-separator-normal\">\n\t<div class=\"edgtf-separator\" style=\"border-color: #FFB422;width: 55px;border-bottom-width: 3px;margin-top: 25px;margin-bottom: 25px\"><\/div>\n<\/div>\n\t\t<\/div>\n\t\t\t\t<\/div>\n\t\t\t\t<div class=\"elementor-element elementor-element-c328f03 elementor-widget elementor-widget-audio\" data-id=\"c328f03\" data-element_type=\"widget\" data-widget_type=\"audio.default\">\n\t\t\t\t<div class=\"elementor-widget-container\">\n\t\t\t\t\t\t<div class=\"elementor-soundcloud-wrapper\">\n\t\t\t\t<iframe loading=\"lazy\" width=\"1060\" height=\"200\" frameborder=\"no\" src=\"https:\/\/w.soundcloud.com\/player\/?visual=false&#038;url=https%3A%2F%2Fapi.soundcloud.com%2Ftracks%2F1277337601&#038;show_artwork=true&#038;maxheight=1000&#038;maxwidth=1060&#038;auto_play=false&#038;buying=false&#038;liking=false&#038;download=false&#038;sharing=false&#038;show_comments=false&#038;show_playcount=false&#038;show_user=false&#038;color\"><\/iframe>\t\t\t<\/div>\n\t\t\t\t\t<\/div>\n\t\t\t\t<\/div>\n\t\t\t\t\t<\/div>\n\t\t<\/div>\n\t\t\t\t<div class=\"elementor-column elementor-col-50 elementor-top-column elementor-element elementor-element-2011edd\" data-id=\"2011edd\" data-element_type=\"column\">\n\t\t\t<div class=\"elementor-widget-wrap elementor-element-populated\">\n\t\t\t\t\t\t\t\t<div class=\"elementor-element elementor-element-9186884 elementor-widget elementor-widget-text-editor\" data-id=\"9186884\" data-element_type=\"widget\" data-widget_type=\"text-editor.default\">\n\t\t\t\t<div class=\"elementor-widget-container\">\n\t\t\t<style>\/*! elementor - v3.6.5 - 27-04-2022 *\/\n.elementor-widget-text-editor.elementor-drop-cap-view-stacked .elementor-drop-cap{background-color:#818a91;color:#fff}.elementor-widget-text-editor.elementor-drop-cap-view-framed .elementor-drop-cap{color:#818a91;border:3px solid;background-color:transparent}.elementor-widget-text-editor:not(.elementor-drop-cap-view-default) .elementor-drop-cap{margin-top:8px}.elementor-widget-text-editor:not(.elementor-drop-cap-view-default) .elementor-drop-cap-letter{width:1em;height:1em}.elementor-widget-text-editor .elementor-drop-cap{float:left;text-align:center;line-height:1;font-size:50px}.elementor-widget-text-editor .elementor-drop-cap-letter{display:inline-block}<\/style>\t\t\t\t<div class=\"wpb_text_column wpb_content_element \"><div class=\"wpb_wrapper\"><h2>Quinzaine de la Bientraitance<\/h2><\/div><\/div>\t\t\t\t\t\t<\/div>\n\t\t\t\t<\/div>\n\t\t\t\t<div class=\"elementor-element elementor-element-ae59e4f elementor-widget elementor-widget-edgtf_separator\" data-id=\"ae59e4f\" data-element_type=\"widget\" data-widget_type=\"edgtf_separator.default\">\n\t\t\t\t<div class=\"elementor-widget-container\">\n\t\t\t<div class=\"edgtf-separator-holder clearfix  edgtf-separator-left edgtf-separator-normal\">\n\t<div class=\"edgtf-separator\" style=\"border-color: #FFB422;width: 55px;border-bottom-width: 3px;margin-top: 25px;margin-bottom: 25px\"><\/div>\n<\/div>\n\t\t<\/div>\n\t\t\t\t<\/div>\n\t\t\t\t<div class=\"elementor-element elementor-element-b5be802 elementor-widget elementor-widget-text-editor\" data-id=\"b5be802\" data-element_type=\"widget\" data-widget_type=\"text-editor.default\">\n\t\t\t\t<div class=\"elementor-widget-container\">\n\t\t\t\t\t\t\t<p style=\"font-weight: 400;\">2021 a \u00e9t\u00e9 la premi\u00e8re ann\u00e9e de la Quinzaine de la Bientraitance lanc\u00e9e par la coordination p\u00e9dagogique de Caritas Jeunes et Familles. Cette initiative est n\u00e9e de l\u2019id\u00e9e de traduire la Bientraitance dans les pratiques p\u00e9dagogiques, entre les collaborateurs et dans les relations de Caritas Jeunes et Familles avec les parties prenantes.<\/p>\n<p style=\"font-weight: 400;\">Un logo ins\u00e9r\u00e9 dans le papier \u00e0 ent\u00eate et dans les signatures d\u2019email a \u00e9t\u00e9 une premi\u00e8re \u00e9tape signifiant la volont\u00e9 de Caritas Jeunes et Familles de promouvoir la bientraitance en utilisant tous les canaux de communication. L\u2019\u00e9tape suivante a \u00e9t\u00e9 de distribuer des autocollants afin que les 600 collaborateurs puissent y apposer leurs pr\u00e9noms et les coller sur des tableaux pr\u00e9vus \u00e0 cet effet dans leurs structures respectives. Cette initiative se poursuit en 2022&nbsp;: en effet, les nouveaux collaborateurs sont invit\u00e9s \u00e0 lire la Charte de la Bientraitance et \u00e0 joindre leur autocollant, remis \u00e0 la signature de leur contrat de travail, sur le tableau existant.<\/p>\n<p style=\"font-weight: 400;\">Cette initiative a rencontr\u00e9 un franc succ\u00e8s sur le terrain&nbsp;: les services support, les structures de Service d\u2019\u00c9ducation et d\u2019Accueil ainsi que les structures d\u2019Aide \u00e0 l\u2019Enfance et \u00e0 la Famille ont cr\u00e9\u00e9 des projets autour de la th\u00e9matique de la Bientraitance, en collaboration avec les jeunes et les enfants.<\/p>\t\t\t\t\t\t<\/div>\n\t\t\t\t<\/div>\n\t\t\t\t\t<\/div>\n\t\t<\/div>\n\t\t\t\t\t\t\t<\/div>\n\t\t<\/section>\n\t\t\t\t<section class=\"elementor-section elementor-top-section elementor-element elementor-element-ddcdeb0 elementor-section-boxed elementor-section-height-default elementor-section-height-default edgtf-elementor-container-no edgtf-section edgtf-parallax-section-holder-touch-disabled edgtf-parallax-section-no\" data-id=\"ddcdeb0\" data-element_type=\"section\" data-settings=\"{&quot;background_background&quot;:&quot;classic&quot;}\">\n\t\t\t\t\t\t<div class=\"elementor-container elementor-column-gap-default\">\n\t\t\t\t\t<div class=\"elementor-column elementor-col-100 elementor-top-column elementor-element elementor-element-f02af88\" data-id=\"f02af88\" data-element_type=\"column\" data-settings=\"{&quot;background_background&quot;:&quot;classic&quot;}\">\n\t\t\t<div class=\"elementor-widget-wrap elementor-element-populated\">\n\t\t\t\t\t\t\t\t<div class=\"elementor-element elementor-element-f7db8fb elementor-widget elementor-widget-edgtf_call_to_action\" data-id=\"f7db8fb\" data-element_type=\"widget\" data-widget_type=\"edgtf_call_to_action.default\">\n\t\t\t\t<div class=\"elementor-widget-container\">\n\t\t\t\t<div class=\"edgtf-call-to-action normal\" style=\"background-color: #FCBF48;\">\n\n\t\t\t\t<div class=\"edgtf-container-inner\">\n\t\t\t\t\t<div class=\"edgtf-call-to-action-row-50-50 clearfix\" >\n\t\t\t\t\t\t<div class=\"edgtf-text-wrapper edgtf-call-to-action-column1 edgtf-call-to-action-cell \">\n\t\t\t\t\t<div class=\"edgtf-call-to-action-text\" style=\"text-align: center\">\t\t\t\t\t\t\t\t\t\t\t<\/div>\n\t\t\t\t<\/div>\n\n\t\t\t\t\t\t\t\t\t<div class=\"edgtf-button-wrapper edgtf-call-to-action-column2 edgtf-call-to-action-cell\" style =\"text-align: center ;\">\n\t\t\t\t\t\t<a itemprop=\"url\" href=\"http:\/\/rapportactivite.cjf.lu\" target=\"_self\" style=\"color: #FFFFFF;background-color: #FCBF48;border-color: #FFFFFF\" class=\"edgtf-btn edgtf-btn-medium edgtf-btn-solid edgtf-btn-custom-hover-bg edgtf-btn-custom-hover-color\" data-hover-bg-color=\"#FFFFFF\" data-hover-color=\"#212121\" >\t<span class=\"edgtf-btn-text\">Retour<\/span>    <\/a>\t\t\t\t\t<\/div>\n\t\t\t\t\t\t\t<\/div>\n\t\t\t\t<\/div>\n\t\t\t<\/div>\n\t\t<\/div>\n\t\t\t\t<\/div>\n\t\t\t\t\t<\/div>\n\t\t<\/div>\n\t\t\t\t\t\t\t<\/div>\n\t\t<\/section>\n\t\t\t\t\t\t\t<\/div>\n\t\t","protected":false},"excerpt":{"rendered":"<p>Quinzaine de la Bientraitance 2021 a \u00e9t\u00e9 la premi\u00e8re ann\u00e9e de la Quinzaine de la Bientraitance lanc\u00e9e par la coordination p\u00e9dagogique de Caritas Jeunes et Familles. Cette initiative est n\u00e9e de l\u2019id\u00e9e de traduire la Bientraitance dans les pratiques p\u00e9dagogiques, entre les collaborateurs et dans&#8230;<\/p>\n","protected":false},"author":2,"featured_media":0,"parent":0,"menu_order":0,"comment_status":"closed","ping_status":"closed","template":"full-width.php","meta":[],"_links":{"self":[{"href":"https:\/\/rapportactivite.cjf.lu\/index.php?rest_route=\/wp\/v2\/pages\/25526"}],"collection":[{"href":"https:\/\/rapportactivite.cjf.lu\/index.php?rest_route=\/wp\/v2\/pages"}],"about":[{"href":"https:\/\/rapportactivite.cjf.lu\/index.php?rest_route=\/wp\/v2\/types\/page"}],"author":[{"embeddable":true,"href":"https:\/\/rapportactivite.cjf.lu\/index.php?rest_route=\/wp\/v2\/users\/2"}],"replies":[{"embeddable":true,"href":"https:\/\/rapportactivite.cjf.lu\/index.php?rest_route=%2Fwp%2Fv2%2Fcomments&post=25526"}],"version-history":[{"count":16,"href":"https:\/\/rapportactivite.cjf.lu\/index.php?rest_route=\/wp\/v2\/pages\/25526\/revisions"}],"predecessor-version":[{"id":26144,"href":"https:\/\/rapportactivite.cjf.lu\/index.php?rest_route=\/wp\/v2\/pages\/25526\/revisions\/26144"}],"wp:attachment":[{"href":"https:\/\/rapportactivite.cjf.lu\/index.php?rest_route=%2Fwp%2Fv2%2Fmedia&parent=25526"}],"curies":[{"name":"wp","href":"https:\/\/api.w.org\/{rel}","templated":true}]}}