
{"id":25370,"date":"2022-05-27T13:50:48","date_gmt":"2022-05-27T13:50:48","guid":{"rendered":"http:\/\/rapportactivite.cjf.lu\/?page_id=25370"},"modified":"2022-06-27T09:22:09","modified_gmt":"2022-06-27T09:22:09","slug":"groupes-de-vie","status":"publish","type":"page","link":"https:\/\/rapportactivite.cjf.lu\/?page_id=25370","title":{"rendered":"Groupes de vie"},"content":{"rendered":"\t\t<div data-elementor-type=\"wp-page\" data-elementor-id=\"25370\" class=\"elementor elementor-25370\">\n\t\t\t\t\t\t\t\t\t<section class=\"elementor-section elementor-top-section elementor-element elementor-element-96f04d2 elementor-section-boxed elementor-section-height-default elementor-section-height-default edgtf-elementor-container-no edgtf-section edgtf-parallax-section-holder-touch-disabled edgtf-parallax-section-no\" data-id=\"96f04d2\" data-element_type=\"section\">\n\t\t\t\t\t\t<div class=\"elementor-container elementor-column-gap-default\">\n\t\t\t\t\t<div class=\"elementor-column elementor-col-50 elementor-top-column elementor-element elementor-element-4a008da\" data-id=\"4a008da\" data-element_type=\"column\">\n\t\t\t<div class=\"elementor-widget-wrap elementor-element-populated\">\n\t\t\t\t\t\t\t\t<div class=\"elementor-element elementor-element-7fff202 elementor-widget elementor-widget-text-editor\" data-id=\"7fff202\" data-element_type=\"widget\" data-widget_type=\"text-editor.default\">\n\t\t\t\t<div class=\"elementor-widget-container\">\n\t\t\t<style>\/*! elementor - v3.6.5 - 27-04-2022 *\/\n.elementor-widget-text-editor.elementor-drop-cap-view-stacked .elementor-drop-cap{background-color:#818a91;color:#fff}.elementor-widget-text-editor.elementor-drop-cap-view-framed .elementor-drop-cap{color:#818a91;border:3px solid;background-color:transparent}.elementor-widget-text-editor:not(.elementor-drop-cap-view-default) .elementor-drop-cap{margin-top:8px}.elementor-widget-text-editor:not(.elementor-drop-cap-view-default) .elementor-drop-cap-letter{width:1em;height:1em}.elementor-widget-text-editor .elementor-drop-cap{float:left;text-align:center;line-height:1;font-size:50px}.elementor-widget-text-editor .elementor-drop-cap-letter{display:inline-block}<\/style>\t\t\t\t<p style=\"font-weight: 400;\">Caritas Jeunes et Familles compte 6 groupes de vie. Ces groupes de vie nous permettent d\u2019accueillir et d\u2019accompagner la vie d\u2019enfants et de jeunes de 3 \u00e0 18 ans. Notre groupe BEO, qui fournit un accueil d\u2019urgence, dispose \u00e9galement de l\u2019agr\u00e9ment pour les enfants de moins de 3 ans. Ainsi, en cas de besoin, l\u2019accueil d\u2019un petit enfant n\u2019est pas exclu, en particulier pour ne pas s\u00e9parer une fratrie. Nos \u00e9ducateurs, dans les groupes de vie, ont une mission particuli\u00e8re puisqu\u2019il s\u2019agit d\u2019accompagner les enfants et les jeunes avec leurs histoires de vie respectives, r\u00e9pondre \u00e0 leurs besoins individuels tout en leur fournissant un cadre proche du cadre familial. Plus pr\u00e9cis\u00e9ment, il s\u2019agit de r\u00e9pondre \u00e0 leurs besoins \u00e9ducatifs, \u00e9motionnels, et mat\u00e9riels pour leur permettre de grandir et de devenir des adultes qui ont les ressources n\u00e9cessaires pour construire une vie qui leur convient. L&rsquo;objectif \u00e9tant toujours, si l&rsquo;\u00e9volution de la situation le permet, la r\u00e9int\u00e9gration dans le milieu familial.<\/p>\n<p style=\"font-weight: 400;\">En 2021, les groupes de vie ont \u00e9t\u00e9 cr\u00e9atifs et agiles&nbsp;: cr\u00e9atifs car ils ont su trouver des activit\u00e9s qui permettaient aux enfants de sortir du contexte du groupe de vie, de faire de nouvelles d\u00e9couvertes, tout en respectant le cadre impos\u00e9 par le contexte sanitaire. Agiles, car nos groupes de vie se sont adapt\u00e9s constamment aux mesures sanitaires tout en priorisant les besoins physiologiques et psychiques des enfants et des jeunes.<\/p>\n<p style=\"font-weight: 400;\">Cette ann\u00e9e, <strong>BEO<\/strong> a pu proposer beaucoup d\u2019activit\u00e9s sportives, culturelles ou \u00ab&nbsp;nature&nbsp;\u00bb&nbsp;: des balades \u00e0 v\u00e9lo, natation, airtramp, visites de mus\u00e9es, cin\u00e9ma ou encore des promenades en for\u00eats et des excursions dans des parcs animaliers.<\/p>\n<p style=\"font-weight: 400;\">Le groupe de vie <strong>PAIKIA<\/strong> a r\u00e9ussi \u00e0 mener deux projets avec succ\u00e8s. Le premier projet consistait \u00e0 emmener le groupe camper dans le Nord du Luxembourg. L\u2019objectif p\u00e9dagogique \u00e9tait de continuer \u00e0 tisser des liens de confiance en dehors du lieu de vie, loin des stimulations quotidiennes. Le second a conduit \u00e0 un rapprochement familial&nbsp;: en effet, une jeune fille a pu rejoindre une partie de sa famille vivant dans un autre pays.<\/p>\n<p style=\"font-weight: 400;\">Au niveau de l\u2019occupation du groupe de vie <b>Taboo-Jokers<\/b>, il y a eu quelques changements en 2021. Deux adolescents sont retourn\u00e9s dans leur famille et deux jeunes adultes ont \u00e9t\u00e9 orient\u00e9s vers un logement social encadr\u00e9 (\u00ab Slemo \u00bb) pour continuer leurs projets d\u2019autonomisation.<\/p>\n<p style=\"font-weight: 400;\"><span style=\"color: var( --e-global-color-text ); font-family: var( --e-global-typography-text-font-family ), Sans-serif; font-weight: var( --e-global-typography-text-font-weight );\">Le sport est un ma\u00eetre-mot pour ce groupe, de nombreuses activit\u00e9s sportives sont toujours planifi\u00e9es, pr\u00e9par\u00e9es et puis r\u00e9alis\u00e9es, comme des excursions en Mountain Bike, ou des activit\u00e9s au \u00ab&nbsp;CK Sportcenter Kockelscheuer&nbsp;\u00bb, telles que Badminton et Squash.&nbsp;<\/span><span style=\"color: var( --e-global-color-text ); font-family: var( --e-global-typography-text-font-family ), Sans-serif; font-weight: var( --e-global-typography-text-font-weight );\">D\u2019autres activit\u00e9s ador\u00e9es par les jeunes \u00e9taient le karting, stand-Up paddling, des escape rooms et le laser game.<\/span><\/p>\n<p style=\"font-weight: 400;\"><span style=\"color: var( --e-global-color-text ); font-family: var( --e-global-typography-text-font-family ), Sans-serif; font-weight: var( --e-global-typography-text-font-weight );\">Les enfants du groupe de vie <strong>Yakary<\/strong> ont particip\u00e9 \u00e0 un projet de gestion des \u00e9motions et de l&rsquo;attention pendant 8 semaines cons\u00e9cutives: une \u00e9ducatrice a conduit ces s\u00e9ances afin de donner de nouveaux outils aux enfants. Plus pr\u00e9cis\u00e9ment, les exercices permettaient de travailler sur des axes tels que: \u00e9couter son corps, utiliser ses sens, les notions de confiance et l\u00e2cher prise mais aussi d\u00e9tecter et reconna\u00eetre ses \u00e9motions.<\/span><\/p>\t\t\t\t\t\t<\/div>\n\t\t\t\t<\/div>\n\t\t\t\t\t<\/div>\n\t\t<\/div>\n\t\t\t\t<div class=\"elementor-column elementor-col-50 elementor-top-column elementor-element elementor-element-ea2bcd7\" data-id=\"ea2bcd7\" data-element_type=\"column\">\n\t\t\t<div class=\"elementor-widget-wrap elementor-element-populated\">\n\t\t\t\t\t\t\t\t<div class=\"elementor-element elementor-element-c15905b elementor-widget elementor-widget-edgtf_project_presentation\" data-id=\"c15905b\" data-element_type=\"widget\" data-widget_type=\"edgtf_project_presentation.default\">\n\t\t\t\t<div class=\"elementor-widget-container\">\n\t\t\t<div class=\"edgtf-project-presentation presentation-left edgtf-project-presentation-dark\">\n    <div class=\"edgtf-pp-content-holder\">\n        <div class=\"edgtf-pp-content-left\">\n            <div class=\"edgtf-pp-text-holder\" >\n                                    <h2 class=\"edgtf-pp-title\">\n                        BEO                    <\/h2>\n                                                    <p class=\"edgtf-pp-subtitle\">\n                        De 3 \u00e0 18 ans - Filles &amp; Gar\u00e7ons - 10 places\n                    <\/p>\n                \t                        <\/div>\n        <\/div>\n        <div class=\"edgtf-pp-content-right\">\n            <div class=\"edgtf-pp-gallery\">\n                <div class=\"edgtf-pp-gallery-slider\" data-autoplay=\"3\" data-pagination=\"no\">\n                                    <\/div>\n            <\/div>\n        <\/div>\n    <\/div>\n<\/div>\t\t<\/div>\n\t\t\t\t<\/div>\n\t\t\t\t<div class=\"elementor-element elementor-element-fe77018 elementor-widget elementor-widget-edgtf_project_presentation\" data-id=\"fe77018\" data-element_type=\"widget\" data-widget_type=\"edgtf_project_presentation.default\">\n\t\t\t\t<div class=\"elementor-widget-container\">\n\t\t\t<div class=\"edgtf-project-presentation presentation-left edgtf-project-presentation-dark\">\n    <div class=\"edgtf-pp-content-holder\">\n        <div class=\"edgtf-pp-content-left\">\n            <div class=\"edgtf-pp-text-holder\" >\n                                    <h2 class=\"edgtf-pp-title\">\n                        Kirykou                    <\/h2>\n                                                    <p class=\"edgtf-pp-subtitle\">\n                        De 3 \u00e0 13 ans - Filles &amp; Gar\u00e7ons - 9 places\n                    <\/p>\n                \t                        <\/div>\n        <\/div>\n        <div class=\"edgtf-pp-content-right\">\n            <div class=\"edgtf-pp-gallery\">\n                <div class=\"edgtf-pp-gallery-slider\" data-autoplay=\"3\" data-pagination=\"no\">\n                                    <\/div>\n            <\/div>\n        <\/div>\n    <\/div>\n<\/div>\t\t<\/div>\n\t\t\t\t<\/div>\n\t\t\t\t<div class=\"elementor-element elementor-element-250a802 elementor-widget elementor-widget-edgtf_project_presentation\" data-id=\"250a802\" data-element_type=\"widget\" data-widget_type=\"edgtf_project_presentation.default\">\n\t\t\t\t<div class=\"elementor-widget-container\">\n\t\t\t<div class=\"edgtf-project-presentation presentation-left edgtf-project-presentation-dark\">\n    <div class=\"edgtf-pp-content-holder\">\n        <div class=\"edgtf-pp-content-left\">\n            <div class=\"edgtf-pp-text-holder\" >\n                                    <h2 class=\"edgtf-pp-title\">\n                        Yakary                    <\/h2>\n                                                    <p class=\"edgtf-pp-subtitle\">\n                        De 3 \u00e0 14 ans - Filles &amp; Gar\u00e7ons - 9 places\n                    <\/p>\n                \t                        <\/div>\n        <\/div>\n        <div class=\"edgtf-pp-content-right\">\n            <div class=\"edgtf-pp-gallery\">\n                <div class=\"edgtf-pp-gallery-slider\" data-autoplay=\"3\" data-pagination=\"no\">\n                                    <\/div>\n            <\/div>\n        <\/div>\n    <\/div>\n<\/div>\t\t<\/div>\n\t\t\t\t<\/div>\n\t\t\t\t<div class=\"elementor-element elementor-element-bd9fcfc elementor-widget elementor-widget-edgtf_project_presentation\" data-id=\"bd9fcfc\" data-element_type=\"widget\" data-widget_type=\"edgtf_project_presentation.default\">\n\t\t\t\t<div class=\"elementor-widget-container\">\n\t\t\t<div class=\"edgtf-project-presentation presentation-left edgtf-project-presentation-dark\">\n    <div class=\"edgtf-pp-content-holder\">\n        <div class=\"edgtf-pp-content-left\">\n            <div class=\"edgtf-pp-text-holder\" >\n                                    <h2 class=\"edgtf-pp-title\">\n                        Paikia                    <\/h2>\n                                                    <p class=\"edgtf-pp-subtitle\">\n                        De 13 \u00e0 18 ans - Filles - 8 places\n                    <\/p>\n                \t                        <\/div>\n        <\/div>\n        <div class=\"edgtf-pp-content-right\">\n            <div class=\"edgtf-pp-gallery\">\n                <div class=\"edgtf-pp-gallery-slider\" data-autoplay=\"3\" data-pagination=\"no\">\n                                    <\/div>\n            <\/div>\n        <\/div>\n    <\/div>\n<\/div>\t\t<\/div>\n\t\t\t\t<\/div>\n\t\t\t\t<div class=\"elementor-element elementor-element-c8d6747 elementor-widget elementor-widget-edgtf_project_presentation\" data-id=\"c8d6747\" data-element_type=\"widget\" data-widget_type=\"edgtf_project_presentation.default\">\n\t\t\t\t<div class=\"elementor-widget-container\">\n\t\t\t<div class=\"edgtf-project-presentation presentation-left edgtf-project-presentation-dark\">\n    <div class=\"edgtf-pp-content-holder\">\n        <div class=\"edgtf-pp-content-left\">\n            <div class=\"edgtf-pp-text-holder\" >\n                                    <h2 class=\"edgtf-pp-title\">\n                        Esperanza                    <\/h2>\n                                                    <p class=\"edgtf-pp-subtitle\">\n                        De 13 \u00e0 18 ans - Filles - 6 places\n                    <\/p>\n                \t                        <\/div>\n        <\/div>\n        <div class=\"edgtf-pp-content-right\">\n            <div class=\"edgtf-pp-gallery\">\n                <div class=\"edgtf-pp-gallery-slider\" data-autoplay=\"3\" data-pagination=\"no\">\n                                    <\/div>\n            <\/div>\n        <\/div>\n    <\/div>\n<\/div>\t\t<\/div>\n\t\t\t\t<\/div>\n\t\t\t\t<div class=\"elementor-element elementor-element-e1e9805 elementor-widget elementor-widget-edgtf_project_presentation\" data-id=\"e1e9805\" data-element_type=\"widget\" data-widget_type=\"edgtf_project_presentation.default\">\n\t\t\t\t<div class=\"elementor-widget-container\">\n\t\t\t<div class=\"edgtf-project-presentation presentation-left edgtf-project-presentation-dark\">\n    <div class=\"edgtf-pp-content-holder\">\n        <div class=\"edgtf-pp-content-left\">\n            <div class=\"edgtf-pp-text-holder\" >\n                                    <h2 class=\"edgtf-pp-title\">\n                        Taboo Jokers                    <\/h2>\n                                                    <p class=\"edgtf-pp-subtitle\">\n                        De 13 \u00e0 18 ans - Filles &amp; Gar\u00e7ons - 9 places\n                    <\/p>\n                \t                        <\/div>\n        <\/div>\n        <div class=\"edgtf-pp-content-right\">\n            <div class=\"edgtf-pp-gallery\">\n                <div class=\"edgtf-pp-gallery-slider\" data-autoplay=\"3\" data-pagination=\"no\">\n                                    <\/div>\n            <\/div>\n        <\/div>\n    <\/div>\n<\/div>\t\t<\/div>\n\t\t\t\t<\/div>\n\t\t\t\t\t<\/div>\n\t\t<\/div>\n\t\t\t\t\t\t\t<\/div>\n\t\t<\/section>\n\t\t\t\t<section class=\"elementor-section elementor-top-section elementor-element elementor-element-ddcdeb0 elementor-section-boxed elementor-section-height-default elementor-section-height-default edgtf-elementor-container-no edgtf-section edgtf-parallax-section-holder-touch-disabled edgtf-parallax-section-no\" data-id=\"ddcdeb0\" data-element_type=\"section\" data-settings=\"{&quot;background_background&quot;:&quot;classic&quot;}\">\n\t\t\t\t\t\t<div class=\"elementor-container elementor-column-gap-default\">\n\t\t\t\t\t<div class=\"elementor-column elementor-col-100 elementor-top-column elementor-element elementor-element-f02af88\" data-id=\"f02af88\" data-element_type=\"column\" data-settings=\"{&quot;background_background&quot;:&quot;classic&quot;}\">\n\t\t\t<div class=\"elementor-widget-wrap\">\n\t\t\t\t\t\t\t\t\t<\/div>\n\t\t<\/div>\n\t\t\t\t\t\t\t<\/div>\n\t\t<\/section>\n\t\t\t\t\t\t\t<\/div>\n\t\t","protected":false},"excerpt":{"rendered":"<p>Caritas Jeunes et Familles compte 6 groupes de vie. Ces groupes de vie nous permettent d\u2019accueillir et d\u2019accompagner la vie d\u2019enfants et de jeunes de 3 \u00e0 18 ans. Notre groupe BEO, qui fournit un accueil d\u2019urgence, dispose \u00e9galement de l\u2019agr\u00e9ment pour les enfants de&#8230;<\/p>\n","protected":false},"author":2,"featured_media":0,"parent":25267,"menu_order":0,"comment_status":"closed","ping_status":"closed","template":"full-width.php","meta":[],"_links":{"self":[{"href":"https:\/\/rapportactivite.cjf.lu\/index.php?rest_route=\/wp\/v2\/pages\/25370"}],"collection":[{"href":"https:\/\/rapportactivite.cjf.lu\/index.php?rest_route=\/wp\/v2\/pages"}],"about":[{"href":"https:\/\/rapportactivite.cjf.lu\/index.php?rest_route=\/wp\/v2\/types\/page"}],"author":[{"embeddable":true,"href":"https:\/\/rapportactivite.cjf.lu\/index.php?rest_route=\/wp\/v2\/users\/2"}],"replies":[{"embeddable":true,"href":"https:\/\/rapportactivite.cjf.lu\/index.php?rest_route=%2Fwp%2Fv2%2Fcomments&post=25370"}],"version-history":[{"count":51,"href":"https:\/\/rapportactivite.cjf.lu\/index.php?rest_route=\/wp\/v2\/pages\/25370\/revisions"}],"predecessor-version":[{"id":26381,"href":"https:\/\/rapportactivite.cjf.lu\/index.php?rest_route=\/wp\/v2\/pages\/25370\/revisions\/26381"}],"up":[{"embeddable":true,"href":"https:\/\/rapportactivite.cjf.lu\/index.php?rest_route=\/wp\/v2\/pages\/25267"}],"wp:attachment":[{"href":"https:\/\/rapportactivite.cjf.lu\/index.php?rest_route=%2Fwp%2Fv2%2Fmedia&parent=25370"}],"curies":[{"name":"wp","href":"https:\/\/api.w.org\/{rel}","templated":true}]}}