
{"id":25322,"date":"2022-05-19T19:18:00","date_gmt":"2022-05-19T19:18:00","guid":{"rendered":"http:\/\/rapportactivite.cjf.lu\/?page_id=25322"},"modified":"2022-06-27T09:32:46","modified_gmt":"2022-06-27T09:32:46","slug":"colonies-by-youngcaritas","status":"publish","type":"page","link":"https:\/\/rapportactivite.cjf.lu\/?page_id=25322","title":{"rendered":"Colonies by youngcaritas"},"content":{"rendered":"\t\t<div data-elementor-type=\"wp-page\" data-elementor-id=\"25322\" class=\"elementor elementor-25322\">\n\t\t\t\t\t\t\t\t\t<section class=\"elementor-section elementor-top-section elementor-element elementor-element-96f04d2 elementor-section-boxed elementor-section-height-default elementor-section-height-default edgtf-elementor-container-no edgtf-section edgtf-parallax-section-holder-touch-disabled edgtf-parallax-section-no\" data-id=\"96f04d2\" data-element_type=\"section\">\n\t\t\t\t\t\t<div class=\"elementor-container elementor-column-gap-default\">\n\t\t\t\t\t<div class=\"elementor-column elementor-col-50 elementor-top-column elementor-element elementor-element-4a008da\" data-id=\"4a008da\" data-element_type=\"column\">\n\t\t\t<div class=\"elementor-widget-wrap elementor-element-populated\">\n\t\t\t\t\t\t\t\t<div class=\"elementor-element elementor-element-f6c5e6f elementor-widget elementor-widget-image\" data-id=\"f6c5e6f\" data-element_type=\"widget\" data-widget_type=\"image.default\">\n\t\t\t\t<div class=\"elementor-widget-container\">\n\t\t\t<style>\/*! elementor - v3.6.5 - 27-04-2022 *\/\n.elementor-widget-image{text-align:center}.elementor-widget-image a{display:inline-block}.elementor-widget-image a img[src$=\".svg\"]{width:48px}.elementor-widget-image img{vertical-align:middle;display:inline-block}<\/style>\t\t\t\t\t\t\t\t\t\t\t\t<img width=\"300\" height=\"300\" src=\"https:\/\/rapportactivite.cjf.lu\/wp-content\/uploads\/2022\/05\/inscriptions-300x300.png\" class=\"attachment-shop_catalog size-shop_catalog\" alt=\"\" loading=\"lazy\" srcset=\"https:\/\/rapportactivite.cjf.lu\/wp-content\/uploads\/2022\/05\/inscriptions-300x300.png 300w, https:\/\/rapportactivite.cjf.lu\/wp-content\/uploads\/2022\/05\/inscriptions-150x150.png 150w, https:\/\/rapportactivite.cjf.lu\/wp-content\/uploads\/2022\/05\/inscriptions-100x100.png 100w, https:\/\/rapportactivite.cjf.lu\/wp-content\/uploads\/2022\/05\/inscriptions.png 500w\" sizes=\"(max-width: 300px) 100vw, 300px\" \/>\t\t\t\t\t\t\t\t\t\t\t\t\t\t\t<\/div>\n\t\t\t\t<\/div>\n\t\t\t\t<div class=\"elementor-element elementor-element-ddc0340 elementor-widget elementor-widget-image\" data-id=\"ddc0340\" data-element_type=\"widget\" data-widget_type=\"image.default\">\n\t\t\t\t<div class=\"elementor-widget-container\">\n\t\t\t\t\t\t\t\t\t\t\t\t\t\t\t<img width=\"300\" height=\"300\" src=\"https:\/\/rapportactivite.cjf.lu\/wp-content\/uploads\/2022\/05\/enfantspartis-300x300.png\" class=\"attachment-shop_catalog size-shop_catalog\" alt=\"\" loading=\"lazy\" srcset=\"https:\/\/rapportactivite.cjf.lu\/wp-content\/uploads\/2022\/05\/enfantspartis-300x300.png 300w, https:\/\/rapportactivite.cjf.lu\/wp-content\/uploads\/2022\/05\/enfantspartis-150x150.png 150w, https:\/\/rapportactivite.cjf.lu\/wp-content\/uploads\/2022\/05\/enfantspartis-100x100.png 100w, https:\/\/rapportactivite.cjf.lu\/wp-content\/uploads\/2022\/05\/enfantspartis.png 500w\" sizes=\"(max-width: 300px) 100vw, 300px\" \/>\t\t\t\t\t\t\t\t\t\t\t\t\t\t\t<\/div>\n\t\t\t\t<\/div>\n\t\t\t\t<div class=\"elementor-element elementor-element-d48d2ef elementor-widget elementor-widget-image\" data-id=\"d48d2ef\" data-element_type=\"widget\" data-widget_type=\"image.default\">\n\t\t\t\t<div class=\"elementor-widget-container\">\n\t\t\t\t\t\t\t\t\t\t\t\t\t\t\t<img width=\"300\" height=\"300\" src=\"https:\/\/rapportactivite.cjf.lu\/wp-content\/uploads\/2022\/05\/encadrants-300x300.png\" class=\"attachment-shop_catalog size-shop_catalog\" alt=\"\" loading=\"lazy\" srcset=\"https:\/\/rapportactivite.cjf.lu\/wp-content\/uploads\/2022\/05\/encadrants-300x300.png 300w, https:\/\/rapportactivite.cjf.lu\/wp-content\/uploads\/2022\/05\/encadrants-150x150.png 150w, https:\/\/rapportactivite.cjf.lu\/wp-content\/uploads\/2022\/05\/encadrants-100x100.png 100w, https:\/\/rapportactivite.cjf.lu\/wp-content\/uploads\/2022\/05\/encadrants.png 500w\" sizes=\"(max-width: 300px) 100vw, 300px\" \/>\t\t\t\t\t\t\t\t\t\t\t\t\t\t\t<\/div>\n\t\t\t\t<\/div>\n\t\t\t\t\t<\/div>\n\t\t<\/div>\n\t\t\t\t<div class=\"elementor-column elementor-col-50 elementor-top-column elementor-element elementor-element-ea2bcd7\" data-id=\"ea2bcd7\" data-element_type=\"column\">\n\t\t\t<div class=\"elementor-widget-wrap elementor-element-populated\">\n\t\t\t\t\t\t\t\t<div class=\"elementor-element elementor-element-7fff202 elementor-widget elementor-widget-text-editor\" data-id=\"7fff202\" data-element_type=\"widget\" data-widget_type=\"text-editor.default\">\n\t\t\t\t<div class=\"elementor-widget-container\">\n\t\t\t<style>\/*! elementor - v3.6.5 - 27-04-2022 *\/\n.elementor-widget-text-editor.elementor-drop-cap-view-stacked .elementor-drop-cap{background-color:#818a91;color:#fff}.elementor-widget-text-editor.elementor-drop-cap-view-framed .elementor-drop-cap{color:#818a91;border:3px solid;background-color:transparent}.elementor-widget-text-editor:not(.elementor-drop-cap-view-default) .elementor-drop-cap{margin-top:8px}.elementor-widget-text-editor:not(.elementor-drop-cap-view-default) .elementor-drop-cap-letter{width:1em;height:1em}.elementor-widget-text-editor .elementor-drop-cap{float:left;text-align:center;line-height:1;font-size:50px}.elementor-widget-text-editor .elementor-drop-cap-letter{display:inline-block}<\/style>\t\t\t\t<p style=\"font-weight: 400;\">Vacances pour tous&nbsp;! C\u2019est la mission au c\u0153ur de l\u2019engagement des jeunes b\u00e9n\u00e9voles de youngcaritas. Cet engagement permet \u00e0 tous les enfants entre 4 et 17 ans de partir en vacances quelle que soit leur situation famille, sociale, culturelle ou de sant\u00e9.<\/p>\n<p style=\"font-weight: 400;\">Le point culminant du camp de vacances de l&rsquo;ann\u00e9e derni\u00e8re a \u00e9t\u00e9 les deux camps Harry Potter en \u00e9t\u00e9, \u00e0 Marienthal.<\/p>\n<p style=\"font-weight: 400;\">En raison de la pand\u00e9mie de COVID-19, les 8 camps de vacances pr\u00e9vues \u00e0 l&rsquo;\u00e9tranger en 2021 ont \u00e9t\u00e9 annul\u00e9s, ainsi qu&rsquo;un camp de vacances au Luxembourg.<\/p>\n<p style=\"font-weight: 400;\">N\u00e9anmoins, 162 enfants ont pu b\u00e9n\u00e9ficier des 8 camps de vacances et ont \u00e9t\u00e9 accompagn\u00e9s par 62 jeunes accompagnateurs.<\/p>\t\t\t\t\t\t<\/div>\n\t\t\t\t<\/div>\n\t\t\t\t<div class=\"elementor-element elementor-element-3415092 elementor-aspect-ratio-169 elementor-widget elementor-widget-video\" data-id=\"3415092\" data-element_type=\"widget\" data-settings=\"{&quot;youtube_url&quot;:&quot;https:\\\/\\\/youtu.be\\\/4qofn5-K5HU&quot;,&quot;video_type&quot;:&quot;youtube&quot;,&quot;controls&quot;:&quot;yes&quot;,&quot;aspect_ratio&quot;:&quot;169&quot;}\" data-widget_type=\"video.default\">\n\t\t\t\t<div class=\"elementor-widget-container\">\n\t\t\t<style>\/*! elementor - v3.6.5 - 27-04-2022 *\/\n.elementor-widget-video .elementor-widget-container{overflow:hidden;-webkit-transform:translateZ(0);transform:translateZ(0)}.elementor-widget-video .elementor-open-inline .elementor-custom-embed-image-overlay{position:absolute;top:0;left:0;width:100%;height:100%;background-size:cover;background-position:50%}.elementor-widget-video .elementor-custom-embed-image-overlay{cursor:pointer;text-align:center}.elementor-widget-video .elementor-custom-embed-image-overlay:hover .elementor-custom-embed-play i{opacity:1}.elementor-widget-video .elementor-custom-embed-image-overlay img{display:block;width:100%}.elementor-widget-video .e-hosted-video .elementor-video{-o-object-fit:cover;object-fit:cover}<\/style>\t\t<div class=\"elementor-wrapper elementor-fit-aspect-ratio elementor-open-inline\">\n\t\t\t<div class=\"elementor-video\"><\/div>\t\t<\/div>\n\t\t\t\t<\/div>\n\t\t\t\t<\/div>\n\t\t\t\t\t<\/div>\n\t\t<\/div>\n\t\t\t\t\t\t\t<\/div>\n\t\t<\/section>\n\t\t\t\t<section class=\"elementor-section elementor-top-section elementor-element elementor-element-ddcdeb0 elementor-section-boxed elementor-section-height-default elementor-section-height-default edgtf-elementor-container-no edgtf-section edgtf-parallax-section-holder-touch-disabled edgtf-parallax-section-no\" data-id=\"ddcdeb0\" data-element_type=\"section\" data-settings=\"{&quot;background_background&quot;:&quot;classic&quot;}\">\n\t\t\t\t\t\t<div class=\"elementor-container elementor-column-gap-default\">\n\t\t\t\t\t<div class=\"elementor-column elementor-col-100 elementor-top-column elementor-element elementor-element-f02af88\" data-id=\"f02af88\" data-element_type=\"column\" data-settings=\"{&quot;background_background&quot;:&quot;classic&quot;}\">\n\t\t\t<div class=\"elementor-widget-wrap elementor-element-populated\">\n\t\t\t\t\t\t\t\t<div class=\"elementor-element elementor-element-f7db8fb elementor-widget elementor-widget-edgtf_call_to_action\" data-id=\"f7db8fb\" data-element_type=\"widget\" data-widget_type=\"edgtf_call_to_action.default\">\n\t\t\t\t<div class=\"elementor-widget-container\">\n\t\t\t\t<div class=\"edgtf-container-inner\">\n\t<div class=\"edgtf-call-to-action normal\" style=\"background-color: #FCBF48;\">\n\n\t\t\t\t\t<div class=\"edgtf-call-to-action-row-75-25 clearfix\" >\n\t\t\t\t\t\t<div class=\"edgtf-text-wrapper edgtf-call-to-action-column1 edgtf-call-to-action-cell \">\n\t\t\t\t\t<div class=\"edgtf-call-to-action-text\" style=\"text-align: center\"><p><span style=\"color: #ffffff;\">Rapport d'activit\u00e9s 2021<\/span><\/p>\t\t\t\t\t\t\t\t\t\t\t<\/div>\n\t\t\t\t<\/div>\n\n\t\t\t\t\t\t\t\t\t<div class=\"edgtf-button-wrapper edgtf-call-to-action-column2 edgtf-call-to-action-cell\" style =\"text-align:  ;\">\n\t\t\t\t\t\t<a itemprop=\"url\" href=\"http:\/\/rapportactivite.cjf.lu\/wp-content\/uploads\/2022\/06\/Rapport-dactivite\u0301s-2021-1.pdf\" target=\"_blank\" style=\"color: #FFFFFF;background-color: #FCBF48;border-color: #FFFFFF\" class=\"edgtf-btn edgtf-btn-medium edgtf-btn-solid edgtf-btn-custom-hover-bg edgtf-btn-custom-hover-color\" data-hover-bg-color=\"#FFFFFF\" data-hover-color=\"#212121\" >\t<span class=\"edgtf-btn-text\">Consulter<\/span>    <\/a>\t\t\t\t\t<\/div>\n\t\t\t\t\t\t\t<\/div>\n\t\t\t<\/div>\n\t<\/div>\n\t\t<\/div>\n\t\t\t\t<\/div>\n\t\t\t\t\t<\/div>\n\t\t<\/div>\n\t\t\t\t\t\t\t<\/div>\n\t\t<\/section>\n\t\t\t\t\t\t\t<\/div>\n\t\t","protected":false},"excerpt":{"rendered":"<p>Vacances pour tous&nbsp;! C\u2019est la mission au c\u0153ur de l\u2019engagement des jeunes b\u00e9n\u00e9voles de youngcaritas. Cet engagement permet \u00e0 tous les enfants entre 4 et 17 ans de partir en vacances quelle que soit leur situation famille, sociale, culturelle ou de sant\u00e9. Le point culminant&#8230;<\/p>\n","protected":false},"author":2,"featured_media":0,"parent":25267,"menu_order":0,"comment_status":"closed","ping_status":"closed","template":"full-width.php","meta":[],"_links":{"self":[{"href":"https:\/\/rapportactivite.cjf.lu\/index.php?rest_route=\/wp\/v2\/pages\/25322"}],"collection":[{"href":"https:\/\/rapportactivite.cjf.lu\/index.php?rest_route=\/wp\/v2\/pages"}],"about":[{"href":"https:\/\/rapportactivite.cjf.lu\/index.php?rest_route=\/wp\/v2\/types\/page"}],"author":[{"embeddable":true,"href":"https:\/\/rapportactivite.cjf.lu\/index.php?rest_route=\/wp\/v2\/users\/2"}],"replies":[{"embeddable":true,"href":"https:\/\/rapportactivite.cjf.lu\/index.php?rest_route=%2Fwp%2Fv2%2Fcomments&post=25322"}],"version-history":[{"count":32,"href":"https:\/\/rapportactivite.cjf.lu\/index.php?rest_route=\/wp\/v2\/pages\/25322\/revisions"}],"predecessor-version":[{"id":26297,"href":"https:\/\/rapportactivite.cjf.lu\/index.php?rest_route=\/wp\/v2\/pages\/25322\/revisions\/26297"}],"up":[{"embeddable":true,"href":"https:\/\/rapportactivite.cjf.lu\/index.php?rest_route=\/wp\/v2\/pages\/25267"}],"wp:attachment":[{"href":"https:\/\/rapportactivite.cjf.lu\/index.php?rest_route=%2Fwp%2Fv2%2Fmedia&parent=25322"}],"curies":[{"name":"wp","href":"https:\/\/api.w.org\/{rel}","templated":true}]}}