
{"id":25307,"date":"2022-05-19T16:03:16","date_gmt":"2022-05-19T16:03:16","guid":{"rendered":"http:\/\/rapportactivite.cjf.lu\/?page_id=25307"},"modified":"2022-08-11T09:51:55","modified_gmt":"2022-08-11T09:51:55","slug":"bibliobus","status":"publish","type":"page","link":"https:\/\/rapportactivite.cjf.lu\/?page_id=25307","title":{"rendered":"Bibliobus"},"content":{"rendered":"\t\t<div data-elementor-type=\"wp-page\" data-elementor-id=\"25307\" class=\"elementor elementor-25307\">\n\t\t\t\t\t\t\t\t\t<section class=\"elementor-section elementor-top-section elementor-element elementor-element-96f04d2 elementor-section-boxed elementor-section-height-default elementor-section-height-default edgtf-elementor-container-no edgtf-section edgtf-parallax-section-holder-touch-disabled edgtf-parallax-section-no\" data-id=\"96f04d2\" data-element_type=\"section\">\n\t\t\t\t\t\t<div class=\"elementor-container elementor-column-gap-default\">\n\t\t\t\t\t<div class=\"elementor-column elementor-col-50 elementor-top-column elementor-element elementor-element-4a008da\" data-id=\"4a008da\" data-element_type=\"column\">\n\t\t\t<div class=\"elementor-widget-wrap elementor-element-populated\">\n\t\t\t\t\t\t\t\t<div class=\"elementor-element elementor-element-0b53938 elementor-widget elementor-widget-edgtf_project_presentation\" data-id=\"0b53938\" data-element_type=\"widget\" data-widget_type=\"edgtf_project_presentation.default\">\n\t\t\t\t<div class=\"elementor-widget-container\">\n\t\t\t<div class=\"edgtf-project-presentation presentation-right edgtf-project-presentation-dark\">\n    <div class=\"edgtf-pp-content-holder\">\n        <div class=\"edgtf-pp-content-left\">\n            <div class=\"edgtf-pp-gallery\">\n                <div class=\"edgtf-pp-gallery-slider\" data-autoplay=\"3\" data-pagination=\"yes\">\n                    <img width=\"1200\" height=\"739\" src=\"https:\/\/rapportactivite.cjf.lu\/wp-content\/uploads\/2022\/05\/Photo-2.jpg\" class=\"attachment-full size-full\" alt=\"\" loading=\"lazy\" srcset=\"https:\/\/rapportactivite.cjf.lu\/wp-content\/uploads\/2022\/05\/Photo-2.jpg 1200w, https:\/\/rapportactivite.cjf.lu\/wp-content\/uploads\/2022\/05\/Photo-2-300x185.jpg 300w, https:\/\/rapportactivite.cjf.lu\/wp-content\/uploads\/2022\/05\/Photo-2-1024x631.jpg 1024w, https:\/\/rapportactivite.cjf.lu\/wp-content\/uploads\/2022\/05\/Photo-2-768x473.jpg 768w, https:\/\/rapportactivite.cjf.lu\/wp-content\/uploads\/2022\/05\/Photo-2-600x370.jpg 600w\" sizes=\"(max-width: 1200px) 100vw, 1200px\" \/><img width=\"1200\" height=\"1806\" src=\"https:\/\/rapportactivite.cjf.lu\/wp-content\/uploads\/2022\/05\/Photo-5.jpg\" class=\"attachment-full size-full\" alt=\"\" loading=\"lazy\" srcset=\"https:\/\/rapportactivite.cjf.lu\/wp-content\/uploads\/2022\/05\/Photo-5.jpg 1200w, https:\/\/rapportactivite.cjf.lu\/wp-content\/uploads\/2022\/05\/Photo-5-199x300.jpg 199w, https:\/\/rapportactivite.cjf.lu\/wp-content\/uploads\/2022\/05\/Photo-5-680x1024.jpg 680w, https:\/\/rapportactivite.cjf.lu\/wp-content\/uploads\/2022\/05\/Photo-5-768x1156.jpg 768w, https:\/\/rapportactivite.cjf.lu\/wp-content\/uploads\/2022\/05\/Photo-5-1021x1536.jpg 1021w, https:\/\/rapportactivite.cjf.lu\/wp-content\/uploads\/2022\/05\/Photo-5-600x903.jpg 600w\" sizes=\"(max-width: 1200px) 100vw, 1200px\" \/><img width=\"1200\" height=\"701\" src=\"https:\/\/rapportactivite.cjf.lu\/wp-content\/uploads\/2022\/05\/Photo-9.jpg\" class=\"attachment-full size-full\" alt=\"\" loading=\"lazy\" srcset=\"https:\/\/rapportactivite.cjf.lu\/wp-content\/uploads\/2022\/05\/Photo-9.jpg 1200w, https:\/\/rapportactivite.cjf.lu\/wp-content\/uploads\/2022\/05\/Photo-9-300x175.jpg 300w, https:\/\/rapportactivite.cjf.lu\/wp-content\/uploads\/2022\/05\/Photo-9-1024x598.jpg 1024w, https:\/\/rapportactivite.cjf.lu\/wp-content\/uploads\/2022\/05\/Photo-9-768x449.jpg 768w, https:\/\/rapportactivite.cjf.lu\/wp-content\/uploads\/2022\/05\/Photo-9-600x351.jpg 600w\" sizes=\"(max-width: 1200px) 100vw, 1200px\" \/><img width=\"1200\" height=\"797\" src=\"https:\/\/rapportactivite.cjf.lu\/wp-content\/uploads\/2022\/05\/Photo-7.jpg\" class=\"attachment-full size-full\" alt=\"\" loading=\"lazy\" srcset=\"https:\/\/rapportactivite.cjf.lu\/wp-content\/uploads\/2022\/05\/Photo-7.jpg 1200w, https:\/\/rapportactivite.cjf.lu\/wp-content\/uploads\/2022\/05\/Photo-7-300x199.jpg 300w, https:\/\/rapportactivite.cjf.lu\/wp-content\/uploads\/2022\/05\/Photo-7-1024x680.jpg 1024w, https:\/\/rapportactivite.cjf.lu\/wp-content\/uploads\/2022\/05\/Photo-7-768x510.jpg 768w, https:\/\/rapportactivite.cjf.lu\/wp-content\/uploads\/2022\/05\/Photo-7-600x399.jpg 600w\" sizes=\"(max-width: 1200px) 100vw, 1200px\" \/>                <\/div>\n            <\/div>\n        <\/div>\n        <div class=\"edgtf-pp-content-right\">\n            <div class=\"edgtf-pp-text-holder\" >\n                                <h3 class=\"edgtf-pp-title\">\n                    Walferbicherdeeg                <\/h3>\n                                                    <p class=\"edgtf-pp-subtitle\">\n                        Pr\u00e9sence du Bibliobus au Walferbicherdeeg                    <\/p>\n                \t                        <\/div>\n        <\/div>\n    <\/div>\n<\/div>\t\t<\/div>\n\t\t\t\t<\/div>\n\t\t\t\t\t<\/div>\n\t\t<\/div>\n\t\t\t\t<div class=\"elementor-column elementor-col-50 elementor-top-column elementor-element elementor-element-ea2bcd7\" data-id=\"ea2bcd7\" data-element_type=\"column\">\n\t\t\t<div class=\"elementor-widget-wrap elementor-element-populated\">\n\t\t\t\t\t\t\t\t<div class=\"elementor-element elementor-element-7fff202 elementor-widget elementor-widget-text-editor\" data-id=\"7fff202\" data-element_type=\"widget\" data-widget_type=\"text-editor.default\">\n\t\t\t\t<div class=\"elementor-widget-container\">\n\t\t\t<style>\/*! elementor - v3.6.5 - 27-04-2022 *\/\n.elementor-widget-text-editor.elementor-drop-cap-view-stacked .elementor-drop-cap{background-color:#818a91;color:#fff}.elementor-widget-text-editor.elementor-drop-cap-view-framed .elementor-drop-cap{color:#818a91;border:3px solid;background-color:transparent}.elementor-widget-text-editor:not(.elementor-drop-cap-view-default) .elementor-drop-cap{margin-top:8px}.elementor-widget-text-editor:not(.elementor-drop-cap-view-default) .elementor-drop-cap-letter{width:1em;height:1em}.elementor-widget-text-editor .elementor-drop-cap{float:left;text-align:center;line-height:1;font-size:50px}.elementor-widget-text-editor .elementor-drop-cap-letter{display:inline-block}<\/style>\t\t\t\t<p style=\"font-weight: 400;\">Le Bibliobus de CJF est une biblioth\u00e8que mobile, dont le principal objectif est d\u2019apporter une offre p\u00e9dagogique soutenant le d\u00e9veloppement de l&rsquo;\u00e9ducation linguistique, de l\u2019\u00e9ducation multilingue pr\u00e9coce et la sensibilisation \u00e0 une nouvelle attitude fondamentale \u00e0 l&rsquo;\u00e9gard des livres et de toute langue.<\/p>\n<p style=\"font-weight: 400;\">\n<\/p><p style=\"font-weight: 400;\">L\u2019acquisition du v\u00e9hicule s\u2019est faite le 23 Avril 2021 pr\u00e9cis\u00e9ment \u00e0 l\u2019occasion de la journ\u00e9e mondiale du livre. Ce v\u00e9hicule est central \u00e0 l\u2019activit\u00e9 puisqu\u2019il permet de sillonner les routes du Luxembourg, en transportant avec lui 800 livres et de multiples activit\u00e9s pour les enfants entre 0 et 4 ans.<\/p>\n<p style=\"font-weight: 400;\">\n<\/p><p style=\"font-weight: 400;\">Le Bibliobus a pu participer au Walferbicherdeeg en Novembre 2021. Le Walferbicherdeeg est un \u00e9v\u00e8nement annuel tr\u00e8s pris\u00e9, rassemblant les \u00e9diteurs du Luxembourg, les associations caritatives autour de la vente de livres ou m\u00eame de la promotion de la lecture, et les particuliers qui souhaitent acheter des livres d\u2019occasion.<\/p>\t\t\t\t\t\t<\/div>\n\t\t\t\t<\/div>\n\t\t\t\t\t<\/div>\n\t\t<\/div>\n\t\t\t\t\t\t\t<\/div>\n\t\t<\/section>\n\t\t\t\t<section class=\"elementor-section elementor-top-section elementor-element elementor-element-ddcdeb0 elementor-section-boxed elementor-section-height-default elementor-section-height-default edgtf-elementor-container-no edgtf-section edgtf-parallax-section-holder-touch-disabled edgtf-parallax-section-no\" data-id=\"ddcdeb0\" data-element_type=\"section\" data-settings=\"{&quot;background_background&quot;:&quot;classic&quot;}\">\n\t\t\t\t\t\t<div class=\"elementor-container elementor-column-gap-default\">\n\t\t\t\t\t<div class=\"elementor-column elementor-col-100 elementor-top-column elementor-element elementor-element-f02af88\" data-id=\"f02af88\" data-element_type=\"column\" data-settings=\"{&quot;background_background&quot;:&quot;classic&quot;}\">\n\t\t\t<div class=\"elementor-widget-wrap elementor-element-populated\">\n\t\t\t\t\t\t\t\t<div class=\"elementor-element elementor-element-f7db8fb elementor-widget elementor-widget-edgtf_call_to_action\" data-id=\"f7db8fb\" data-element_type=\"widget\" data-widget_type=\"edgtf_call_to_action.default\">\n\t\t\t\t<div class=\"elementor-widget-container\">\n\t\t\t\t<div class=\"edgtf-container-inner\">\n\t<div class=\"edgtf-call-to-action normal\" style=\"background-color: #FCBF48;\">\n\n\t\t\t\t\t<div class=\"edgtf-call-to-action-row-75-25 clearfix\" >\n\t\t\t\t\t\t<div class=\"edgtf-text-wrapper edgtf-call-to-action-column1 edgtf-call-to-action-cell \">\n\t\t\t\t\t<div class=\"edgtf-call-to-action-text\" style=\"text-align: center\"><p><span style=\"color: #ffffff;\">Rapport d'activit\u00e9s Bibliobus 2021<\/span><\/p>\t\t\t\t\t\t\t\t\t\t\t<\/div>\n\t\t\t\t<\/div>\n\n\t\t\t\t\t\t\t\t\t<div class=\"edgtf-button-wrapper edgtf-call-to-action-column2 edgtf-call-to-action-cell\" style =\"text-align:  ;\">\n\t\t\t\t\t\t<a itemprop=\"url\" href=\"http:\/\/rapportactivite.cjf.lu\/wp-content\/uploads\/2022\/08\/Rapport-dactivite\u0301s-2021.pdf\" target=\"_blank\" style=\"color: #FFFFFF;background-color: #FCBF48;border-color: #FFFFFF\" class=\"edgtf-btn edgtf-btn-medium edgtf-btn-solid edgtf-btn-custom-hover-bg edgtf-btn-custom-hover-color\" data-hover-bg-color=\"#FFFFFF\" data-hover-color=\"#212121\" >\t<span class=\"edgtf-btn-text\">Consulter<\/span>    <\/a>\t\t\t\t\t<\/div>\n\t\t\t\t\t\t\t<\/div>\n\t\t\t<\/div>\n\t<\/div>\n\t\t<\/div>\n\t\t\t\t<\/div>\n\t\t\t\t\t<\/div>\n\t\t<\/div>\n\t\t\t\t\t\t\t<\/div>\n\t\t<\/section>\n\t\t\t\t\t\t\t<\/div>\n\t\t","protected":false},"excerpt":{"rendered":"<p>Walferbicherdeeg Pr\u00e9sence du Bibliobus au Walferbicherdeeg Le Bibliobus de CJF est une biblioth\u00e8que mobile, dont le principal objectif est d\u2019apporter une offre p\u00e9dagogique soutenant le d\u00e9veloppement de l&rsquo;\u00e9ducation linguistique, de l\u2019\u00e9ducation multilingue pr\u00e9coce et la sensibilisation \u00e0 une nouvelle attitude fondamentale \u00e0 l&rsquo;\u00e9gard des livres&#8230;<\/p>\n","protected":false},"author":2,"featured_media":0,"parent":25267,"menu_order":0,"comment_status":"closed","ping_status":"closed","template":"full-width.php","meta":[],"_links":{"self":[{"href":"https:\/\/rapportactivite.cjf.lu\/index.php?rest_route=\/wp\/v2\/pages\/25307"}],"collection":[{"href":"https:\/\/rapportactivite.cjf.lu\/index.php?rest_route=\/wp\/v2\/pages"}],"about":[{"href":"https:\/\/rapportactivite.cjf.lu\/index.php?rest_route=\/wp\/v2\/types\/page"}],"author":[{"embeddable":true,"href":"https:\/\/rapportactivite.cjf.lu\/index.php?rest_route=\/wp\/v2\/users\/2"}],"replies":[{"embeddable":true,"href":"https:\/\/rapportactivite.cjf.lu\/index.php?rest_route=%2Fwp%2Fv2%2Fcomments&post=25307"}],"version-history":[{"count":32,"href":"https:\/\/rapportactivite.cjf.lu\/index.php?rest_route=\/wp\/v2\/pages\/25307\/revisions"}],"predecessor-version":[{"id":26348,"href":"https:\/\/rapportactivite.cjf.lu\/index.php?rest_route=\/wp\/v2\/pages\/25307\/revisions\/26348"}],"up":[{"embeddable":true,"href":"https:\/\/rapportactivite.cjf.lu\/index.php?rest_route=\/wp\/v2\/pages\/25267"}],"wp:attachment":[{"href":"https:\/\/rapportactivite.cjf.lu\/index.php?rest_route=%2Fwp%2Fv2%2Fmedia&parent=25307"}],"curies":[{"name":"wp","href":"https:\/\/api.w.org\/{rel}","templated":true}]}}