
{"id":25287,"date":"2022-05-19T15:25:49","date_gmt":"2022-05-19T15:25:49","guid":{"rendered":"http:\/\/rapportactivite.cjf.lu\/?page_id=25287"},"modified":"2022-08-18T09:04:41","modified_gmt":"2022-08-18T09:04:41","slug":"dys-positiv","status":"publish","type":"page","link":"https:\/\/rapportactivite.cjf.lu\/?page_id=25287","title":{"rendered":"Dys-Positiv"},"content":{"rendered":"\t\t<div data-elementor-type=\"wp-page\" data-elementor-id=\"25287\" class=\"elementor elementor-25287\">\n\t\t\t\t\t\t\t\t\t<section class=\"elementor-section elementor-top-section elementor-element elementor-element-96f04d2 elementor-section-boxed elementor-section-height-default elementor-section-height-default edgtf-elementor-container-no edgtf-section edgtf-parallax-section-holder-touch-disabled edgtf-parallax-section-no\" data-id=\"96f04d2\" data-element_type=\"section\">\n\t\t\t\t\t\t<div class=\"elementor-container elementor-column-gap-default\">\n\t\t\t\t\t<div class=\"elementor-column elementor-col-50 elementor-top-column elementor-element elementor-element-4a008da\" data-id=\"4a008da\" data-element_type=\"column\">\n\t\t\t<div class=\"elementor-widget-wrap elementor-element-populated\">\n\t\t\t\t\t\t\t\t<div class=\"elementor-element elementor-element-7fff202 elementor-widget elementor-widget-text-editor\" data-id=\"7fff202\" data-element_type=\"widget\" data-widget_type=\"text-editor.default\">\n\t\t\t\t<div class=\"elementor-widget-container\">\n\t\t\t<style>\/*! elementor - v3.6.5 - 27-04-2022 *\/\n.elementor-widget-text-editor.elementor-drop-cap-view-stacked .elementor-drop-cap{background-color:#818a91;color:#fff}.elementor-widget-text-editor.elementor-drop-cap-view-framed .elementor-drop-cap{color:#818a91;border:3px solid;background-color:transparent}.elementor-widget-text-editor:not(.elementor-drop-cap-view-default) .elementor-drop-cap{margin-top:8px}.elementor-widget-text-editor:not(.elementor-drop-cap-view-default) .elementor-drop-cap-letter{width:1em;height:1em}.elementor-widget-text-editor .elementor-drop-cap{float:left;text-align:center;line-height:1;font-size:50px}.elementor-widget-text-editor .elementor-drop-cap-letter{display:inline-block}<\/style>\t\t\t\t<p>Le Dys-Positiv est un service d\u00e9di\u00e9 aux diagnostics et r\u00e9\u00e9ducations des troubles de l\u2019apprentissage.<\/p>\n<p style=\"font-weight: 400;\">L\u2019\u00e9quipe multidisciplinaire r\u00e9unit des professionnels form\u00e9s dans les disciplines suivantes&nbsp;: psychologie, orthophonie, ergoth\u00e9rapie, sciences de l\u2019\u00e9ducation et p\u00e9dagogie.<\/p>\n<p style=\"font-weight: 400;\">La mission de l\u2019\u00e9quipe du Dys-Positiv est de permettre aux enfants et aux jeunes en difficult\u00e9s scolaires de d\u00e9velopper leur potentiel. L\u2019\u00e9quipe agit en vue de&nbsp;:<\/p>\n<ul>\n<li>Renforcer les comp\u00e9tences en lecture, en \u00e9criture et en calcul<\/li>\n<li>Transmettre des strat\u00e9gies d\u2019apprentissage efficaces<\/li>\n<li>Soutenir le d\u00e9sir d\u2019apprendre des jeunes et des enfants en leur redonnant confiance en eux.<\/li>\n<\/ul>\n<p style=\"font-weight: 400;\">Ensemble nous \u0153uvrons pour soutenir parents et enfants, du diagnostic \u00e0 la prise en charge, afin d\u2019am\u00e9liorer l\u2019int\u00e9gration scolaire et la qualit\u00e9 de vie des enfants et des jeunes souffrant de troubles de l\u2019apprentissage.<\/p>\n<p style=\"font-weight: 400;\">Apr\u00e8s une ann\u00e9e 2020 atypique, le bilan 2021 fait appara\u00eetre des chiffres en forte hausse: le nombre de s\u00e9ances diagnostiques grimpe de 58 % par rapport \u00e0 2020. Les activit\u00e9s th\u00e9rapeutiques augmentent elles aussi de 22%. Au total, Dys-Positiv a accompagn\u00e9 et suivi 151 jeunes, un nombre en augmentation de 18% par rapport \u00e0 l\u2019ann\u00e9e derni\u00e8re (+23 enfants).<\/p>\n<p style=\"font-weight: 400;\">L\u2019\u00e9quipe s\u2019est \u00e9galement r\u00e9organis\u00e9e afin de r\u00e9pondre \u00e0 l&rsquo;augmentation des demandes. L&rsquo;\u00e9quipe a notamment mis l&rsquo;accent sur :&nbsp;<\/p>\n<ul>\n<li style=\"font-weight: 400;\"><span style=\"color: var( --e-global-color-text ); font-family: var( --e-global-typography-text-font-family ), Sans-serif;\">Prioriser les activit\u00e9s diagnostiques;<\/span><\/li>\n<li style=\"font-weight: 400;\"><span style=\"color: var( --e-global-color-text ); font-family: var( --e-global-typography-text-font-family ), Sans-serif;\">V\u00e9rifier la pertinence des demandes d\u2019admission;<\/span><\/li>\n<li style=\"font-weight: 400;\"><span style=\"color: var( --e-global-color-text ); font-family: var( --e-global-typography-text-font-family ), Sans-serif;\">Et renforcer l\u2019\u00e9quipe.&nbsp;&nbsp;<\/span><\/li>\n<\/ul>\t\t\t\t\t\t<\/div>\n\t\t\t\t<\/div>\n\t\t\t\t\t<\/div>\n\t\t<\/div>\n\t\t\t\t<div class=\"elementor-column elementor-col-50 elementor-top-column elementor-element elementor-element-ea2bcd7\" data-id=\"ea2bcd7\" data-element_type=\"column\">\n\t\t\t<div class=\"elementor-widget-wrap elementor-element-populated\">\n\t\t\t\t\t\t\t\t<div class=\"elementor-element elementor-element-906324b elementor-widget elementor-widget-image\" data-id=\"906324b\" data-element_type=\"widget\" data-widget_type=\"image.default\">\n\t\t\t\t<div class=\"elementor-widget-container\">\n\t\t\t<style>\/*! elementor - v3.6.5 - 27-04-2022 *\/\n.elementor-widget-image{text-align:center}.elementor-widget-image a{display:inline-block}.elementor-widget-image a img[src$=\".svg\"]{width:48px}.elementor-widget-image img{vertical-align:middle;display:inline-block}<\/style>\t\t\t\t\t\t\t\t\t\t\t\t<img width=\"300\" height=\"300\" src=\"https:\/\/rapportactivite.cjf.lu\/wp-content\/uploads\/2022\/05\/Enfants-suivis-300x300.png\" class=\"attachment-woocommerce_thumbnail size-woocommerce_thumbnail\" alt=\"\" loading=\"lazy\" srcset=\"https:\/\/rapportactivite.cjf.lu\/wp-content\/uploads\/2022\/05\/Enfants-suivis-300x300.png 300w, https:\/\/rapportactivite.cjf.lu\/wp-content\/uploads\/2022\/05\/Enfants-suivis-150x150.png 150w, https:\/\/rapportactivite.cjf.lu\/wp-content\/uploads\/2022\/05\/Enfants-suivis-100x100.png 100w, https:\/\/rapportactivite.cjf.lu\/wp-content\/uploads\/2022\/05\/Enfants-suivis.png 500w\" sizes=\"(max-width: 300px) 100vw, 300px\" \/>\t\t\t\t\t\t\t\t\t\t\t\t\t\t\t<\/div>\n\t\t\t\t<\/div>\n\t\t\t\t<div class=\"elementor-element elementor-element-9716f4c elementor-widget elementor-widget-image\" data-id=\"9716f4c\" data-element_type=\"widget\" data-widget_type=\"image.default\">\n\t\t\t\t<div class=\"elementor-widget-container\">\n\t\t\t\t\t\t\t\t\t\t\t\t\t\t\t<img width=\"300\" height=\"300\" src=\"https:\/\/rapportactivite.cjf.lu\/wp-content\/uploads\/2022\/05\/admissions-300x300.png\" class=\"attachment-medium size-medium\" alt=\"\" loading=\"lazy\" srcset=\"https:\/\/rapportactivite.cjf.lu\/wp-content\/uploads\/2022\/05\/admissions-300x300.png 300w, https:\/\/rapportactivite.cjf.lu\/wp-content\/uploads\/2022\/05\/admissions-150x150.png 150w, https:\/\/rapportactivite.cjf.lu\/wp-content\/uploads\/2022\/05\/admissions-100x100.png 100w, https:\/\/rapportactivite.cjf.lu\/wp-content\/uploads\/2022\/05\/admissions.png 500w\" sizes=\"(max-width: 300px) 100vw, 300px\" \/>\t\t\t\t\t\t\t\t\t\t\t\t\t\t\t<\/div>\n\t\t\t\t<\/div>\n\t\t\t\t<div class=\"elementor-element elementor-element-f89698f elementor-widget elementor-widget-image\" data-id=\"f89698f\" data-element_type=\"widget\" data-widget_type=\"image.default\">\n\t\t\t\t<div class=\"elementor-widget-container\">\n\t\t\t\t\t\t\t\t\t\t\t\t\t\t\t<img width=\"300\" height=\"300\" src=\"https:\/\/rapportactivite.cjf.lu\/wp-content\/uploads\/2022\/05\/evaldiagn-300x300.png\" class=\"attachment-woocommerce_thumbnail size-woocommerce_thumbnail\" alt=\"\" loading=\"lazy\" srcset=\"https:\/\/rapportactivite.cjf.lu\/wp-content\/uploads\/2022\/05\/evaldiagn-300x300.png 300w, https:\/\/rapportactivite.cjf.lu\/wp-content\/uploads\/2022\/05\/evaldiagn-150x150.png 150w, https:\/\/rapportactivite.cjf.lu\/wp-content\/uploads\/2022\/05\/evaldiagn-100x100.png 100w, https:\/\/rapportactivite.cjf.lu\/wp-content\/uploads\/2022\/05\/evaldiagn.png 500w\" sizes=\"(max-width: 300px) 100vw, 300px\" \/>\t\t\t\t\t\t\t\t\t\t\t\t\t\t\t<\/div>\n\t\t\t\t<\/div>\n\t\t\t\t<div class=\"elementor-element elementor-element-b7ec486 elementor-widget elementor-widget-image\" data-id=\"b7ec486\" data-element_type=\"widget\" data-widget_type=\"image.default\">\n\t\t\t\t<div class=\"elementor-widget-container\">\n\t\t\t\t\t\t\t\t\t\t\t\t\t\t\t<img width=\"300\" height=\"300\" src=\"https:\/\/rapportactivite.cjf.lu\/wp-content\/uploads\/2022\/05\/Sthera-300x300.png\" class=\"attachment-woocommerce_thumbnail size-woocommerce_thumbnail\" alt=\"\" loading=\"lazy\" srcset=\"https:\/\/rapportactivite.cjf.lu\/wp-content\/uploads\/2022\/05\/Sthera-300x300.png 300w, https:\/\/rapportactivite.cjf.lu\/wp-content\/uploads\/2022\/05\/Sthera-150x150.png 150w, https:\/\/rapportactivite.cjf.lu\/wp-content\/uploads\/2022\/05\/Sthera-100x100.png 100w, https:\/\/rapportactivite.cjf.lu\/wp-content\/uploads\/2022\/05\/Sthera.png 500w\" sizes=\"(max-width: 300px) 100vw, 300px\" \/>\t\t\t\t\t\t\t\t\t\t\t\t\t\t\t<\/div>\n\t\t\t\t<\/div>\n\t\t\t\t\t<\/div>\n\t\t<\/div>\n\t\t\t\t\t\t\t<\/div>\n\t\t<\/section>\n\t\t\t\t<section class=\"elementor-section elementor-top-section elementor-element elementor-element-ddcdeb0 elementor-section-boxed elementor-section-height-default elementor-section-height-default edgtf-elementor-container-no edgtf-section edgtf-parallax-section-holder-touch-disabled edgtf-parallax-section-no\" data-id=\"ddcdeb0\" data-element_type=\"section\" data-settings=\"{&quot;background_background&quot;:&quot;classic&quot;}\">\n\t\t\t\t\t\t<div class=\"elementor-container elementor-column-gap-default\">\n\t\t\t\t\t<div class=\"elementor-column elementor-col-100 elementor-top-column elementor-element elementor-element-f02af88\" data-id=\"f02af88\" data-element_type=\"column\" data-settings=\"{&quot;background_background&quot;:&quot;classic&quot;}\">\n\t\t\t<div class=\"elementor-widget-wrap elementor-element-populated\">\n\t\t\t\t\t\t\t\t<div class=\"elementor-element elementor-element-f7db8fb elementor-widget elementor-widget-edgtf_call_to_action\" data-id=\"f7db8fb\" data-element_type=\"widget\" data-widget_type=\"edgtf_call_to_action.default\">\n\t\t\t\t<div class=\"elementor-widget-container\">\n\t\t\t\t<div class=\"edgtf-container-inner\">\n\t<div class=\"edgtf-call-to-action normal\" style=\"background-color: #FCBF48;\">\n\n\t\t\t\t\t<div class=\"edgtf-call-to-action-row-75-25 clearfix\" >\n\t\t\t\t\t\t<div class=\"edgtf-text-wrapper edgtf-call-to-action-column1 edgtf-call-to-action-cell \">\n\t\t\t\t\t<div class=\"edgtf-call-to-action-text\" style=\"text-align: center\"><p><span style=\"color: #ffffff;\">Notre d\u00e9pliant officiel<\/span><\/p>\t\t\t\t\t\t\t\t\t\t\t<\/div>\n\t\t\t\t<\/div>\n\n\t\t\t\t\t\t\t\t\t<div class=\"edgtf-button-wrapper edgtf-call-to-action-column2 edgtf-call-to-action-cell\" style =\"text-align:  ;\">\n\t\t\t\t\t\t<a itemprop=\"url\" href=\"http:\/\/rapportactivite.cjf.lu\/wp-content\/uploads\/2022\/06\/FlyerDys.pdf\" target=\"_blank\" style=\"color: #FFFFFF;background-color: #FCBF48;border-color: #FFFFFF\" class=\"edgtf-btn edgtf-btn-medium edgtf-btn-solid edgtf-btn-custom-hover-bg edgtf-btn-custom-hover-color\" data-hover-bg-color=\"#FFFFFF\" data-hover-color=\"#212121\" >\t<span class=\"edgtf-btn-text\">D\u00e9pliant<\/span>    <\/a>\t\t\t\t\t<\/div>\n\t\t\t\t\t\t\t<\/div>\n\t\t\t<\/div>\n\t<\/div>\n\t\t<\/div>\n\t\t\t\t<\/div>\n\t\t\t\t<div class=\"elementor-element elementor-element-66181de elementor-widget-divider--view-line elementor-widget elementor-widget-divider\" data-id=\"66181de\" data-element_type=\"widget\" data-widget_type=\"divider.default\">\n\t\t\t\t<div class=\"elementor-widget-container\">\n\t\t\t<style>\/*! elementor - v3.6.5 - 27-04-2022 *\/\n.elementor-widget-divider{--divider-border-style:none;--divider-border-width:1px;--divider-color:#2c2c2c;--divider-icon-size:20px;--divider-element-spacing:10px;--divider-pattern-height:24px;--divider-pattern-size:20px;--divider-pattern-url:none;--divider-pattern-repeat:repeat-x}.elementor-widget-divider .elementor-divider{display:-webkit-box;display:-ms-flexbox;display:flex}.elementor-widget-divider .elementor-divider__text{font-size:15px;line-height:1;max-width:95%}.elementor-widget-divider .elementor-divider__element{margin:0 var(--divider-element-spacing);-ms-flex-negative:0;flex-shrink:0}.elementor-widget-divider .elementor-icon{font-size:var(--divider-icon-size)}.elementor-widget-divider .elementor-divider-separator{display:-webkit-box;display:-ms-flexbox;display:flex;margin:0;direction:ltr}.elementor-widget-divider--view-line_icon .elementor-divider-separator,.elementor-widget-divider--view-line_text .elementor-divider-separator{-webkit-box-align:center;-ms-flex-align:center;align-items:center}.elementor-widget-divider--view-line_icon .elementor-divider-separator:after,.elementor-widget-divider--view-line_icon .elementor-divider-separator:before,.elementor-widget-divider--view-line_text .elementor-divider-separator:after,.elementor-widget-divider--view-line_text .elementor-divider-separator:before{display:block;content:\"\";border-bottom:0;-webkit-box-flex:1;-ms-flex-positive:1;flex-grow:1;border-top:var(--divider-border-width) var(--divider-border-style) var(--divider-color)}.elementor-widget-divider--element-align-left .elementor-divider .elementor-divider-separator>.elementor-divider__svg:first-of-type{-webkit-box-flex:0;-ms-flex-positive:0;flex-grow:0;-ms-flex-negative:100;flex-shrink:100}.elementor-widget-divider--element-align-left .elementor-divider-separator:before{content:none}.elementor-widget-divider--element-align-left .elementor-divider__element{margin-left:0}.elementor-widget-divider--element-align-right .elementor-divider .elementor-divider-separator>.elementor-divider__svg:last-of-type{-webkit-box-flex:0;-ms-flex-positive:0;flex-grow:0;-ms-flex-negative:100;flex-shrink:100}.elementor-widget-divider--element-align-right .elementor-divider-separator:after{content:none}.elementor-widget-divider--element-align-right .elementor-divider__element{margin-right:0}.elementor-widget-divider:not(.elementor-widget-divider--view-line_text):not(.elementor-widget-divider--view-line_icon) .elementor-divider-separator{border-top:var(--divider-border-width) var(--divider-border-style) var(--divider-color)}.elementor-widget-divider--separator-type-pattern{--divider-border-style:none}.elementor-widget-divider--separator-type-pattern.elementor-widget-divider--view-line .elementor-divider-separator,.elementor-widget-divider--separator-type-pattern:not(.elementor-widget-divider--view-line) .elementor-divider-separator:after,.elementor-widget-divider--separator-type-pattern:not(.elementor-widget-divider--view-line) .elementor-divider-separator:before,.elementor-widget-divider--separator-type-pattern:not([class*=elementor-widget-divider--view]) .elementor-divider-separator{width:100%;min-height:var(--divider-pattern-height);-webkit-mask-size:var(--divider-pattern-size) 100%;mask-size:var(--divider-pattern-size) 100%;-webkit-mask-repeat:var(--divider-pattern-repeat);mask-repeat:var(--divider-pattern-repeat);background-color:var(--divider-color);-webkit-mask-image:var(--divider-pattern-url);mask-image:var(--divider-pattern-url)}.elementor-widget-divider--no-spacing{--divider-pattern-size:auto}.elementor-widget-divider--bg-round{--divider-pattern-repeat:round}.rtl .elementor-widget-divider .elementor-divider__text{direction:rtl}<\/style>\t\t<div class=\"elementor-divider\">\n\t\t\t<span class=\"elementor-divider-separator\">\n\t\t\t\t\t\t<\/span>\n\t\t<\/div>\n\t\t\t\t<\/div>\n\t\t\t\t<\/div>\n\t\t\t\t<div class=\"elementor-element elementor-element-cd1fe0e elementor-widget elementor-widget-edgtf_call_to_action\" data-id=\"cd1fe0e\" data-element_type=\"widget\" data-widget_type=\"edgtf_call_to_action.default\">\n\t\t\t\t<div class=\"elementor-widget-container\">\n\t\t\t\t<div class=\"edgtf-container-inner\">\n\t<div class=\"edgtf-call-to-action normal\" style=\"background-color: #FCBF48;\">\n\n\t\t\t\t\t<div class=\"edgtf-call-to-action-row-75-25 clearfix\" >\n\t\t\t\t\t\t<div class=\"edgtf-text-wrapper edgtf-call-to-action-column1 edgtf-call-to-action-cell \">\n\t\t\t\t\t<div class=\"edgtf-call-to-action-text\" style=\"text-align: center\"><span style=\"color: #ffffff;\">Rapport d'activit\u00e9s Dys-Positiv 2021<\/span>\t\t\t\t\t\t\t\t\t\t\t<\/div>\n\t\t\t\t<\/div>\n\n\t\t\t\t\t\t\t\t\t<div class=\"edgtf-button-wrapper edgtf-call-to-action-column2 edgtf-call-to-action-cell\" style =\"text-align:  ;\">\n\t\t\t\t\t\t<a itemprop=\"url\" href=\"http:\/\/rapportactivite.cjf.lu\/wp-content\/uploads\/2022\/05\/DysRapportactivites2021.pdf\" target=\"_blank\" style=\"color: #FFFFFF;background-color: #FCBF48;border-color: #FFFFFF\" class=\"edgtf-btn edgtf-btn-medium edgtf-btn-solid edgtf-btn-custom-hover-bg edgtf-btn-custom-hover-color\" data-hover-bg-color=\"#FFFFFF\" data-hover-color=\"#212121\" >\t<span class=\"edgtf-btn-text\">Consulter<\/span>    <\/a>\t\t\t\t\t<\/div>\n\t\t\t\t\t\t\t<\/div>\n\t\t\t<\/div>\n\t<\/div>\n\t\t<\/div>\n\t\t\t\t<\/div>\n\t\t\t\t\t<\/div>\n\t\t<\/div>\n\t\t\t\t\t\t\t<\/div>\n\t\t<\/section>\n\t\t\t\t\t\t\t<\/div>\n\t\t","protected":false},"excerpt":{"rendered":"<p>Le Dys-Positiv est un service d\u00e9di\u00e9 aux diagnostics et r\u00e9\u00e9ducations des troubles de l\u2019apprentissage. L\u2019\u00e9quipe multidisciplinaire r\u00e9unit des professionnels form\u00e9s dans les disciplines suivantes&nbsp;: psychologie, orthophonie, ergoth\u00e9rapie, sciences de l\u2019\u00e9ducation et p\u00e9dagogie. La mission de l\u2019\u00e9quipe du Dys-Positiv est de permettre aux enfants et aux&#8230;<\/p>\n","protected":false},"author":2,"featured_media":0,"parent":25267,"menu_order":0,"comment_status":"closed","ping_status":"closed","template":"full-width.php","meta":[],"_links":{"self":[{"href":"https:\/\/rapportactivite.cjf.lu\/index.php?rest_route=\/wp\/v2\/pages\/25287"}],"collection":[{"href":"https:\/\/rapportactivite.cjf.lu\/index.php?rest_route=\/wp\/v2\/pages"}],"about":[{"href":"https:\/\/rapportactivite.cjf.lu\/index.php?rest_route=\/wp\/v2\/types\/page"}],"author":[{"embeddable":true,"href":"https:\/\/rapportactivite.cjf.lu\/index.php?rest_route=\/wp\/v2\/users\/2"}],"replies":[{"embeddable":true,"href":"https:\/\/rapportactivite.cjf.lu\/index.php?rest_route=%2Fwp%2Fv2%2Fcomments&post=25287"}],"version-history":[{"count":57,"href":"https:\/\/rapportactivite.cjf.lu\/index.php?rest_route=\/wp\/v2\/pages\/25287\/revisions"}],"predecessor-version":[{"id":26373,"href":"https:\/\/rapportactivite.cjf.lu\/index.php?rest_route=\/wp\/v2\/pages\/25287\/revisions\/26373"}],"up":[{"embeddable":true,"href":"https:\/\/rapportactivite.cjf.lu\/index.php?rest_route=\/wp\/v2\/pages\/25267"}],"wp:attachment":[{"href":"https:\/\/rapportactivite.cjf.lu\/index.php?rest_route=%2Fwp%2Fv2%2Fmedia&parent=25287"}],"curies":[{"name":"wp","href":"https:\/\/api.w.org\/{rel}","templated":true}]}}